{"id":5702,"date":"2023-02-28T15:25:57","date_gmt":"2023-02-28T14:25:57","guid":{"rendered":"https:\/\/www.explora-sicilia.com\/contacts\/"},"modified":"2024-01-31T16:54:05","modified_gmt":"2024-01-31T15:54:05","slug":"contatti","status":"publish","type":"page","link":"https:\/\/www.explora-sicilia.com\/it\/contatti\/","title":{"rendered":"Contatti"},"content":{"rendered":"\n<!-- SPACER -->\n<\/div>\n<div   class=\"spacer l-d-spacer bg-white \">\n    &nbsp;<\/div>\n<div class=\"cms-content\">\n<!-- \/\/ SPACER -->\n\n\n<\/div>\n<div class=\"text-iframe \">\n  <div class=\"text-iframe__container container flex flex-row\">\n    <div class=\"text-iframe__column text-iframe__column-text\">\n      <div class=\"text-iframer__text-wrap\">\n\n\t\t\t\t        <div class=\"text-iframe__paragraphs fade\">\n          <h2 class=\"h2\">Explora Natura e Sport<\/h2>\n<p>&nbsp;<\/p>\n<p>Via Marche, 35 \/ 37, Palermo<\/p>\n<p><br data-rich-text-line-break=\"true\" \/>Email: <a href=\"mailto:info@explora-sicilia.com\">info@explora-sicilia.com<\/a><\/p>\n<p><br data-rich-text-line-break=\"true\" \/>Telefono:\u00a0<a href=\"tel:+390916709894\">+(39) 091 670 98 94<\/a><\/p>\n<p><br data-rich-text-line-break=\"true\" \/>Fax:\u00a0+(39) 091 670 93 87<\/p>\n        <\/div>\n\t\t\t\t\n\n      <\/div>\n    <\/div>\n\n\t\t\t    <div class=\"text-iframe__column text-iframe__column-media fade min-height\">\n\t      <iframe src=\"https:\/\/www.google.com\/maps\/embed?pb=!1m18!1m12!1m3!1d959.5826776284953!2d13.332715775023708!3d38.14376561955304!2m3!1f0!2f0!3f0!3m2!1i1024!2i768!4f13.1!3m3!1m2!1s0x1319e8caf7c21abf%3A0x2b0013215e898db6!2sExplora%20Natura%20%26%20Sport!5e0!3m2!1sit!2sit!4v1678959038175!5m2!1sit!2sit\" width=\"600\" height=\"450\" style=\"border:0;\" allowfullscreen=\"\" loading=\"lazy\" referrerpolicy=\"no-referrer-when-downgrade\"><\/iframe>\t    <\/div>\n\t\t\n  <\/div>\n<\/div>\n<div class=\"cms-content\">\n\n\n\n<!-- SPACER -->\n<\/div>\n<div   class=\"spacer l-d-spacer bg-white \">\n    &nbsp;<\/div>\n<div class=\"cms-content\">\n<!-- \/\/ SPACER -->\n\n\n<\/div>\n<!-- FORM -->\n<div class=\"block-contact-form bg-light \" id=\"form-info\">\n    <div class=\"block-contact-form__container container\">\n        \n<div class=\"wpcf7 no-js\" id=\"wpcf7-f273-o1\" lang=\"it-IT\" dir=\"ltr\" data-wpcf7-id=\"273\">\n<div class=\"screen-reader-response\"><p role=\"status\" aria-live=\"polite\" aria-atomic=\"true\"><\/p> <ul><\/ul><\/div>\n<form action=\"\/it\/wp-json\/wp\/v2\/pages\/5702#wpcf7-f273-o1\" method=\"post\" class=\"wpcf7-form init\" aria-label=\"Modulo di contatto\" novalidate=\"novalidate\" data-status=\"init\">\n<fieldset class=\"hidden-fields-container\"><input type=\"hidden\" name=\"_wpcf7\" value=\"273\" \/><input type=\"hidden\" name=\"_wpcf7_version\" value=\"6.1.5\" \/><input type=\"hidden\" name=\"_wpcf7_locale\" value=\"it_IT\" \/><input type=\"hidden\" name=\"_wpcf7_unit_tag\" value=\"wpcf7-f273-o1\" \/><input type=\"hidden\" name=\"_wpcf7_container_post\" value=\"0\" \/><input type=\"hidden\" name=\"_wpcf7_posted_data_hash\" value=\"\" \/><input type=\"hidden\" name=\"_wpcf7_recaptcha_response\" value=\"\" \/>\n<\/fieldset>\n<div class=\"form\">\n\t<div class=\"box-columns flex input-box\">\n\t\t<div class=\"form-item\">\n\t\t\t<p><label for=\"nome\"><span class=\"label-text\">Nome*<\/span> <span class=\"wpcf7-form-control-wrap\" data-name=\"nome\"><input size=\"40\" maxlength=\"400\" class=\"wpcf7-form-control wpcf7-text wpcf7-validates-as-required\" id=\"nome\" aria-required=\"true\" aria-invalid=\"false\" value=\"\" type=\"text\" name=\"nome\" \/><\/span><\/label>\n\t\t\t<\/p>\n\t\t<\/div>\n\t\t<div class=\"form-item\">\n\t\t\t<p><label for=\"cognome\"><span class=\"label-text\">Cognome*<\/span> <span class=\"wpcf7-form-control-wrap\" data-name=\"cognome\"><input size=\"40\" maxlength=\"400\" class=\"wpcf7-form-control wpcf7-text wpcf7-validates-as-required\" id=\"cognome\" aria-required=\"true\" aria-invalid=\"false\" value=\"\" type=\"text\" name=\"cognome\" \/><\/span><\/label>\n\t\t\t<\/p>\n\t\t<\/div>\n\t<\/div>\n\t<div class=\"box-columns flex input-box\">\n\t\t<div class=\"form-item\">\n\t\t\t<p><label for=\"email\"><span class=\"label-text\">Email*<\/span> <span class=\"wpcf7-form-control-wrap\" data-name=\"email\"><input size=\"40\" maxlength=\"400\" class=\"wpcf7-form-control wpcf7-email wpcf7-validates-as-required wpcf7-text wpcf7-validates-as-email\" id=\"email\" aria-required=\"true\" aria-invalid=\"false\" value=\"\" type=\"email\" name=\"email\" \/><\/span><\/label>\n\t\t\t<\/p>\n\t\t<\/div>\n\t\t<div class=\"form-item\">\n\t\t\t<p><label for=\"tel\"><span class=\"label-text\">Telefono*<\/span> <span class=\"wpcf7-form-control-wrap\" data-name=\"tel\"><input size=\"40\" maxlength=\"400\" class=\"wpcf7-form-control wpcf7-tel wpcf7-validates-as-required wpcf7-text wpcf7-validates-as-tel\" id=\"tel\" aria-required=\"true\" aria-invalid=\"false\" value=\"\" type=\"tel\" name=\"tel\" \/><\/span><\/label>\n\t\t\t<\/p>\n\t\t<\/div>\n\t<\/div>\n\t<div class=\"box-columns flex input-box\">\n\t\t<div class=\"form-item\">\n\t\t\t<p><label for=\"messaggio\"><span class=\"label-text\">Messaggio*<\/span> <span class=\"wpcf7-form-control-wrap\" data-name=\"messaggio\"><textarea cols=\"40\" rows=\"6\" maxlength=\"2000\" class=\"wpcf7-form-control wpcf7-textarea wpcf7-validates-as-required\" id=\"messaggio\" aria-required=\"true\" aria-invalid=\"false\" name=\"messaggio\"><\/textarea><\/span><\/label>\n\t\t\t<\/p>\n\t\t<\/div>\n\t<\/div>\n\t<div class=\"box-columns flex flex-wrap\">\n\t\t<div class=\"col-12 required\">\n\t\t\t<p>*Campi obbligatori\n\t\t\t<\/p>\n\t\t<\/div>\n\t<\/div>\n\t<div class=\"box-columns box-acceptance\">\n\t\t<div class=\"col-12\">\n\t\t\t<div class=\"dichiarazione_consenso\">\n\t\t\t\t<div class=\"form-item\">\n\t\t\t\t\t<p><span class=\"title-dichiarazione h3\">Dichiarazione di consenso<\/span>\n\t\t\t\t\t<\/p>\n\t\t\t\t<\/div>\n\t\t\t\t<div class=\"im-accordion-form\">\n\t\t\t\t\t<div class=\"im-accordion__toggle flex justify-content-between align-items-center\" data-accordion=\"dichiarazione-accordion\" data-group=\"contact-group-1\" data-close=\"true\">\n\t\t\t\t\t\t<div class=\"im-accordion__title h4\">\n\t\t\t\t\t\t\t<p><u>Letta l&#8217;informativa:<\/u>\n\t\t\t\t\t\t\t<\/p>\n\t\t\t\t\t\t<\/div>\n\t\t\t\t\t\t<div class=\"im-accordion__icon icon-close\">\n\t\t\t\t\t\t\t<p><svg xmlns=\"http:\/\/www.w3.org\/2000\/svg\" xmlns:xlink=\"http:\/\/www.w3.org\/1999\/xlink\" shape-rendering=\"geometricPrecision\" class=\"close\"><use xlink:href=\"https:\/\/circolotennis-palermo-it.im-media.it\/wp-content\/themes\/circolotennis.palermo.it\/assets\/build\/spritemap.svg#ico_plus\"><\/use><\/svg>\n\t\t\t\t\t\t\t<\/p>\n\t\t\t\t\t\t<\/div>\n\t\t\t\t\t<\/div>\n\t\t\t\t\t<div class=\"im-accordion__content\" data-accordion=\"dichiarazione-accordion\">\n\t\t\t\t\t\t<div data-wrapper-height=\"\">\n\t\t\t\t\t\t\t<p><strong>INFORMATIVA ART. 13 Regolamento UE 2016\/679 (&#8220;GDPR&#8221;):<\/strong>&nbsp;I dati personali raccolti all\u2019interno della presente pagina web saranno trattati in formato cartaceo ed elettronico per le seguenti finalit\u00e0:\n\t\t\t\t\t\t\t<\/p>\n\t\t\t\t\t\t\t<p>a) Per dare esecuzione alla sua richiesta d\u2019informazioni relativamente ai nostri prodotti o per ricevere informazioni sui nostri rivenditori;\n\t\t\t\t\t\t\t<\/p>\n\t\t\t\t\t\t\t<p>b) per l\u2019invio di comunicazioni informative e commerciali, anche di natura promozionale (ivi compresa la nostra newsletter), di materiale pubblicitario e\/o di offerte di beni e di servizi, con qualsiasi mezzo (conosciuto o non), ivi compreso, a titolo esemplificativo e non esaustivo, posta, Internet, telefono, E-mail, MMS, SMS. ecc\n\t\t\t\t\t\t\t<\/p>\n\t\t\t\t\t\t\t<p>La natura del conferimento dei suoi dati per la finalit\u00e0 di cui al punto a) \u00e8 necessaria per poter soddisfare la sua richiesta di informazioni, dove un suo eventuale rifiuto potrebbe pregiudicare tale possibilit\u00e0; mentre per le finalit\u00e0 di cui al punto b) il conferimento dei vs dati \u00e8 facoltativo, dove un diniego non avr\u00e0 alcuna conseguenza in relazione alla finalit\u00e0 di cui al punto a). Tali dati saranno trattati da personale interno, comunicati esclusivamente a soggetti autorizzati, e non saranno oggetto di diffusione. Relativamente ai dati conferiti, potrete esercitare i diritti previsti dall\u2019articolo 7, inviando apposita istanza scritta al Titolare del Trattamento: Explora s.r.l &#8211; P.IVA 04946810829 &#8211; info@explora-sicilia.com\n\t\t\t\t\t\t\t<\/p>\n\t\t\t\t\t\t<\/div>\n\t\t\t\t\t<\/div>\n\t\t\t\t<\/div>\n\t\t\t<\/div>\n\t\t\t<div class=\"form-item radios--wrapper\">\n\t\t\t\t<legend><br \/>\n<span class=\"fieldset-legend js-form-required form-required\">Acconsento che i dati personali vengano utilizzati per le finalit\u00e0 di cui al punto a) (richiesta di informazioni)*<\/span>\n\t\t\t\t<\/legend>\n\t\t\t\t<div class=\"fieldset-wrapper\">\n\t\t\t\t\t<p><span class=\"wpcf7-form-control-wrap\" data-name=\"acceptance-a\"><span class=\"wpcf7-form-control wpcf7-radio\"><span class=\"wpcf7-list-item first\"><label><input type=\"radio\" name=\"acceptance-a\" value=\"Si\" \/><span class=\"wpcf7-list-item-label\">Si<\/span><\/label><\/span><span class=\"wpcf7-list-item last\"><label><input type=\"radio\" name=\"acceptance-a\" value=\"No\" \/><span class=\"wpcf7-list-item-label\">No<\/span><\/label><\/span><\/span><\/span>\n\t\t\t\t\t<\/p>\n\t\t\t\t<\/div>\n\t\t\t<\/div>\n\t\t\t<div class=\"form-item radios--wrapper\">\n\t\t\t\t<legend><br \/>\n<span class=\"fieldset-legend js-form-required form-required\">Acconsento che i dati personali vengano utilizzati per le finalit\u00e0 di cui al punto b) (marketing)*<\/span>\n\t\t\t\t<\/legend>\n\t\t\t\t<div class=\"fieldset-wrapper\">\n\t\t\t\t\t<p><span class=\"wpcf7-form-control-wrap\" data-name=\"acceptance-b\"><span class=\"wpcf7-form-control wpcf7-radio\"><span class=\"wpcf7-list-item first\"><label><input type=\"radio\" name=\"acceptance-b\" value=\"Si\" \/><span class=\"wpcf7-list-item-label\">Si<\/span><\/label><\/span><span class=\"wpcf7-list-item last\"><label><input type=\"radio\" name=\"acceptance-b\" value=\"No\" \/><span class=\"wpcf7-list-item-label\">No<\/span><\/label><\/span><\/span><\/span>\n\t\t\t\t\t<\/p>\n\t\t\t\t<\/div>\n\t\t\t<\/div>\n\t\t<\/div>\n\t<\/div>\n\t<div class=\"box-columns flex flex-wrap\">\n\t\t<div class=\"col-12 form-buttons-wrap\">\n\t\t\t<div class=\"form-actions\">\n\t\t\t\t<p><input class=\"wpcf7-form-control wpcf7-submit has-spinner button primary-button no-svg-wrap\" type=\"submit\" value=\"Invia\" \/>\n\t\t\t\t<\/p>\n\t\t\t<\/div>\n\t\t<\/div>\n\t<\/div>\n<\/div><div class=\"wpcf7-response-output\" aria-hidden=\"true\"><\/div>\n<\/form>\n<\/div>\n    <\/div>\n<\/div>\n<!-- \/\/ FORM -->\n<div class=\"cms-content\">","protected":false},"excerpt":{"rendered":"","protected":false},"author":1,"featured_media":5380,"parent":0,"menu_order":10,"comment_status":"closed","ping_status":"closed","template":"","meta":{"_acf_changed":false,"footnotes":""},"class_list":["post-5702","page","type-page","status-publish","has-post-thumbnail","hentry"],"acf":[],"yoast_head":"<!-- This site is optimized with the Yoast SEO plugin v27.3 - https:\/\/yoast.com\/product\/yoast-seo-wordpress\/ -->\n<title>Contatti - Explora Sicilia Natura &amp; Sport<\/title>\n<meta name=\"description\" content=\"Contatta il Tour operator Explora Sicilia Natura e Sport per conoscere tutti i dettagli sui viaggi in Sicilia e fuori regione.\" \/>\n<meta name=\"robots\" content=\"index, follow, max-snippet:-1, max-image-preview:large, max-video-preview:-1\" \/>\n<link rel=\"canonical\" href=\"https:\/\/www.explora-sicilia.com\/it\/contatti\/\" \/>\n<meta property=\"og:locale\" content=\"it_IT\" \/>\n<meta property=\"og:type\" content=\"article\" \/>\n<meta property=\"og:title\" content=\"Contatti - Explora Sicilia Natura &amp; Sport\" \/>\n<meta property=\"og:description\" content=\"Contatta il Tour operator Explora Sicilia Natura e Sport per conoscere tutti i dettagli sui viaggi in Sicilia e fuori regione.\" \/>\n<meta property=\"og:url\" content=\"https:\/\/www.explora-sicilia.com\/it\/contatti\/\" \/>\n<meta property=\"og:site_name\" content=\"Explora Sicilia Natura &amp; Sport\" \/>\n<meta property=\"article:modified_time\" content=\"2024-01-31T15:54:05+00:00\" \/>\n<meta property=\"og:image\" content=\"https:\/\/storage1334.cdn-immedia.net\/wp-content\/uploads\/2023\/02\/Etna-sud71-scaled.jpeg\" \/>\n\t<meta property=\"og:image:width\" content=\"2560\" \/>\n\t<meta property=\"og:image:height\" content=\"1738\" \/>\n\t<meta property=\"og:image:type\" content=\"image\/jpeg\" \/>\n<meta name=\"twitter:card\" content=\"summary_large_image\" \/>\n<meta name=\"twitter:label1\" content=\"Tempo di lettura stimato\" \/>\n\t<meta name=\"twitter:data1\" content=\"1 minuto\" \/>\n<script type=\"application\/ld+json\" class=\"yoast-schema-graph\">{\"@context\":\"https:\\\/\\\/schema.org\",\"@graph\":[{\"@type\":\"WebPage\",\"@id\":\"https:\\\/\\\/www.explora-sicilia.com\\\/it\\\/contatti\\\/\",\"url\":\"https:\\\/\\\/www.explora-sicilia.com\\\/it\\\/contatti\\\/\",\"name\":\"Contatti - Explora Sicilia Natura &amp; Sport\",\"isPartOf\":{\"@id\":\"https:\\\/\\\/www.explora-sicilia.com\\\/it\\\/#website\"},\"primaryImageOfPage\":{\"@id\":\"https:\\\/\\\/www.explora-sicilia.com\\\/it\\\/contatti\\\/#primaryimage\"},\"image\":{\"@id\":\"https:\\\/\\\/www.explora-sicilia.com\\\/it\\\/contatti\\\/#primaryimage\"},\"thumbnailUrl\":\"https:\\\/\\\/www.explora-sicilia.com\\\/wp-content\\\/uploads\\\/2023\\\/02\\\/Etna-sud71-scaled.jpeg\",\"datePublished\":\"2023-02-28T14:25:57+00:00\",\"dateModified\":\"2024-01-31T15:54:05+00:00\",\"description\":\"Contatta il Tour operator Explora Sicilia Natura e Sport per conoscere tutti i dettagli sui viaggi in Sicilia e fuori regione.\",\"breadcrumb\":{\"@id\":\"https:\\\/\\\/www.explora-sicilia.com\\\/it\\\/contatti\\\/#breadcrumb\"},\"inLanguage\":\"it-IT\",\"potentialAction\":[{\"@type\":\"ReadAction\",\"target\":[\"https:\\\/\\\/www.explora-sicilia.com\\\/it\\\/contatti\\\/\"]}]},{\"@type\":\"ImageObject\",\"inLanguage\":\"it-IT\",\"@id\":\"https:\\\/\\\/www.explora-sicilia.com\\\/it\\\/contatti\\\/#primaryimage\",\"url\":\"https:\\\/\\\/www.explora-sicilia.com\\\/wp-content\\\/uploads\\\/2023\\\/02\\\/Etna-sud71-scaled.jpeg\",\"contentUrl\":\"https:\\\/\\\/www.explora-sicilia.com\\\/wp-content\\\/uploads\\\/2023\\\/02\\\/Etna-sud71-scaled.jpeg\",\"width\":2560,\"height\":1738},{\"@type\":\"BreadcrumbList\",\"@id\":\"https:\\\/\\\/www.explora-sicilia.com\\\/it\\\/contatti\\\/#breadcrumb\",\"itemListElement\":[{\"@type\":\"ListItem\",\"position\":1,\"name\":\"Home\",\"item\":\"https:\\\/\\\/www.explora-sicilia.com\\\/it\\\/\"},{\"@type\":\"ListItem\",\"position\":2,\"name\":\"&nbsp;\"}]},{\"@type\":\"WebSite\",\"@id\":\"https:\\\/\\\/www.explora-sicilia.com\\\/it\\\/#website\",\"url\":\"https:\\\/\\\/www.explora-sicilia.com\\\/it\\\/\",\"name\":\"Explora Sicilia Natura &amp; Sport\",\"description\":\"\",\"potentialAction\":[{\"@type\":\"SearchAction\",\"target\":{\"@type\":\"EntryPoint\",\"urlTemplate\":\"https:\\\/\\\/www.explora-sicilia.com\\\/it\\\/?s={search_term_string}\"},\"query-input\":{\"@type\":\"PropertyValueSpecification\",\"valueRequired\":true,\"valueName\":\"search_term_string\"}}],\"inLanguage\":\"it-IT\"}]}<\/script>\n<!-- \/ Yoast SEO plugin. -->","yoast_head_json":{"title":"Contatti - Explora Sicilia Natura &amp; Sport","description":"Contatta il Tour operator Explora Sicilia Natura e Sport per conoscere tutti i dettagli sui viaggi in Sicilia e fuori regione.","robots":{"index":"index","follow":"follow","max-snippet":"max-snippet:-1","max-image-preview":"max-image-preview:large","max-video-preview":"max-video-preview:-1"},"canonical":"https:\/\/www.explora-sicilia.com\/it\/contatti\/","og_locale":"it_IT","og_type":"article","og_title":"Contatti - Explora Sicilia Natura &amp; Sport","og_description":"Contatta il Tour operator Explora Sicilia Natura e Sport per conoscere tutti i dettagli sui viaggi in Sicilia e fuori regione.","og_url":"https:\/\/www.explora-sicilia.com\/it\/contatti\/","og_site_name":"Explora Sicilia Natura &amp; Sport","article_modified_time":"2024-01-31T15:54:05+00:00","og_image":[{"width":2560,"height":1738,"url":"https:\/\/storage1334.cdn-immedia.net\/wp-content\/uploads\/2023\/02\/Etna-sud71-scaled.jpeg","type":"image\/jpeg"}],"twitter_card":"summary_large_image","twitter_misc":{"Tempo di lettura stimato":"1 minuto"},"schema":{"@context":"https:\/\/schema.org","@graph":[{"@type":"WebPage","@id":"https:\/\/www.explora-sicilia.com\/it\/contatti\/","url":"https:\/\/www.explora-sicilia.com\/it\/contatti\/","name":"Contatti - Explora Sicilia Natura &amp; Sport","isPartOf":{"@id":"https:\/\/www.explora-sicilia.com\/it\/#website"},"primaryImageOfPage":{"@id":"https:\/\/www.explora-sicilia.com\/it\/contatti\/#primaryimage"},"image":{"@id":"https:\/\/www.explora-sicilia.com\/it\/contatti\/#primaryimage"},"thumbnailUrl":"https:\/\/storage1334.cdn-immedia.net\/wp-content\/uploads\/2023\/02\/Etna-sud71-scaled.jpeg","datePublished":"2023-02-28T14:25:57+00:00","dateModified":"2024-01-31T15:54:05+00:00","description":"Contatta il Tour operator Explora Sicilia Natura e Sport per conoscere tutti i dettagli sui viaggi in Sicilia e fuori regione.","breadcrumb":{"@id":"https:\/\/www.explora-sicilia.com\/it\/contatti\/#breadcrumb"},"inLanguage":"it-IT","potentialAction":[{"@type":"ReadAction","target":["https:\/\/www.explora-sicilia.com\/it\/contatti\/"]}]},{"@type":"ImageObject","inLanguage":"it-IT","@id":"https:\/\/www.explora-sicilia.com\/it\/contatti\/#primaryimage","url":"https:\/\/storage1334.cdn-immedia.net\/wp-content\/uploads\/2023\/02\/Etna-sud71-scaled.jpeg","contentUrl":"https:\/\/storage1334.cdn-immedia.net\/wp-content\/uploads\/2023\/02\/Etna-sud71-scaled.jpeg","width":2560,"height":1738},{"@type":"BreadcrumbList","@id":"https:\/\/www.explora-sicilia.com\/it\/contatti\/#breadcrumb","itemListElement":[{"@type":"ListItem","position":1,"name":"Home","item":"https:\/\/www.explora-sicilia.com\/it\/"},{"@type":"ListItem","position":2,"name":"&nbsp;"}]},{"@type":"WebSite","@id":"https:\/\/www.explora-sicilia.com\/it\/#website","url":"https:\/\/www.explora-sicilia.com\/it\/","name":"Explora Sicilia Natura &amp; Sport","description":"","potentialAction":[{"@type":"SearchAction","target":{"@type":"EntryPoint","urlTemplate":"https:\/\/www.explora-sicilia.com\/it\/?s={search_term_string}"},"query-input":{"@type":"PropertyValueSpecification","valueRequired":true,"valueName":"search_term_string"}}],"inLanguage":"it-IT"}]}},"_links":{"self":[{"href":"https:\/\/www.explora-sicilia.com\/it\/wp-json\/wp\/v2\/pages\/5702","targetHints":{"allow":["GET"]}}],"collection":[{"href":"https:\/\/www.explora-sicilia.com\/it\/wp-json\/wp\/v2\/pages"}],"about":[{"href":"https:\/\/www.explora-sicilia.com\/it\/wp-json\/wp\/v2\/types\/page"}],"author":[{"embeddable":true,"href":"https:\/\/www.explora-sicilia.com\/it\/wp-json\/wp\/v2\/users\/1"}],"replies":[{"embeddable":true,"href":"https:\/\/www.explora-sicilia.com\/it\/wp-json\/wp\/v2\/comments?post=5702"}],"version-history":[{"count":9,"href":"https:\/\/www.explora-sicilia.com\/it\/wp-json\/wp\/v2\/pages\/5702\/revisions"}],"predecessor-version":[{"id":6670,"href":"https:\/\/www.explora-sicilia.com\/it\/wp-json\/wp\/v2\/pages\/5702\/revisions\/6670"}],"wp:featuredmedia":[{"embeddable":true,"href":"https:\/\/www.explora-sicilia.com\/it\/wp-json\/wp\/v2\/media\/5380"}],"wp:attachment":[{"href":"https:\/\/www.explora-sicilia.com\/it\/wp-json\/wp\/v2\/media?parent=5702"}],"curies":[{"name":"wp","href":"https:\/\/api.w.org\/{rel}","templated":true}]}}