{"id":5623,"date":"2023-02-07T16:45:59","date_gmt":"2023-02-07T15:45:59","guid":{"rendered":"https:\/\/www.explora-sicilia.com\/explora\/"},"modified":"2024-01-31T16:46:53","modified_gmt":"2024-01-31T15:46:53","slug":"tour-operator-sicilia","status":"publish","type":"page","link":"https:\/\/www.explora-sicilia.com\/it\/tour-operator-sicilia\/","title":{"rendered":"Explora"},"content":{"rendered":"<\/div>\n\n<div class=\"im-text-on-bg bg-white  \">\n  <div class=\"im-text-on-bg__container\">\n    <div class=\"im-text-on-bg__text container no-height\">\n      <div class=\"im-text-on-bg__text-wrap flex flex-column fade text-left\">\n\n\t\t\t\t<div class=\"im-text-on-bg__title-wrap\">\n\t\t\t\t\t\t\t\t\t\t<span class=\"im-text-on-bg__over-head over-head\">La Storia<\/span>\n\t\t\t\t\t\n\t\t\t\t\t\t\t\t\t\t<h2 class=\"im-text-on-bg__title h2\">Explora Natura &#038; Sport<\/h2>\n\t\t\t\t\t\t\t\t\t<\/div>\n\n\t\t\t\t\n\t\t\t\t        <div class=\"im-text-on-bg__p flex flex-column-m\">\n\t\t\t\t\t\t\t\t\t\t<div class=\"col-text\">\n            <p>Tanguy de Saint Cyr inizia la sua esperienza di operatore turistico nel 1983. La passione per l\u2019avventura e il suo amore per i vulcani lo portano a scoprire il fascino indiscutibile delle isole Eolie e Stromboli \u00e8 la sua prima destinazione. Giunto in Sicilia, Tanguy scopre che questa terra, ricca di storia nonch\u00e9 di bellezze artistiche e naturali \u00e8, come dice Guy de Maupassant \u201cUna terra necessaria a vedersi ed unica al mondo\u201d.<\/p>\n<p>La \u201cExplora Natura &amp; Sport\u201d nasce in un primo momento dalla voglia di Tanguy di condividere con altri viaggiatori la sua passione per i vulcani. I primi circuiti realizzati dalla Explora si sviluppano tra l\u2019Etna e le isole Eolie e si rivolgono esclusivamente ad una clientela francofona. Ma la Sicilia ha molto altro da offrire ai turisti che vogliono scoprirla e conoscerla. Cos\u00ec negli anni, i circuiti si moltiplicano. Al fuoco dei vulcani Tanguy aggiunge la ricchissima storia di questa regione che tutti i popoli hanno desiderato conquistare. Ai circuiti nati per turisti francofoni, la Explora aggiunge i progetti di viaggio rivolti alle scuole, straniere e italiane. I vulcani siciliani diventano per le scuole italiane il luogo in cui si impara mentre si osservano sul campo i fenomeni oggetto di studio. Oggi la Explora Natura &amp; Sport propone una notevole quantit\u00e0 di circuiti, pensati e proposti per rispondere alle esigenze di tutti i viaggiatori ed il suo successo risiede nell\u2019entusiasmo e nella passione del suo fondatore e dell\u2019intera equipe che ormai da anni lo segue in questa avventura.<\/p>\n          <\/div>\n\t\t\t\t\t\t\t\t\t\t        <\/div>\n\t\t\t\t\n\t\t\t\t\n      <\/div>\n    <\/div>\n\t\t  <\/div>\n<\/div>\n\n\n<div class=\"cms-content\">\n\n\n<\/div>\n<div class=\"im-text-img-var \">\n  <div class=\"im-text-img-var__container container flex flex-row-reverse-d flex-column-reverse-mt\">\n    <div class=\"im-text-img-var__column im-text-img-var__column-text\">\n      <div class=\"im-text-img-var__text-wrap fade\">\n\t\t        <span class=\"im-text-img-var__over-head over-head\">Viaggi sportivi e culturali<\/span>\n\t\t\n\t\t        <h2 class=\"im-text-img-var__title h2\">Lo spirito dei viaggi<\/h2>\n\t\t\n\t\t        <div class=\"im-text-img-var__paragraphs\">\n          <p>Il principale interesse di Explora \u00e8 di portarvi alla scoperta della Sicilia. Invitarvi a esplorare con noi tutte le bellezze di questa magnifica regione. Invitarvi ad osservare con curiosit\u00e0 i diversi paesaggi e allo stesso modo di invogliarvi a conoscere la storia di quest\u2019isola piena di sole.<\/p>\n<p>&nbsp;<\/p>\n<p>Un pizzico di avventura \u00e8 sempre presente negli itinerari che proponiamo, alcuni circuiti sono pi\u00f9 sportivi, altri un po\u2019 meno.<\/p>\n<p>&nbsp;<\/p>\n<p>In Italia la nostra attenzione \u00e8 rivolta principalmente alle scuole. Tutti i nostri circuiti hanno in comune la caratteristica della scoperta. Desideriamo che chiunque viaggi con noi, impari a conoscere il nostro territorio e ad amarlo, semplicemente osservandolo e vivendolo in prima persona. Siamo convinti che l\u2019apprendimento non avvenga solo attraverso i libri. Pensiamo che la Sicilia abbia tutti gli elementi per insegnare qualcosa a tutti gli studenti, in maniera naturale, senza nessuna fatica, solo passeggiando e visitando le bellezze naturali nonch\u00e8 storiche che la nostra regione offre in grande abbondanza.<\/p>\n<p>&nbsp;<\/p>\n<p>Ma qualunque viaggio vi lascer\u00e0 qualcosa.<br \/>\nVi fara esplorare e conoscere un aspetto diverso della Sicilia lasciandovi di questa regione un ricordo unico ed una grande voglia di visitarla ancora e di scoprirla sempre di pi\u00f9.<\/p>\n        <\/div>\n\t\t\n\t\t\n      <\/div>\n    <\/div>\n\n\t\t<div class=\"im-text-img-var__column im-text-img-var__column-media fade min-height\">\n\t\t<picture>\n\t\t\t<source\n\t\t\t\ttype=\"image\/webp\"\n\t\t\t\tsrcset=\"https:\/\/storage1334.cdn-immedia.net\/wp-content\/themes\/explora-sicilia.com\/assets\/img\/spacer\/spacer.png\"\n\t\t\t\tdata-srcset=\"https:\/\/storage1334.cdn-immedia.net\/wp-content\/uploads\/2023\/02\/nebrodi-800x540.jpg\">\n\t\t\t<img\n\t\t\t\tsrc=\"https:\/\/storage1334.cdn-immedia.net\/wp-content\/themes\/explora-sicilia.com\/assets\/img\/spacer\/spacer.png\"\n\t\t\t\tdata-src=\"https:\/\/storage1334.cdn-immedia.net\/wp-content\/uploads\/2023\/02\/nebrodi-800x540.jpg\"\n\t\t\t\talt=\"Lo spirito dei viaggi\"\n\t\t\t\twidth=\"800\" height=\"800\" class=\"lazyload\">\n\t\t<\/picture>\n\t<\/div>\n\t\n  <\/div>\n<\/div>\n\n<div class=\"cms-content\">\n\n\n<!-- SPACER -->\n<\/div>\n<div   class=\"spacer l-d-spacer bg-white \">\n    &nbsp;<\/div>\n<div class=\"cms-content\">\n<!-- \/\/ SPACER -->\n","protected":false},"excerpt":{"rendered":"","protected":false},"author":1,"featured_media":318,"parent":0,"menu_order":18,"comment_status":"closed","ping_status":"closed","template":"","meta":{"_acf_changed":false,"footnotes":""},"class_list":["post-5623","page","type-page","status-publish","has-post-thumbnail","hentry"],"acf":[],"yoast_head":"<!-- This site is optimized with the Yoast SEO plugin v27.5 - https:\/\/yoast.com\/product\/yoast-seo-wordpress\/ -->\n<title>Agenzia Viaggi - Explora Sicilia Natura &amp; Sport<\/title>\n<meta name=\"description\" content=\"Explora Sicilia \u00e8 il tour operator che organizza viaggi in Sicilia all&#039;insegna della natura e dello sport. Leggi la storia e scopri lo spirito!\" \/>\n<meta name=\"robots\" content=\"index, follow, max-snippet:-1, max-image-preview:large, max-video-preview:-1\" \/>\n<link rel=\"canonical\" href=\"https:\/\/www.explora-sicilia.com\/it\/tour-operator-sicilia\/\" \/>\n<meta property=\"og:locale\" content=\"it_IT\" \/>\n<meta property=\"og:type\" content=\"article\" \/>\n<meta property=\"og:title\" content=\"Agenzia Viaggi - Explora Sicilia Natura &amp; Sport\" \/>\n<meta property=\"og:description\" content=\"Explora Sicilia \u00e8 il tour operator che organizza viaggi in Sicilia all&#039;insegna della natura e dello sport. Leggi la storia e scopri lo spirito!\" \/>\n<meta property=\"og:url\" content=\"https:\/\/www.explora-sicilia.com\/it\/tour-operator-sicilia\/\" \/>\n<meta property=\"og:site_name\" content=\"Explora Sicilia Natura &amp; Sport\" \/>\n<meta property=\"article:modified_time\" content=\"2024-01-31T15:46:53+00:00\" \/>\n<meta property=\"og:image\" content=\"https:\/\/storage1334.cdn-immedia.net\/wp-content\/uploads\/2023\/02\/Eolie-1-960x540-1.jpg\" \/>\n\t<meta property=\"og:image:width\" content=\"960\" \/>\n\t<meta property=\"og:image:height\" content=\"540\" \/>\n\t<meta property=\"og:image:type\" content=\"image\/jpeg\" \/>\n<meta name=\"twitter:card\" content=\"summary_large_image\" \/>\n<meta name=\"twitter:label1\" content=\"Tempo di lettura stimato\" \/>\n\t<meta name=\"twitter:data1\" content=\"1 minuto\" \/>\n<script type=\"application\/ld+json\" class=\"yoast-schema-graph\">{\"@context\":\"https:\\\/\\\/schema.org\",\"@graph\":[{\"@type\":\"WebPage\",\"@id\":\"https:\\\/\\\/www.explora-sicilia.com\\\/it\\\/tour-operator-sicilia\\\/\",\"url\":\"https:\\\/\\\/www.explora-sicilia.com\\\/it\\\/tour-operator-sicilia\\\/\",\"name\":\"Agenzia Viaggi - Explora Sicilia Natura &amp; Sport\",\"isPartOf\":{\"@id\":\"https:\\\/\\\/www.explora-sicilia.com\\\/it\\\/#website\"},\"primaryImageOfPage\":{\"@id\":\"https:\\\/\\\/www.explora-sicilia.com\\\/it\\\/tour-operator-sicilia\\\/#primaryimage\"},\"image\":{\"@id\":\"https:\\\/\\\/www.explora-sicilia.com\\\/it\\\/tour-operator-sicilia\\\/#primaryimage\"},\"thumbnailUrl\":\"https:\\\/\\\/www.explora-sicilia.com\\\/wp-content\\\/uploads\\\/2023\\\/02\\\/Eolie-1-960x540-1.jpg\",\"datePublished\":\"2023-02-07T15:45:59+00:00\",\"dateModified\":\"2024-01-31T15:46:53+00:00\",\"description\":\"Explora Sicilia \u00e8 il tour operator che organizza viaggi in Sicilia all'insegna della natura e dello sport. Leggi la storia e scopri lo spirito!\",\"breadcrumb\":{\"@id\":\"https:\\\/\\\/www.explora-sicilia.com\\\/it\\\/tour-operator-sicilia\\\/#breadcrumb\"},\"inLanguage\":\"it-IT\",\"potentialAction\":[{\"@type\":\"ReadAction\",\"target\":[\"https:\\\/\\\/www.explora-sicilia.com\\\/it\\\/tour-operator-sicilia\\\/\"]}]},{\"@type\":\"ImageObject\",\"inLanguage\":\"it-IT\",\"@id\":\"https:\\\/\\\/www.explora-sicilia.com\\\/it\\\/tour-operator-sicilia\\\/#primaryimage\",\"url\":\"https:\\\/\\\/www.explora-sicilia.com\\\/wp-content\\\/uploads\\\/2023\\\/02\\\/Eolie-1-960x540-1.jpg\",\"contentUrl\":\"https:\\\/\\\/www.explora-sicilia.com\\\/wp-content\\\/uploads\\\/2023\\\/02\\\/Eolie-1-960x540-1.jpg\",\"width\":960,\"height\":540},{\"@type\":\"BreadcrumbList\",\"@id\":\"https:\\\/\\\/www.explora-sicilia.com\\\/it\\\/tour-operator-sicilia\\\/#breadcrumb\",\"itemListElement\":[{\"@type\":\"ListItem\",\"position\":1,\"name\":\"Home\",\"item\":\"https:\\\/\\\/www.explora-sicilia.com\\\/it\\\/\"},{\"@type\":\"ListItem\",\"position\":2,\"name\":\"&nbsp;\"}]},{\"@type\":\"WebSite\",\"@id\":\"https:\\\/\\\/www.explora-sicilia.com\\\/it\\\/#website\",\"url\":\"https:\\\/\\\/www.explora-sicilia.com\\\/it\\\/\",\"name\":\"Explora Sicilia Natura &amp; Sport\",\"description\":\"\",\"potentialAction\":[{\"@type\":\"SearchAction\",\"target\":{\"@type\":\"EntryPoint\",\"urlTemplate\":\"https:\\\/\\\/www.explora-sicilia.com\\\/it\\\/?s={search_term_string}\"},\"query-input\":{\"@type\":\"PropertyValueSpecification\",\"valueRequired\":true,\"valueName\":\"search_term_string\"}}],\"inLanguage\":\"it-IT\"}]}<\/script>\n<!-- \/ Yoast SEO plugin. -->","yoast_head_json":{"title":"Agenzia Viaggi - Explora Sicilia Natura &amp; Sport","description":"Explora Sicilia \u00e8 il tour operator che organizza viaggi in Sicilia all'insegna della natura e dello sport. Leggi la storia e scopri lo spirito!","robots":{"index":"index","follow":"follow","max-snippet":"max-snippet:-1","max-image-preview":"max-image-preview:large","max-video-preview":"max-video-preview:-1"},"canonical":"https:\/\/www.explora-sicilia.com\/it\/tour-operator-sicilia\/","og_locale":"it_IT","og_type":"article","og_title":"Agenzia Viaggi - Explora Sicilia Natura &amp; Sport","og_description":"Explora Sicilia \u00e8 il tour operator che organizza viaggi in Sicilia all'insegna della natura e dello sport. Leggi la storia e scopri lo spirito!","og_url":"https:\/\/www.explora-sicilia.com\/it\/tour-operator-sicilia\/","og_site_name":"Explora Sicilia Natura &amp; Sport","article_modified_time":"2024-01-31T15:46:53+00:00","og_image":[{"width":960,"height":540,"url":"https:\/\/storage1334.cdn-immedia.net\/wp-content\/uploads\/2023\/02\/Eolie-1-960x540-1.jpg","type":"image\/jpeg"}],"twitter_card":"summary_large_image","twitter_misc":{"Tempo di lettura stimato":"1 minuto"},"schema":{"@context":"https:\/\/schema.org","@graph":[{"@type":"WebPage","@id":"https:\/\/www.explora-sicilia.com\/it\/tour-operator-sicilia\/","url":"https:\/\/www.explora-sicilia.com\/it\/tour-operator-sicilia\/","name":"Agenzia Viaggi - Explora Sicilia Natura &amp; Sport","isPartOf":{"@id":"https:\/\/www.explora-sicilia.com\/it\/#website"},"primaryImageOfPage":{"@id":"https:\/\/www.explora-sicilia.com\/it\/tour-operator-sicilia\/#primaryimage"},"image":{"@id":"https:\/\/www.explora-sicilia.com\/it\/tour-operator-sicilia\/#primaryimage"},"thumbnailUrl":"https:\/\/storage1334.cdn-immedia.net\/wp-content\/uploads\/2023\/02\/Eolie-1-960x540-1.jpg","datePublished":"2023-02-07T15:45:59+00:00","dateModified":"2024-01-31T15:46:53+00:00","description":"Explora Sicilia \u00e8 il tour operator che organizza viaggi in Sicilia all'insegna della natura e dello sport. Leggi la storia e scopri lo spirito!","breadcrumb":{"@id":"https:\/\/www.explora-sicilia.com\/it\/tour-operator-sicilia\/#breadcrumb"},"inLanguage":"it-IT","potentialAction":[{"@type":"ReadAction","target":["https:\/\/www.explora-sicilia.com\/it\/tour-operator-sicilia\/"]}]},{"@type":"ImageObject","inLanguage":"it-IT","@id":"https:\/\/www.explora-sicilia.com\/it\/tour-operator-sicilia\/#primaryimage","url":"https:\/\/storage1334.cdn-immedia.net\/wp-content\/uploads\/2023\/02\/Eolie-1-960x540-1.jpg","contentUrl":"https:\/\/storage1334.cdn-immedia.net\/wp-content\/uploads\/2023\/02\/Eolie-1-960x540-1.jpg","width":960,"height":540},{"@type":"BreadcrumbList","@id":"https:\/\/www.explora-sicilia.com\/it\/tour-operator-sicilia\/#breadcrumb","itemListElement":[{"@type":"ListItem","position":1,"name":"Home","item":"https:\/\/www.explora-sicilia.com\/it\/"},{"@type":"ListItem","position":2,"name":"&nbsp;"}]},{"@type":"WebSite","@id":"https:\/\/www.explora-sicilia.com\/it\/#website","url":"https:\/\/www.explora-sicilia.com\/it\/","name":"Explora Sicilia Natura &amp; Sport","description":"","potentialAction":[{"@type":"SearchAction","target":{"@type":"EntryPoint","urlTemplate":"https:\/\/www.explora-sicilia.com\/it\/?s={search_term_string}"},"query-input":{"@type":"PropertyValueSpecification","valueRequired":true,"valueName":"search_term_string"}}],"inLanguage":"it-IT"}]}},"_links":{"self":[{"href":"https:\/\/www.explora-sicilia.com\/it\/wp-json\/wp\/v2\/pages\/5623","targetHints":{"allow":["GET"]}}],"collection":[{"href":"https:\/\/www.explora-sicilia.com\/it\/wp-json\/wp\/v2\/pages"}],"about":[{"href":"https:\/\/www.explora-sicilia.com\/it\/wp-json\/wp\/v2\/types\/page"}],"author":[{"embeddable":true,"href":"https:\/\/www.explora-sicilia.com\/it\/wp-json\/wp\/v2\/users\/1"}],"replies":[{"embeddable":true,"href":"https:\/\/www.explora-sicilia.com\/it\/wp-json\/wp\/v2\/comments?post=5623"}],"version-history":[{"count":8,"href":"https:\/\/www.explora-sicilia.com\/it\/wp-json\/wp\/v2\/pages\/5623\/revisions"}],"predecessor-version":[{"id":6659,"href":"https:\/\/www.explora-sicilia.com\/it\/wp-json\/wp\/v2\/pages\/5623\/revisions\/6659"}],"wp:featuredmedia":[{"embeddable":true,"href":"https:\/\/www.explora-sicilia.com\/it\/wp-json\/wp\/v2\/media\/318"}],"wp:attachment":[{"href":"https:\/\/www.explora-sicilia.com\/it\/wp-json\/wp\/v2\/media?parent=5623"}],"curies":[{"name":"wp","href":"https:\/\/api.w.org\/{rel}","templated":true}]}}