{"id":6475,"date":"2024-01-10T09:57:08","date_gmt":"2024-01-10T08:57:08","guid":{"rendered":"https:\/\/www.explora-sicilia.com\/?page_id=6475"},"modified":"2024-08-12T17:13:53","modified_gmt":"2024-08-12T15:13:53","slug":"tourisme-durable","status":"publish","type":"page","link":"https:\/\/www.explora-sicilia.com\/fr\/tourisme-durable\/","title":{"rendered":"Tourisme durable"},"content":{"rendered":"\n<!-- SPACER -->\n<\/div>\n<div   class=\"spacer l-margin bg-white \">\n    &nbsp;<\/div>\n<div class=\"cms-content\">\n<!-- \/\/ SPACER -->\n\n\n\n<h2 class=\"wp-block-heading\">Notre engagement : montrer l&rsquo;exemple!<\/h2>\n\n\n\n<div class=\"wp-block-media-text is-stacked-on-mobile\"><figure class=\"wp-block-media-text__media\"><img decoding=\"async\" src=\"https:\/\/storage1334.cdn-immedia.net\/wp-content\/uploads\/2024\/08\/partner-2-1024x398.png\" alt=\"\" class=\"wp-image-6793 size-full\"\/><\/figure><div class=\"wp-block-media-text__content\">\n<p>Depuis plus de 20 ans nous faisons appr\u00e9cier aux voyageurs la beaut\u00e9 et la richesse de la Sicile en mettant l&rsquo;accent sur notre responsabilit\u00e9 pour pr\u00e9server ses tr\u00e9sors.<br>Nous l&rsquo;avons toujours fait avec une attention tr\u00e8s particuli\u00e8re \u00e0 notre \u00eele.<br>Nous avons \u00e0 c\u0153ur de faire d\u00e9couvrir \u00e0 nos voyageurs les petites perles de notre territoire et nous privil\u00e9gions la d\u00e9couverte des tr\u00e9sors moins connus. Nous proposons des s\u00e9jours en libert\u00e9 qui portent l\u2019attention sur les petites communaut\u00e9s locales et les \u00e9l\u00e9ments naturels r\u00e9gionaux. Dans nos s\u00e9jours en petit groupe, nos guides et nos accompagnateurs illustrent les sp\u00e9cificit\u00e9s du territoire et mettent en relief certains \u00e9l\u00e9ments critiques qui imposent par cons\u00e9quent aux voyageurs un comportement attentif et responsable. Nous sommes convaincus que le tourisme peut \u00eatre une ressource pr\u00e9cieuse pour notre magnifique r\u00e9gion et qu\u2019il doit \u00eatre pratiqu\u00e9 de fa\u00e7on respectueuse du territoire et de la population locale.<\/p>\n\n\n\n<p><br><strong>Nous sommes fiers de vous informer que notre agence a obtenu la certification Travelife Partner \u00e0 partir du 8 ao\u00fbt 2024.<br>Cette certification est une reconnaissance de nos efforts pour le d\u00e9veloppement d&rsquo;un tourisme durable dans notre r\u00e9gion. Nous sommes heureux de partager cette r\u00e9ussite avec vous!<\/strong><\/p>\n\n\n\n<p><br>L&rsquo;\u00e9quipe de notre agence reste engag\u00e9e \u00e0 promouvoir des pratiques durables dans l&rsquo;industrie du tourisme et \u00e0 offrir des exp\u00e9riences de voyage responsables \u00e0 nos clients. Nous esp\u00e9rons que cette certification renforcera votre confiance en notre engagement envers un tourisme respectueux de l&rsquo;environnement et des communaut\u00e9s locales.<\/p>\n<\/div><\/div>\n\n\n\n<!-- SPACER -->\n<\/div>\n<div   class=\"spacer l-margin bg-white \">\n    &nbsp;<\/div>\n<div class=\"cms-content\">\n<!-- \/\/ SPACER -->\n\n\n<\/div>\n<div class=\"im-text-img-var \">\n  <div class=\"im-text-img-var__container container flex flex-row-d flex-column-reverse-mt\">\n    <div class=\"im-text-img-var__column im-text-img-var__column-text\">\n      <div class=\"im-text-img-var__text-wrap fade\">\n\t\t        <span class=\"im-text-img-var__over-head over-head\">Nos objectifs et notre engagement<\/span>\n\t\t\n\t\t        <h2 class=\"im-text-img-var__title h2\">Notre mission<\/h2>\n\t\t\n\t\t        <div class=\"im-text-img-var__paragraphs\">\n          <ul>\n<li>Nous privil\u00e9gions les petites structures \u00e0 gestion familiale<\/li>\n<li>Nous proposons des itin\u00e9raires incluant des transferts en bus et en train tout en respectant le confort de nos voyageurs<\/li>\n<li>Nous privil\u00e9gions les produits locaux o\u00f9 possible<\/li>\n<li>Nous proposons des s\u00e9jours en petits groupes qui incluent des activit\u00e9s li\u00e9es au tourisme responsable<\/li>\n<li>Dans nos circuits nous mettons en valeur la richesse et la vari\u00e9t\u00e9 de la nature de notre r\u00e9gion \u00e0 travers la collaboration avec des biologistes, des g\u00e9ologues et des naturalistes et des Associations de d\u00e9fense de l\u2019environnement et \u00e0 travers la mise en place de circuits culturels adress\u00e9s aux \u00e9coles<\/li>\n<li>Nous organisons notre travail \u00e0 l\u2019agence de fa\u00e7on responsable et nous tenons \u00e0 mettre en place une conduite responsable dans notre quotidien<\/li>\n<li>Nous soutenons les projets \u00e0 impact social mis en\u00a0place par les Associations locales<\/li>\n<li>Nous offrons \u00e0 notre personnel une formation constante sur le tourisme responsable<\/li>\n<li>Nous avons \u00e0 c\u0153ur le bien-\u00eatre de notre personnel et nous assurons le respect des normes de s\u00e9curit\u00e9 pr\u00e9vues par la loi nationale<\/li>\n<li>Pour nous le bien-\u00eatre implique une particuli\u00e8re attention au respect de toute diff\u00e9rence de genre, race, culture, habilet\u00e9 physique, sensorielle et cognitive, orientation sexuelle et identit\u00e9 soit dans nos bureaux soit dans les activit\u00e9s propos\u00e9es \u00e0 nos voyageurs<\/li>\n<\/ul>\n<p>&nbsp;<\/p>\n<p><a href=\"https:\/\/storage1334.cdn-immedia.net\/wp-content\/uploads\/2024\/04\/Policy-Explora-23-04-24.pdf\" target=\"_blank\" rel=\"noopener\">Charte Tourisme durable &#8211; Policy Explora<\/a><\/p>\n        <\/div>\n\t\t\n\t\t\n      <\/div>\n    <\/div>\n\n\t\t<div class=\"im-text-img-var__column im-text-img-var__column-media fade min-height\">\n\t\t<picture>\n\t\t\t<source\n\t\t\t\ttype=\"image\/webp\"\n\t\t\t\tsrcset=\"https:\/\/storage1334.cdn-immedia.net\/wp-content\/themes\/explora-sicilia.com\/assets\/img\/spacer\/spacer.png\"\n\t\t\t\tdata-srcset=\"https:\/\/storage1334.cdn-immedia.net\/wp-content\/uploads\/2024\/01\/20231012_161710-800x800.jpg\">\n\t\t\t<img\n\t\t\t\tsrc=\"https:\/\/storage1334.cdn-immedia.net\/wp-content\/themes\/explora-sicilia.com\/assets\/img\/spacer\/spacer.png\"\n\t\t\t\tdata-src=\"https:\/\/storage1334.cdn-immedia.net\/wp-content\/uploads\/2024\/01\/20231012_161710-800x800.jpg\"\n\t\t\t\talt=\"Notre mission\"\n\t\t\t\twidth=\"800\" height=\"800\" class=\"lazyload\">\n\t\t<\/picture>\n\t<\/div>\n\t\n  <\/div>\n<\/div>\n\n<div class=\"cms-content\">\n\n\n<!-- SPACER -->\n<\/div>\n<div   class=\"spacer l-margin bg-white \">\n    &nbsp;<\/div>\n<div class=\"cms-content\">\n<!-- \/\/ SPACER -->\n\n\n\n<p><\/p>\n","protected":false},"excerpt":{"rendered":"<p>Notre engagement : montrer l&rsquo;exemple! Depuis plus de 20 ans [&hellip;]<\/p>\n","protected":false},"author":1,"featured_media":6565,"parent":0,"menu_order":5,"comment_status":"closed","ping_status":"closed","template":"","meta":{"_acf_changed":false,"footnotes":""},"class_list":["post-6475","page","type-page","status-publish","has-post-thumbnail","hentry"],"acf":[],"yoast_head":"<!-- This site is optimized with the Yoast SEO plugin v27.3 - https:\/\/yoast.com\/product\/yoast-seo-wordpress\/ -->\n<title>Tourisme durable - Explora Sicilia Natura &amp; Sport<\/title>\n<meta name=\"description\" content=\"Explora Sicilia s&#039;engage \u00e0 proposer des exp\u00e9riences aussi durables que possible. Entrez sur le site et d\u00e9couvrez notre mission !\" \/>\n<meta name=\"robots\" content=\"index, follow, max-snippet:-1, max-image-preview:large, max-video-preview:-1\" \/>\n<link rel=\"canonical\" href=\"https:\/\/www.explora-sicilia.com\/fr\/tourisme-durable\/\" \/>\n<meta property=\"og:locale\" content=\"fr_FR\" \/>\n<meta property=\"og:type\" content=\"article\" \/>\n<meta property=\"og:title\" content=\"Tourisme durable - Explora Sicilia Natura &amp; Sport\" \/>\n<meta property=\"og:description\" content=\"Explora Sicilia s&#039;engage \u00e0 proposer des exp\u00e9riences aussi durables que possible. Entrez sur le site et d\u00e9couvrez notre mission !\" \/>\n<meta property=\"og:url\" content=\"https:\/\/www.explora-sicilia.com\/fr\/tourisme-durable\/\" \/>\n<meta property=\"og:site_name\" content=\"Explora Sicilia Natura &amp; Sport\" \/>\n<meta property=\"article:modified_time\" content=\"2024-08-12T15:13:53+00:00\" \/>\n<meta property=\"og:image\" content=\"https:\/\/storage1334.cdn-immedia.net\/wp-content\/uploads\/2024\/01\/20230715_135025-scaled.jpg\" \/>\n\t<meta property=\"og:image:width\" content=\"2560\" \/>\n\t<meta property=\"og:image:height\" content=\"1154\" \/>\n\t<meta property=\"og:image:type\" content=\"image\/jpeg\" \/>\n<meta name=\"twitter:card\" content=\"summary_large_image\" \/>\n<meta name=\"twitter:label1\" content=\"Dur\u00e9e de lecture estim\u00e9e\" \/>\n\t<meta name=\"twitter:data1\" content=\"2 minutes\" \/>\n<script type=\"application\/ld+json\" class=\"yoast-schema-graph\">{\"@context\":\"https:\\\/\\\/schema.org\",\"@graph\":[{\"@type\":\"WebPage\",\"@id\":\"https:\\\/\\\/www.explora-sicilia.com\\\/fr\\\/tourisme-durable\\\/\",\"url\":\"https:\\\/\\\/www.explora-sicilia.com\\\/fr\\\/tourisme-durable\\\/\",\"name\":\"Tourisme durable - Explora Sicilia Natura &amp; Sport\",\"isPartOf\":{\"@id\":\"https:\\\/\\\/www.explora-sicilia.com\\\/fr\\\/#website\"},\"primaryImageOfPage\":{\"@id\":\"https:\\\/\\\/www.explora-sicilia.com\\\/fr\\\/tourisme-durable\\\/#primaryimage\"},\"image\":{\"@id\":\"https:\\\/\\\/www.explora-sicilia.com\\\/fr\\\/tourisme-durable\\\/#primaryimage\"},\"thumbnailUrl\":\"https:\\\/\\\/www.explora-sicilia.com\\\/wp-content\\\/uploads\\\/2024\\\/01\\\/20230715_135025-scaled.jpg\",\"datePublished\":\"2024-01-10T08:57:08+00:00\",\"dateModified\":\"2024-08-12T15:13:53+00:00\",\"description\":\"Explora Sicilia s'engage \u00e0 proposer des exp\u00e9riences aussi durables que possible. Entrez sur le site et d\u00e9couvrez notre mission !\",\"breadcrumb\":{\"@id\":\"https:\\\/\\\/www.explora-sicilia.com\\\/fr\\\/tourisme-durable\\\/#breadcrumb\"},\"inLanguage\":\"fr-FR\",\"potentialAction\":[{\"@type\":\"ReadAction\",\"target\":[\"https:\\\/\\\/www.explora-sicilia.com\\\/fr\\\/tourisme-durable\\\/\"]}]},{\"@type\":\"ImageObject\",\"inLanguage\":\"fr-FR\",\"@id\":\"https:\\\/\\\/www.explora-sicilia.com\\\/fr\\\/tourisme-durable\\\/#primaryimage\",\"url\":\"https:\\\/\\\/www.explora-sicilia.com\\\/wp-content\\\/uploads\\\/2024\\\/01\\\/20230715_135025-scaled.jpg\",\"contentUrl\":\"https:\\\/\\\/www.explora-sicilia.com\\\/wp-content\\\/uploads\\\/2024\\\/01\\\/20230715_135025-scaled.jpg\",\"width\":2560,\"height\":1154},{\"@type\":\"BreadcrumbList\",\"@id\":\"https:\\\/\\\/www.explora-sicilia.com\\\/fr\\\/tourisme-durable\\\/#breadcrumb\",\"itemListElement\":[{\"@type\":\"ListItem\",\"position\":1,\"name\":\"Home\",\"item\":\"https:\\\/\\\/www.explora-sicilia.com\\\/fr\\\/\"},{\"@type\":\"ListItem\",\"position\":2,\"name\":\"&nbsp;\"}]},{\"@type\":\"WebSite\",\"@id\":\"https:\\\/\\\/www.explora-sicilia.com\\\/fr\\\/#website\",\"url\":\"https:\\\/\\\/www.explora-sicilia.com\\\/fr\\\/\",\"name\":\"Explora Sicilia Natura &amp; Sport\",\"description\":\"\",\"potentialAction\":[{\"@type\":\"SearchAction\",\"target\":{\"@type\":\"EntryPoint\",\"urlTemplate\":\"https:\\\/\\\/www.explora-sicilia.com\\\/fr\\\/?s={search_term_string}\"},\"query-input\":{\"@type\":\"PropertyValueSpecification\",\"valueRequired\":true,\"valueName\":\"search_term_string\"}}],\"inLanguage\":\"fr-FR\"}]}<\/script>\n<!-- \/ Yoast SEO plugin. -->","yoast_head_json":{"title":"Tourisme durable - Explora Sicilia Natura &amp; Sport","description":"Explora Sicilia s'engage \u00e0 proposer des exp\u00e9riences aussi durables que possible. Entrez sur le site et d\u00e9couvrez notre mission !","robots":{"index":"index","follow":"follow","max-snippet":"max-snippet:-1","max-image-preview":"max-image-preview:large","max-video-preview":"max-video-preview:-1"},"canonical":"https:\/\/www.explora-sicilia.com\/fr\/tourisme-durable\/","og_locale":"fr_FR","og_type":"article","og_title":"Tourisme durable - Explora Sicilia Natura &amp; Sport","og_description":"Explora Sicilia s'engage \u00e0 proposer des exp\u00e9riences aussi durables que possible. Entrez sur le site et d\u00e9couvrez notre mission !","og_url":"https:\/\/www.explora-sicilia.com\/fr\/tourisme-durable\/","og_site_name":"Explora Sicilia Natura &amp; Sport","article_modified_time":"2024-08-12T15:13:53+00:00","og_image":[{"width":2560,"height":1154,"url":"https:\/\/storage1334.cdn-immedia.net\/wp-content\/uploads\/2024\/01\/20230715_135025-scaled.jpg","type":"image\/jpeg"}],"twitter_card":"summary_large_image","twitter_misc":{"Dur\u00e9e de lecture estim\u00e9e":"2 minutes"},"schema":{"@context":"https:\/\/schema.org","@graph":[{"@type":"WebPage","@id":"https:\/\/www.explora-sicilia.com\/fr\/tourisme-durable\/","url":"https:\/\/www.explora-sicilia.com\/fr\/tourisme-durable\/","name":"Tourisme durable - Explora Sicilia Natura &amp; Sport","isPartOf":{"@id":"https:\/\/www.explora-sicilia.com\/fr\/#website"},"primaryImageOfPage":{"@id":"https:\/\/www.explora-sicilia.com\/fr\/tourisme-durable\/#primaryimage"},"image":{"@id":"https:\/\/www.explora-sicilia.com\/fr\/tourisme-durable\/#primaryimage"},"thumbnailUrl":"https:\/\/storage1334.cdn-immedia.net\/wp-content\/uploads\/2024\/01\/20230715_135025-scaled.jpg","datePublished":"2024-01-10T08:57:08+00:00","dateModified":"2024-08-12T15:13:53+00:00","description":"Explora Sicilia s'engage \u00e0 proposer des exp\u00e9riences aussi durables que possible. Entrez sur le site et d\u00e9couvrez notre mission !","breadcrumb":{"@id":"https:\/\/www.explora-sicilia.com\/fr\/tourisme-durable\/#breadcrumb"},"inLanguage":"fr-FR","potentialAction":[{"@type":"ReadAction","target":["https:\/\/www.explora-sicilia.com\/fr\/tourisme-durable\/"]}]},{"@type":"ImageObject","inLanguage":"fr-FR","@id":"https:\/\/www.explora-sicilia.com\/fr\/tourisme-durable\/#primaryimage","url":"https:\/\/storage1334.cdn-immedia.net\/wp-content\/uploads\/2024\/01\/20230715_135025-scaled.jpg","contentUrl":"https:\/\/storage1334.cdn-immedia.net\/wp-content\/uploads\/2024\/01\/20230715_135025-scaled.jpg","width":2560,"height":1154},{"@type":"BreadcrumbList","@id":"https:\/\/www.explora-sicilia.com\/fr\/tourisme-durable\/#breadcrumb","itemListElement":[{"@type":"ListItem","position":1,"name":"Home","item":"https:\/\/www.explora-sicilia.com\/fr\/"},{"@type":"ListItem","position":2,"name":"&nbsp;"}]},{"@type":"WebSite","@id":"https:\/\/www.explora-sicilia.com\/fr\/#website","url":"https:\/\/www.explora-sicilia.com\/fr\/","name":"Explora Sicilia Natura &amp; Sport","description":"","potentialAction":[{"@type":"SearchAction","target":{"@type":"EntryPoint","urlTemplate":"https:\/\/www.explora-sicilia.com\/fr\/?s={search_term_string}"},"query-input":{"@type":"PropertyValueSpecification","valueRequired":true,"valueName":"search_term_string"}}],"inLanguage":"fr-FR"}]}},"_links":{"self":[{"href":"https:\/\/www.explora-sicilia.com\/fr\/wp-json\/wp\/v2\/pages\/6475","targetHints":{"allow":["GET"]}}],"collection":[{"href":"https:\/\/www.explora-sicilia.com\/fr\/wp-json\/wp\/v2\/pages"}],"about":[{"href":"https:\/\/www.explora-sicilia.com\/fr\/wp-json\/wp\/v2\/types\/page"}],"author":[{"embeddable":true,"href":"https:\/\/www.explora-sicilia.com\/fr\/wp-json\/wp\/v2\/users\/1"}],"replies":[{"embeddable":true,"href":"https:\/\/www.explora-sicilia.com\/fr\/wp-json\/wp\/v2\/comments?post=6475"}],"version-history":[{"count":65,"href":"https:\/\/www.explora-sicilia.com\/fr\/wp-json\/wp\/v2\/pages\/6475\/revisions"}],"predecessor-version":[{"id":6803,"href":"https:\/\/www.explora-sicilia.com\/fr\/wp-json\/wp\/v2\/pages\/6475\/revisions\/6803"}],"wp:featuredmedia":[{"embeddable":true,"href":"https:\/\/www.explora-sicilia.com\/fr\/wp-json\/wp\/v2\/media\/6565"}],"wp:attachment":[{"href":"https:\/\/www.explora-sicilia.com\/fr\/wp-json\/wp\/v2\/media?parent=6475"}],"curies":[{"name":"wp","href":"https:\/\/api.w.org\/{rel}","templated":true}]}}