{"id":5690,"date":"2023-02-28T15:25:57","date_gmt":"2023-02-28T14:25:57","guid":{"rendered":"https:\/\/www.explora-sicilia.com\/?page_id=5690"},"modified":"2024-01-31T16:53:49","modified_gmt":"2024-01-31T15:53:49","slug":"contacts","status":"publish","type":"page","link":"https:\/\/www.explora-sicilia.com\/fr\/contacts\/","title":{"rendered":"Contacts"},"content":{"rendered":"\n<!-- SPACER -->\n<\/div>\n<div   class=\"spacer l-d-spacer bg-white \">\n    &nbsp;<\/div>\n<div class=\"cms-content\">\n<!-- \/\/ SPACER -->\n\n\n<\/div>\n<div class=\"text-iframe \">\n  <div class=\"text-iframe__container container flex flex-row\">\n    <div class=\"text-iframe__column text-iframe__column-text\">\n      <div class=\"text-iframer__text-wrap\">\n\n\t\t\t\t        <div class=\"text-iframe__paragraphs fade\">\n          <h2 class=\"h2\">Explora Natura e Sport<\/h2>\n<p>&nbsp;<\/p>\n<p>Via Marche, 35 \/ 37, Palermo<\/p>\n<p><br data-rich-text-line-break=\"true\" \/>Email: <a href=\"mailto:info@explora-sicilia.com\">info@explora-sicilia.com<\/a><\/p>\n<p><br data-rich-text-line-break=\"true\" \/>T\u00e9l\u00e9phone:\u00a0<a href=\"tel:+390916709894\">+(39) 091 670 98 94<\/a><\/p>\n<p><br data-rich-text-line-break=\"true\" \/>Fax:\u00a0+(39) 091 670 93 87<\/p>\n        <\/div>\n\t\t\t\t\n\n      <\/div>\n    <\/div>\n\n\t\t\t    <div class=\"text-iframe__column text-iframe__column-media fade min-height\">\n\t      <iframe src=\"https:\/\/www.google.com\/maps\/embed?pb=!1m18!1m12!1m3!1d959.5826776284953!2d13.332715775023708!3d38.14376561955304!2m3!1f0!2f0!3f0!3m2!1i1024!2i768!4f13.1!3m3!1m2!1s0x1319e8caf7c21abf%3A0x2b0013215e898db6!2sExplora%20Natura%20%26%20Sport!5e0!3m2!1sit!2sit!4v1678959038175!5m2!1sit!2sit\" width=\"600\" height=\"450\" style=\"border:0;\" allowfullscreen=\"\" loading=\"lazy\" referrerpolicy=\"no-referrer-when-downgrade\"><\/iframe>\t    <\/div>\n\t\t\n  <\/div>\n<\/div>\n<div class=\"cms-content\">\n\n\n\n<!-- SPACER -->\n<\/div>\n<div   class=\"spacer l-d-spacer bg-white \">\n    &nbsp;<\/div>\n<div class=\"cms-content\">\n<!-- \/\/ SPACER -->\n\n\n<\/div>\n<!-- FORM -->\n<div class=\"block-contact-form bg-light \" id=\"form-info\">\n    <div class=\"block-contact-form__container container\">\n        \n<div class=\"wpcf7 no-js\" id=\"wpcf7-f5-o1\" lang=\"fr-FR\" dir=\"ltr\" data-wpcf7-id=\"5\">\n<div class=\"screen-reader-response\"><p role=\"status\" aria-live=\"polite\" aria-atomic=\"true\"><\/p> <ul><\/ul><\/div>\n<form action=\"\/fr\/wp-json\/wp\/v2\/pages\/5690#wpcf7-f5-o1\" method=\"post\" class=\"wpcf7-form init\" aria-label=\"Formulaire de contact\" novalidate=\"novalidate\" data-status=\"init\">\n<fieldset class=\"hidden-fields-container\"><input type=\"hidden\" name=\"_wpcf7\" value=\"5\" \/><input type=\"hidden\" name=\"_wpcf7_version\" value=\"6.1.5\" \/><input type=\"hidden\" name=\"_wpcf7_locale\" value=\"fr_FR\" \/><input type=\"hidden\" name=\"_wpcf7_unit_tag\" value=\"wpcf7-f5-o1\" \/><input type=\"hidden\" name=\"_wpcf7_container_post\" value=\"0\" \/><input type=\"hidden\" name=\"_wpcf7_posted_data_hash\" value=\"\" \/><input type=\"hidden\" name=\"_wpcf7_recaptcha_response\" value=\"\" \/>\n<\/fieldset>\n<p><span class=\"block-contact-form__over-head over-head\">Contactez-nous<\/span>\n<\/p>\n<h2 class=\"h2 block-contact-form__title\">Remplissez le formulaire pour demander des informations\n<\/h2>\n<div class=\"form\">\n\t<div class=\"box-columns flex input-box\">\n\t\t<div class=\"form-item\">\n\t\t\t<p><label for=\"nome\"><span class=\"label-text\">Nom*<\/span> <span class=\"wpcf7-form-control-wrap\" data-name=\"nome\"><input size=\"40\" maxlength=\"400\" class=\"wpcf7-form-control wpcf7-text wpcf7-validates-as-required\" id=\"nome\" aria-required=\"true\" aria-invalid=\"false\" value=\"\" type=\"text\" name=\"nome\" \/><\/span><\/label>\n\t\t\t<\/p>\n\t\t<\/div>\n\t\t<div class=\"form-item\">\n\t\t\t<p><label for=\"cognome\"><span class=\"label-text\">Pr\u00e9nom*<\/span> <span class=\"wpcf7-form-control-wrap\" data-name=\"cognome\"><input size=\"40\" maxlength=\"400\" class=\"wpcf7-form-control wpcf7-text wpcf7-validates-as-required\" id=\"cognome\" aria-required=\"true\" aria-invalid=\"false\" value=\"\" type=\"text\" name=\"cognome\" \/><\/span><\/label>\n\t\t\t<\/p>\n\t\t<\/div>\n\t<\/div>\n\t<div class=\"box-columns flex input-box\">\n\t\t<div class=\"form-item\">\n\t\t\t<p><label for=\"email\"><span class=\"label-text\">Email*<\/span> <span class=\"wpcf7-form-control-wrap\" data-name=\"email\"><input size=\"40\" maxlength=\"400\" class=\"wpcf7-form-control wpcf7-email wpcf7-validates-as-required wpcf7-text wpcf7-validates-as-email\" id=\"email\" aria-required=\"true\" aria-invalid=\"false\" value=\"\" type=\"email\" name=\"email\" \/><\/span><\/label>\n\t\t\t<\/p>\n\t\t<\/div>\n\t\t<div class=\"form-item\">\n\t\t\t<p><label for=\"tel\"><span class=\"label-text\">Num\u00e9ro de t\u00e9l\u00e9phone*<\/span> <span class=\"wpcf7-form-control-wrap\" data-name=\"tel\"><input size=\"40\" maxlength=\"400\" class=\"wpcf7-form-control wpcf7-tel wpcf7-validates-as-required wpcf7-text wpcf7-validates-as-tel\" id=\"tel\" aria-required=\"true\" aria-invalid=\"false\" value=\"\" type=\"tel\" name=\"tel\" \/><\/span><\/label>\n\t\t\t<\/p>\n\t\t<\/div>\n\t<\/div>\n\t<div class=\"box-columns flex input-box\">\n\t\t<div class=\"form-item\">\n\t\t\t<p><label for=\"messaggio\"><span class=\"label-text\">Message*<\/span> <span class=\"wpcf7-form-control-wrap\" data-name=\"messaggio\"><textarea cols=\"40\" rows=\"6\" maxlength=\"2000\" class=\"wpcf7-form-control wpcf7-textarea wpcf7-validates-as-required\" id=\"messaggio\" aria-required=\"true\" aria-invalid=\"false\" name=\"messaggio\"><\/textarea><\/span><\/label>\n\t\t\t<\/p>\n\t\t<\/div>\n\t<\/div>\n\t<div class=\"box-columns flex flex-wrap\">\n\t\t<div class=\"col-12 required\">\n\t\t\t<p>*Champs obligatoires\n\t\t\t<\/p>\n\t\t<\/div>\n\t<\/div>\n\t<div class=\"box-columns box-acceptance\">\n\t\t<div class=\"col-12\">\n\t\t\t<div class=\"dichiarazione_consenso\">\n\t\t\t\t<div class=\"form-item\">\n\t\t\t\t\t<p><span class=\"title-dichiarazione h3\">D\u00e9claration de consentement<\/span>\n\t\t\t\t\t<\/p>\n\t\t\t\t<\/div>\n\t\t\t\t<div class=\"im-accordion-form\">\n\t\t\t\t\t<div class=\"im-accordion__toggle flex justify-content-between align-items-center\" data-accordion=\"dichiarazione-accordion\" data-group=\"contact-group-1\" data-close=\"true\">\n\t\t\t\t\t\t<div class=\"im-accordion__title h4\">\n\t\t\t\t\t\t\t<p><u>J\u2019ai lu la note d\u2019information:<\/u>\n\t\t\t\t\t\t\t<\/p>\n\t\t\t\t\t\t<\/div>\n\t\t\t\t\t\t<div class=\"im-accordion__icon icon-close\">\n\t\t\t\t\t\t\t<p><svg xmlns=\"http:\/\/www.w3.org\/2000\/svg\" xmlns:xlink=\"http:\/\/www.w3.org\/1999\/xlink\" shape-rendering=\"geometricPrecision\" class=\"close\"><use xlink:href=\"https:\/\/www.explora-sicilia.com\/wp-content\/themes\/explora-sicilia.com\/assets\/build\/spritemap.svg#ico_plus\"><\/use><\/svg>\n\t\t\t\t\t\t\t<\/p>\n\t\t\t\t\t\t<\/div>\n\t\t\t\t\t<\/div>\n\t\t\t\t\t<div class=\"im-accordion__content\" data-accordion=\"dichiarazione-accordion\">\n\t\t\t\t\t\t<div data-wrapper-height=\"\">\n\t\t\t\t\t\t\t<p><strong>INFORMATIONS ART. 13 R\u00e8glement UE 2016\/679 (\u00ab GDPR \u00bb):<\/strong>&nbsp;Les donn\u00e9es personnelles recueillies sur cette page web seront trait\u00e9es sur format papier et \u00e9lectronique aux fins suivantes:\n\t\t\t\t\t\t\t<\/p>\n\t\t\t\t\t\t\t<p>a) Pour traiter votre demande de renseignements concernant nos produits ou pour recevoir des informations sur nos revendeurs;\n\t\t\t\t\t\t\t<\/p>\n\t\t\t\t\t\t\t<p>b) Pour l&rsquo;envoi de communications informatives et commerciales, \u00e9galement de nature promotionnelle (y compris notre newsletter), de mat\u00e9riel publicitaire et\/ou d&rsquo;offres de biens et services, par tout moyen (connu ou non), y compris, \u00e0 titre d\u2019exemple mais sans limitation, courrier, Internet, t\u00e9l\u00e9phone, e-mail, MMS, SMS, etc.\n\t\t\t\t\t\t\t<\/p>\n\t\t\t\t\t\t\t<p>La nature de la fourniture de vos donn\u00e9es aux fins mentionn\u00e9es au point a) est n\u00e9cessaire pour pouvoir r\u00e9pondre \u00e0 votre demande de renseignements, tout refus pouvant porter pr\u00e9judice \u00e0 cette possibilit\u00e9 ; tandis qu&rsquo;aux fins vis\u00e9es au point b), la fourniture de donn\u00e9es est facultative, et un refus n&rsquo;aura aucune cons\u00e9quence par rapport aux fins mentionn\u00e9es au point a). Ces donn\u00e9es seront trait\u00e9es par le personnel interne, communiqu\u00e9es exclusivement aux parties autoris\u00e9es, et ne seront pas diffus\u00e9es. En ce qui concerne les donn\u00e9es fournies, vous pouvez exercer les droits pr\u00e9vus \u00e0 l&rsquo;article 7, en adressant une demande \u00e9crite sp\u00e9cifique au responsable du traitement des donn\u00e9es: Explora s.r.l. &#8211; TVA 04946810829 &#8211; info@explora-sicilia.com\n\t\t\t\t\t\t\t<\/p>\n\t\t\t\t\t\t<\/div>\n\t\t\t\t\t<\/div>\n\t\t\t\t<\/div>\n\t\t\t<\/div>\n\t\t\t<div class=\"form-item radios--wrapper\">\n\t\t\t\t<legend><br \/>\n<span class=\"fieldset-legend js-form-required form-required\">Je consens \u00e0 ce que mes donn\u00e9es personnelles soient utilis\u00e9es aux fins mentionn\u00e9es au point a) (demande de renseignements)*<\/span>\n\t\t\t\t<\/legend>\n\t\t\t\t<div class=\"fieldset-wrapper\">\n\t\t\t\t\t<p><span class=\"wpcf7-form-control-wrap\" data-name=\"acceptance-a\"><span class=\"wpcf7-form-control wpcf7-radio\"><span class=\"wpcf7-list-item first\"><label><input type=\"radio\" name=\"acceptance-a\" value=\"Oui\" \/><span class=\"wpcf7-list-item-label\">Oui<\/span><\/label><\/span><span class=\"wpcf7-list-item last\"><label><input type=\"radio\" name=\"acceptance-a\" value=\"Non\" \/><span class=\"wpcf7-list-item-label\">Non<\/span><\/label><\/span><\/span><\/span>\n\t\t\t\t\t<\/p>\n\t\t\t\t<\/div>\n\t\t\t<\/div>\n\t\t\t<div class=\"form-item radios--wrapper\">\n\t\t\t\t<legend><br \/>\n<span class=\"fieldset-legend js-form-required form-required\">Je consens \u00e0 ce que mes donn\u00e9es personnelles soient utilis\u00e9es aux fins mentionn\u00e9es au point b (marketing)*<\/span>\n\t\t\t\t<\/legend>\n\t\t\t\t<div class=\"fieldset-wrapper\">\n\t\t\t\t\t<p><span class=\"wpcf7-form-control-wrap\" data-name=\"acceptance-b\"><span class=\"wpcf7-form-control wpcf7-radio\"><span class=\"wpcf7-list-item first\"><label><input type=\"radio\" name=\"acceptance-b\" value=\"Oui\" \/><span class=\"wpcf7-list-item-label\">Oui<\/span><\/label><\/span><span class=\"wpcf7-list-item last\"><label><input type=\"radio\" name=\"acceptance-b\" value=\"Non\" \/><span class=\"wpcf7-list-item-label\">Non<\/span><\/label><\/span><\/span><\/span>\n\t\t\t\t\t<\/p>\n\t\t\t\t<\/div>\n\t\t\t<\/div>\n\t\t<\/div>\n\t<\/div>\n\t<div class=\"box-columns flex flex-wrap\">\n\t\t<div class=\"col-12 form-buttons-wrap\">\n\t\t\t<div class=\"form-actions\">\n\t\t\t\t<p><input class=\"wpcf7-form-control wpcf7-submit has-spinner button primary-button no-svg-wrap\" type=\"submit\" value=\"Envoyer\" \/>\n\t\t\t\t<\/p>\n\t\t\t<\/div>\n\t\t<\/div>\n\t<\/div>\n<\/div><div class=\"wpcf7-response-output\" aria-hidden=\"true\"><\/div>\n<\/form>\n<\/div>\n    <\/div>\n<\/div>\n<!-- \/\/ FORM -->\n<div class=\"cms-content\">","protected":false},"excerpt":{"rendered":"","protected":false},"author":1,"featured_media":5379,"parent":0,"menu_order":11,"comment_status":"closed","ping_status":"closed","template":"","meta":{"_acf_changed":false,"footnotes":""},"class_list":["post-5690","page","type-page","status-publish","has-post-thumbnail","hentry"],"acf":[],"yoast_head":"<!-- This site is optimized with the Yoast SEO plugin v27.3 - https:\/\/yoast.com\/product\/yoast-seo-wordpress\/ -->\n<title>Explora Sicilia Natura e Sport | Contacts<\/title>\n<meta name=\"description\" content=\"Contactez le tour-op\u00e9rateur Explora Sicilia Natura e Sport pour conna\u00eetre tous les d\u00e9tails sur les voyages en Sicile et en dehors de la r\u00e9gion.\" \/>\n<meta name=\"robots\" content=\"index, follow, max-snippet:-1, max-image-preview:large, max-video-preview:-1\" \/>\n<link rel=\"canonical\" href=\"https:\/\/www.explora-sicilia.com\/fr\/contacts\/\" \/>\n<meta property=\"og:locale\" content=\"fr_FR\" \/>\n<meta property=\"og:type\" content=\"article\" \/>\n<meta property=\"og:title\" content=\"Explora Sicilia Natura e Sport | Contacts\" \/>\n<meta property=\"og:description\" content=\"Contactez le tour-op\u00e9rateur Explora Sicilia Natura e Sport pour conna\u00eetre tous les d\u00e9tails sur les voyages en Sicile et en dehors de la r\u00e9gion.\" \/>\n<meta property=\"og:url\" content=\"https:\/\/www.explora-sicilia.com\/fr\/contacts\/\" \/>\n<meta property=\"og:site_name\" content=\"Explora Sicilia Natura &amp; Sport\" \/>\n<meta property=\"article:modified_time\" content=\"2024-01-31T15:53:49+00:00\" \/>\n<meta property=\"og:image\" content=\"https:\/\/storage1334.cdn-immedia.net\/wp-content\/uploads\/2023\/02\/Etna-sud71-scaled.jpeg\" \/>\n\t<meta property=\"og:image:width\" content=\"2560\" \/>\n\t<meta property=\"og:image:height\" content=\"1738\" \/>\n\t<meta property=\"og:image:type\" content=\"image\/jpeg\" \/>\n<meta name=\"twitter:card\" content=\"summary_large_image\" \/>\n<meta name=\"twitter:label1\" content=\"Dur\u00e9e de lecture estim\u00e9e\" \/>\n\t<meta name=\"twitter:data1\" content=\"1 minute\" \/>\n<script type=\"application\/ld+json\" class=\"yoast-schema-graph\">{\"@context\":\"https:\\\/\\\/schema.org\",\"@graph\":[{\"@type\":\"WebPage\",\"@id\":\"https:\\\/\\\/www.explora-sicilia.com\\\/fr\\\/contacts\\\/\",\"url\":\"https:\\\/\\\/www.explora-sicilia.com\\\/fr\\\/contacts\\\/\",\"name\":\"Explora Sicilia Natura e Sport | Contacts\",\"isPartOf\":{\"@id\":\"https:\\\/\\\/www.explora-sicilia.com\\\/fr\\\/#website\"},\"primaryImageOfPage\":{\"@id\":\"https:\\\/\\\/www.explora-sicilia.com\\\/fr\\\/contacts\\\/#primaryimage\"},\"image\":{\"@id\":\"https:\\\/\\\/www.explora-sicilia.com\\\/fr\\\/contacts\\\/#primaryimage\"},\"thumbnailUrl\":\"https:\\\/\\\/www.explora-sicilia.com\\\/wp-content\\\/uploads\\\/2023\\\/02\\\/Etna-sud71-scaled.jpeg\",\"datePublished\":\"2023-02-28T14:25:57+00:00\",\"dateModified\":\"2024-01-31T15:53:49+00:00\",\"description\":\"Contactez le tour-op\u00e9rateur Explora Sicilia Natura e Sport pour conna\u00eetre tous les d\u00e9tails sur les voyages en Sicile et en dehors de la r\u00e9gion.\",\"breadcrumb\":{\"@id\":\"https:\\\/\\\/www.explora-sicilia.com\\\/fr\\\/contacts\\\/#breadcrumb\"},\"inLanguage\":\"fr-FR\",\"potentialAction\":[{\"@type\":\"ReadAction\",\"target\":[\"https:\\\/\\\/www.explora-sicilia.com\\\/fr\\\/contacts\\\/\"]}]},{\"@type\":\"ImageObject\",\"inLanguage\":\"fr-FR\",\"@id\":\"https:\\\/\\\/www.explora-sicilia.com\\\/fr\\\/contacts\\\/#primaryimage\",\"url\":\"https:\\\/\\\/www.explora-sicilia.com\\\/wp-content\\\/uploads\\\/2023\\\/02\\\/Etna-sud71-scaled.jpeg\",\"contentUrl\":\"https:\\\/\\\/www.explora-sicilia.com\\\/wp-content\\\/uploads\\\/2023\\\/02\\\/Etna-sud71-scaled.jpeg\",\"width\":2560,\"height\":1738},{\"@type\":\"BreadcrumbList\",\"@id\":\"https:\\\/\\\/www.explora-sicilia.com\\\/fr\\\/contacts\\\/#breadcrumb\",\"itemListElement\":[{\"@type\":\"ListItem\",\"position\":1,\"name\":\"Home\",\"item\":\"https:\\\/\\\/www.explora-sicilia.com\\\/fr\\\/\"},{\"@type\":\"ListItem\",\"position\":2,\"name\":\"&nbsp;\"}]},{\"@type\":\"WebSite\",\"@id\":\"https:\\\/\\\/www.explora-sicilia.com\\\/fr\\\/#website\",\"url\":\"https:\\\/\\\/www.explora-sicilia.com\\\/fr\\\/\",\"name\":\"Explora Sicilia Natura &amp; Sport\",\"description\":\"\",\"potentialAction\":[{\"@type\":\"SearchAction\",\"target\":{\"@type\":\"EntryPoint\",\"urlTemplate\":\"https:\\\/\\\/www.explora-sicilia.com\\\/fr\\\/?s={search_term_string}\"},\"query-input\":{\"@type\":\"PropertyValueSpecification\",\"valueRequired\":true,\"valueName\":\"search_term_string\"}}],\"inLanguage\":\"fr-FR\"}]}<\/script>\n<!-- \/ Yoast SEO plugin. -->","yoast_head_json":{"title":"Explora Sicilia Natura e Sport | Contacts","description":"Contactez le tour-op\u00e9rateur Explora Sicilia Natura e Sport pour conna\u00eetre tous les d\u00e9tails sur les voyages en Sicile et en dehors de la r\u00e9gion.","robots":{"index":"index","follow":"follow","max-snippet":"max-snippet:-1","max-image-preview":"max-image-preview:large","max-video-preview":"max-video-preview:-1"},"canonical":"https:\/\/www.explora-sicilia.com\/fr\/contacts\/","og_locale":"fr_FR","og_type":"article","og_title":"Explora Sicilia Natura e Sport | Contacts","og_description":"Contactez le tour-op\u00e9rateur Explora Sicilia Natura e Sport pour conna\u00eetre tous les d\u00e9tails sur les voyages en Sicile et en dehors de la r\u00e9gion.","og_url":"https:\/\/www.explora-sicilia.com\/fr\/contacts\/","og_site_name":"Explora Sicilia Natura &amp; Sport","article_modified_time":"2024-01-31T15:53:49+00:00","og_image":[{"width":2560,"height":1738,"url":"https:\/\/storage1334.cdn-immedia.net\/wp-content\/uploads\/2023\/02\/Etna-sud71-scaled.jpeg","type":"image\/jpeg"}],"twitter_card":"summary_large_image","twitter_misc":{"Dur\u00e9e de lecture estim\u00e9e":"1 minute"},"schema":{"@context":"https:\/\/schema.org","@graph":[{"@type":"WebPage","@id":"https:\/\/www.explora-sicilia.com\/fr\/contacts\/","url":"https:\/\/www.explora-sicilia.com\/fr\/contacts\/","name":"Explora Sicilia Natura e Sport | Contacts","isPartOf":{"@id":"https:\/\/www.explora-sicilia.com\/fr\/#website"},"primaryImageOfPage":{"@id":"https:\/\/www.explora-sicilia.com\/fr\/contacts\/#primaryimage"},"image":{"@id":"https:\/\/www.explora-sicilia.com\/fr\/contacts\/#primaryimage"},"thumbnailUrl":"https:\/\/storage1334.cdn-immedia.net\/wp-content\/uploads\/2023\/02\/Etna-sud71-scaled.jpeg","datePublished":"2023-02-28T14:25:57+00:00","dateModified":"2024-01-31T15:53:49+00:00","description":"Contactez le tour-op\u00e9rateur Explora Sicilia Natura e Sport pour conna\u00eetre tous les d\u00e9tails sur les voyages en Sicile et en dehors de la r\u00e9gion.","breadcrumb":{"@id":"https:\/\/www.explora-sicilia.com\/fr\/contacts\/#breadcrumb"},"inLanguage":"fr-FR","potentialAction":[{"@type":"ReadAction","target":["https:\/\/www.explora-sicilia.com\/fr\/contacts\/"]}]},{"@type":"ImageObject","inLanguage":"fr-FR","@id":"https:\/\/www.explora-sicilia.com\/fr\/contacts\/#primaryimage","url":"https:\/\/storage1334.cdn-immedia.net\/wp-content\/uploads\/2023\/02\/Etna-sud71-scaled.jpeg","contentUrl":"https:\/\/storage1334.cdn-immedia.net\/wp-content\/uploads\/2023\/02\/Etna-sud71-scaled.jpeg","width":2560,"height":1738},{"@type":"BreadcrumbList","@id":"https:\/\/www.explora-sicilia.com\/fr\/contacts\/#breadcrumb","itemListElement":[{"@type":"ListItem","position":1,"name":"Home","item":"https:\/\/www.explora-sicilia.com\/fr\/"},{"@type":"ListItem","position":2,"name":"&nbsp;"}]},{"@type":"WebSite","@id":"https:\/\/www.explora-sicilia.com\/fr\/#website","url":"https:\/\/www.explora-sicilia.com\/fr\/","name":"Explora Sicilia Natura &amp; Sport","description":"","potentialAction":[{"@type":"SearchAction","target":{"@type":"EntryPoint","urlTemplate":"https:\/\/www.explora-sicilia.com\/fr\/?s={search_term_string}"},"query-input":{"@type":"PropertyValueSpecification","valueRequired":true,"valueName":"search_term_string"}}],"inLanguage":"fr-FR"}]}},"_links":{"self":[{"href":"https:\/\/www.explora-sicilia.com\/fr\/wp-json\/wp\/v2\/pages\/5690","targetHints":{"allow":["GET"]}}],"collection":[{"href":"https:\/\/www.explora-sicilia.com\/fr\/wp-json\/wp\/v2\/pages"}],"about":[{"href":"https:\/\/www.explora-sicilia.com\/fr\/wp-json\/wp\/v2\/types\/page"}],"author":[{"embeddable":true,"href":"https:\/\/www.explora-sicilia.com\/fr\/wp-json\/wp\/v2\/users\/1"}],"replies":[{"embeddable":true,"href":"https:\/\/www.explora-sicilia.com\/fr\/wp-json\/wp\/v2\/comments?post=5690"}],"version-history":[{"count":24,"href":"https:\/\/www.explora-sicilia.com\/fr\/wp-json\/wp\/v2\/pages\/5690\/revisions"}],"predecessor-version":[{"id":6668,"href":"https:\/\/www.explora-sicilia.com\/fr\/wp-json\/wp\/v2\/pages\/5690\/revisions\/6668"}],"wp:featuredmedia":[{"embeddable":true,"href":"https:\/\/www.explora-sicilia.com\/fr\/wp-json\/wp\/v2\/media\/5379"}],"wp:attachment":[{"href":"https:\/\/www.explora-sicilia.com\/fr\/wp-json\/wp\/v2\/media?parent=5690"}],"curies":[{"name":"wp","href":"https:\/\/api.w.org\/{rel}","templated":true}]}}