{"id":5611,"date":"2023-02-22T11:21:46","date_gmt":"2023-02-22T10:21:46","guid":{"rendered":"https:\/\/www.explora-sicilia.com\/?page_id=5611"},"modified":"2024-01-11T11:32:26","modified_gmt":"2024-01-11T10:32:26","slug":"newsletter","status":"publish","type":"page","link":"https:\/\/www.explora-sicilia.com\/fr\/newsletter\/","title":{"rendered":"Newsletter"},"content":{"rendered":"\n<\/div>\n\n\n\n<div class=\"block-contact-form bg-light\"><div class=\"block-contact-form__container container\"><script>(function() {\n\twindow.mc4wp = window.mc4wp || {\n\t\tlisteners: [],\n\t\tforms: {\n\t\t\ton: function(evt, cb) {\n\t\t\t\twindow.mc4wp.listeners.push(\n\t\t\t\t\t{\n\t\t\t\t\t\tevent   : evt,\n\t\t\t\t\t\tcallback: cb\n\t\t\t\t\t}\n\t\t\t\t);\n\t\t\t}\n\t\t}\n\t}\n})();\n<\/script><!-- Mailchimp for WordPress v4.12.1 - https:\/\/wordpress.org\/plugins\/mailchimp-for-wp\/ --><form id=\"mc4wp-form-1\" class=\"mc4wp-form mc4wp-form-5610\" method=\"post\" data-id=\"5610\" data-name=\"Newsletter\" ><div class=\"mc4wp-form-fields\"><div class=\"form\">\r\n  <div class=\"box-columns flex input-box\">\r\n    <div class=\"form-item\">\r\n      <label for=\"EMAIL\">\r\n        <span class=\"label-text\">Email:<\/span>\r\n        <input type=\"email\" name=\"EMAIL\" id=\"EMAIL\" required \/>\r\n      <\/label>\r\n    <\/div>\r\n  <\/div>\r\n\r\n  <div class=\"box-columns flex input-box\" style=\"margin-top:0\">\r\n    <div class=\"form-item\">\r\n      <label for=\"FNAME\">\r\n        <span class=\"label-text\">Nom:<\/span>\r\n        <input type=\"text\" name=\"FNAME\" id=\"FNAME\">\r\n      <\/label>\r\n    <\/div>\r\n\r\n    <div class=\"form-item\">\r\n      <label for=\"LNAME\">\r\n        <span class=\"label-text\">Pr\u00e9nom:<\/span>\r\n        <input type=\"text\" name=\"LNAME\" id=\"LNAME\">\r\n      <\/label>\r\n    <\/div>\r\n  <\/div>\r\n\r\n  <div class=\"box-columns\">\r\n    <div class=\"col-12\">\r\n      <div class=\"check-wrapper\">\r\n        <span class=\"\">\r\n          <label for=\"AGREE_TO_TERMS\"><input name=\"AGREE_TO_TERMS\" id=\"AGREE_TO_TERMS\" type=\"checkbox\" value=\"Oui\" required=\"\">\r\n <span class=\"label-text\">Apr\u00e8s avoir lu la <a href=\"https:\/\/www.explora-sicilia.com\/fr\/privacy-policy\/\" rel=\"noopener\" target=\"_blank\">Privacy Policy<\/a>, J'accepte de recevoir la newsletter conform\u00e9ment au R\u00e8glement UE 2016\/679 (GDPR)<\/span><\/label>\r\n        <\/span>\r\n      <\/div>\r\n    <\/div>\r\n <\/div>\r\n\r\n    <div class=\"box-columns flex flex-wrap align-items-end justify-content-end\">\r\n      <div class=\"col-12\">\r\n        <div class=\"form-actions\">\r\n          <input type=\"submit\" value=\"S'abonner\" class=\"button primary-button\"\/>\r\n        <\/div>\r\n      <\/div>\r\n    <\/div>\r\n\r\n<\/div>\r\n<\/div><label style=\"display: none !important;\">Laissez ce champ vide si vous \u00eates humain\u00a0: <input type=\"text\" name=\"_mc4wp_honeypot\" value=\"\" tabindex=\"-1\" autocomplete=\"off\" \/><\/label><input type=\"hidden\" name=\"_mc4wp_timestamp\" value=\"1775064843\" \/><input type=\"hidden\" name=\"_mc4wp_form_id\" value=\"5610\" \/><input type=\"hidden\" name=\"_mc4wp_form_element_id\" value=\"mc4wp-form-1\" \/><div class=\"mc4wp-response\"><\/div><\/form><!-- \/ Mailchimp for WordPress Plugin --><\/div><\/div>\n\n\n\n<div class=\"cms-content\">\n","protected":false},"excerpt":{"rendered":"","protected":false},"author":1,"featured_media":0,"parent":0,"menu_order":13,"comment_status":"closed","ping_status":"closed","template":"","meta":{"_acf_changed":false,"footnotes":""},"class_list":["post-5611","page","type-page","status-publish","hentry"],"acf":[],"yoast_head":"<!-- This site is optimized with the Yoast SEO plugin v27.3 - https:\/\/yoast.com\/product\/yoast-seo-wordpress\/ -->\n<title>Bulletins d&#039;information | Explora Sicilia Natura &amp; Sport<\/title>\n<meta name=\"description\" content=\"Pour conna\u00eetre toutes les nouveaut\u00e9s et les offres des voyages en Sicile et en dehors de la r\u00e9gion, recevez les bulletins d&#039;information de Explora Sicile.\" \/>\n<meta name=\"robots\" content=\"index, follow, max-snippet:-1, max-image-preview:large, max-video-preview:-1\" \/>\n<link rel=\"canonical\" href=\"https:\/\/www.explora-sicilia.com\/fr\/newsletter\/\" \/>\n<meta property=\"og:locale\" content=\"fr_FR\" \/>\n<meta property=\"og:type\" content=\"article\" \/>\n<meta property=\"og:title\" content=\"Bulletins d&#039;information | Explora Sicilia Natura &amp; Sport\" \/>\n<meta property=\"og:description\" content=\"Pour conna\u00eetre toutes les nouveaut\u00e9s et les offres des voyages en Sicile et en dehors de la r\u00e9gion, recevez les bulletins d&#039;information de Explora Sicile.\" \/>\n<meta property=\"og:url\" content=\"https:\/\/www.explora-sicilia.com\/fr\/newsletter\/\" \/>\n<meta property=\"og:site_name\" content=\"Explora Sicilia Natura &amp; Sport\" \/>\n<meta property=\"article:modified_time\" content=\"2024-01-11T10:32:26+00:00\" \/>\n<meta property=\"og:image\" content=\"https:\/\/storage1334.cdn-immedia.net\/wp-content\/uploads\/2024\/01\/og-explora.jpg\" \/>\n\t<meta property=\"og:image:width\" content=\"1200\" \/>\n\t<meta property=\"og:image:height\" content=\"628\" \/>\n\t<meta property=\"og:image:type\" content=\"image\/jpeg\" \/>\n<meta name=\"twitter:card\" content=\"summary_large_image\" \/>\n<meta name=\"twitter:label1\" content=\"Dur\u00e9e de lecture estim\u00e9e\" \/>\n\t<meta name=\"twitter:data1\" content=\"1 minute\" \/>\n<script type=\"application\/ld+json\" class=\"yoast-schema-graph\">{\"@context\":\"https:\\\/\\\/schema.org\",\"@graph\":[{\"@type\":\"WebPage\",\"@id\":\"https:\\\/\\\/www.explora-sicilia.com\\\/fr\\\/newsletter\\\/\",\"url\":\"https:\\\/\\\/www.explora-sicilia.com\\\/fr\\\/newsletter\\\/\",\"name\":\"Bulletins d'information | Explora Sicilia Natura & Sport\",\"isPartOf\":{\"@id\":\"https:\\\/\\\/www.explora-sicilia.com\\\/fr\\\/#website\"},\"datePublished\":\"2023-02-22T10:21:46+00:00\",\"dateModified\":\"2024-01-11T10:32:26+00:00\",\"description\":\"Pour conna\u00eetre toutes les nouveaut\u00e9s et les offres des voyages en Sicile et en dehors de la r\u00e9gion, recevez les bulletins d'information de Explora Sicile.\",\"breadcrumb\":{\"@id\":\"https:\\\/\\\/www.explora-sicilia.com\\\/fr\\\/newsletter\\\/#breadcrumb\"},\"inLanguage\":\"fr-FR\",\"potentialAction\":[{\"@type\":\"ReadAction\",\"target\":[\"https:\\\/\\\/www.explora-sicilia.com\\\/fr\\\/newsletter\\\/\"]}]},{\"@type\":\"BreadcrumbList\",\"@id\":\"https:\\\/\\\/www.explora-sicilia.com\\\/fr\\\/newsletter\\\/#breadcrumb\",\"itemListElement\":[{\"@type\":\"ListItem\",\"position\":1,\"name\":\"Home\",\"item\":\"https:\\\/\\\/www.explora-sicilia.com\\\/fr\\\/\"},{\"@type\":\"ListItem\",\"position\":2,\"name\":\"&nbsp;\"}]},{\"@type\":\"WebSite\",\"@id\":\"https:\\\/\\\/www.explora-sicilia.com\\\/fr\\\/#website\",\"url\":\"https:\\\/\\\/www.explora-sicilia.com\\\/fr\\\/\",\"name\":\"Explora Sicilia Natura &amp; Sport\",\"description\":\"\",\"potentialAction\":[{\"@type\":\"SearchAction\",\"target\":{\"@type\":\"EntryPoint\",\"urlTemplate\":\"https:\\\/\\\/www.explora-sicilia.com\\\/fr\\\/?s={search_term_string}\"},\"query-input\":{\"@type\":\"PropertyValueSpecification\",\"valueRequired\":true,\"valueName\":\"search_term_string\"}}],\"inLanguage\":\"fr-FR\"}]}<\/script>\n<!-- \/ Yoast SEO plugin. -->","yoast_head_json":{"title":"Bulletins d'information | Explora Sicilia Natura & Sport","description":"Pour conna\u00eetre toutes les nouveaut\u00e9s et les offres des voyages en Sicile et en dehors de la r\u00e9gion, recevez les bulletins d'information de Explora Sicile.","robots":{"index":"index","follow":"follow","max-snippet":"max-snippet:-1","max-image-preview":"max-image-preview:large","max-video-preview":"max-video-preview:-1"},"canonical":"https:\/\/www.explora-sicilia.com\/fr\/newsletter\/","og_locale":"fr_FR","og_type":"article","og_title":"Bulletins d'information | Explora Sicilia Natura & Sport","og_description":"Pour conna\u00eetre toutes les nouveaut\u00e9s et les offres des voyages en Sicile et en dehors de la r\u00e9gion, recevez les bulletins d'information de Explora Sicile.","og_url":"https:\/\/www.explora-sicilia.com\/fr\/newsletter\/","og_site_name":"Explora Sicilia Natura &amp; Sport","article_modified_time":"2024-01-11T10:32:26+00:00","og_image":[{"width":1200,"height":628,"url":"https:\/\/storage1334.cdn-immedia.net\/wp-content\/uploads\/2024\/01\/og-explora.jpg","type":"image\/jpeg"}],"twitter_card":"summary_large_image","twitter_misc":{"Dur\u00e9e de lecture estim\u00e9e":"1 minute"},"schema":{"@context":"https:\/\/schema.org","@graph":[{"@type":"WebPage","@id":"https:\/\/www.explora-sicilia.com\/fr\/newsletter\/","url":"https:\/\/www.explora-sicilia.com\/fr\/newsletter\/","name":"Bulletins d'information | Explora Sicilia Natura & Sport","isPartOf":{"@id":"https:\/\/www.explora-sicilia.com\/fr\/#website"},"datePublished":"2023-02-22T10:21:46+00:00","dateModified":"2024-01-11T10:32:26+00:00","description":"Pour conna\u00eetre toutes les nouveaut\u00e9s et les offres des voyages en Sicile et en dehors de la r\u00e9gion, recevez les bulletins d'information de Explora Sicile.","breadcrumb":{"@id":"https:\/\/www.explora-sicilia.com\/fr\/newsletter\/#breadcrumb"},"inLanguage":"fr-FR","potentialAction":[{"@type":"ReadAction","target":["https:\/\/www.explora-sicilia.com\/fr\/newsletter\/"]}]},{"@type":"BreadcrumbList","@id":"https:\/\/www.explora-sicilia.com\/fr\/newsletter\/#breadcrumb","itemListElement":[{"@type":"ListItem","position":1,"name":"Home","item":"https:\/\/www.explora-sicilia.com\/fr\/"},{"@type":"ListItem","position":2,"name":"&nbsp;"}]},{"@type":"WebSite","@id":"https:\/\/www.explora-sicilia.com\/fr\/#website","url":"https:\/\/www.explora-sicilia.com\/fr\/","name":"Explora Sicilia Natura &amp; Sport","description":"","potentialAction":[{"@type":"SearchAction","target":{"@type":"EntryPoint","urlTemplate":"https:\/\/www.explora-sicilia.com\/fr\/?s={search_term_string}"},"query-input":{"@type":"PropertyValueSpecification","valueRequired":true,"valueName":"search_term_string"}}],"inLanguage":"fr-FR"}]}},"_links":{"self":[{"href":"https:\/\/www.explora-sicilia.com\/fr\/wp-json\/wp\/v2\/pages\/5611","targetHints":{"allow":["GET"]}}],"collection":[{"href":"https:\/\/www.explora-sicilia.com\/fr\/wp-json\/wp\/v2\/pages"}],"about":[{"href":"https:\/\/www.explora-sicilia.com\/fr\/wp-json\/wp\/v2\/types\/page"}],"author":[{"embeddable":true,"href":"https:\/\/www.explora-sicilia.com\/fr\/wp-json\/wp\/v2\/users\/1"}],"replies":[{"embeddable":true,"href":"https:\/\/www.explora-sicilia.com\/fr\/wp-json\/wp\/v2\/comments?post=5611"}],"version-history":[{"count":2,"href":"https:\/\/www.explora-sicilia.com\/fr\/wp-json\/wp\/v2\/pages\/5611\/revisions"}],"predecessor-version":[{"id":5613,"href":"https:\/\/www.explora-sicilia.com\/fr\/wp-json\/wp\/v2\/pages\/5611\/revisions\/5613"}],"wp:attachment":[{"href":"https:\/\/www.explora-sicilia.com\/fr\/wp-json\/wp\/v2\/media?parent=5611"}],"curies":[{"name":"wp","href":"https:\/\/api.w.org\/{rel}","templated":true}]}}