{"id":4856,"date":"2023-02-20T09:53:56","date_gmt":"2023-02-20T08:53:56","guid":{"rendered":"https:\/\/www.explora-sicilia.com\/?page_id=4856"},"modified":"2024-01-25T16:13:58","modified_gmt":"2024-01-25T15:13:58","slug":"cookie-policy","status":"publish","type":"page","link":"https:\/\/www.explora-sicilia.com\/fr\/cookie-policy\/","title":{"rendered":"Cookie Policy"},"content":{"rendered":"\n<!-- SPACER -->\n<\/div>\n<div   class=\"spacer l-margin bg-white \">\n    &nbsp;<\/div>\n<div class=\"cms-content\">\n<!-- \/\/ SPACER -->\n\n\n\n<div class=\"cookie-report-container\">\t\t\n\t<p data-cookiereport=\"true\">Les cookies sont de petits fichiers texte plac\u00e9s sur votre ordinateur par les sites Web que vous visitez. Les sites Web utilisent des cookies pour aider les utilisateurs \u00e0 naviguer efficacement et \u00e0 ex\u00e9cuter certaines fonctions. Les cookies n\u00e9cessaires au bon fonctionnement du site Web peuvent \u00eatre install\u00e9s sans votre permission. Tous les autres cookies doivent \u00eatre approuv\u00e9s avant d&rsquo;\u00eatre d\u00e9finis dans le navigateur.<\/p>\t\n\t<ul>\t\n\t\t<li><strong>Cookies strictement n\u00e9cessaires.<\/strong> Les cookies strictement n\u00e9cessaires activent les fonctionnalit\u00e9s de base du site Web telles que la connexion de l&rsquo;utilisateur et la gestion du compte. Le site Web ne peut pas \u00eatre utilis\u00e9 correctement sans les cookies strictement n\u00e9cessaires.<\/li>\n\t\t<li><strong>Cookies de performance.<\/strong> Les cookies de performance sont utilis\u00e9s pour voir comment les visiteurs utilisent le site Web, par exemple avec des cookies analytiques. Ces cookies ne peuvent pas \u00eatre utilis\u00e9s pour identifier directement un visiteur sp\u00e9cifique.<\/li>\n\t\t<li><strong>Cookies de ciblage.<\/strong> Les cookies de ciblage sont utilis\u00e9s pour identifier les visiteurs sur diff\u00e9rents sites Web, par exemple les partenaires de contenu, les r\u00e9seaux de banni\u00e8res. Ces cookies peuvent \u00eatre utilis\u00e9s par les entreprises pour cr\u00e9er un profil des int\u00e9r\u00eats des visiteurs ou afficher des publicit\u00e9s pertinentes sur d&rsquo;autres sites Web.<\/li>\n\t\t<li><strong>Cookies de fonctionnalit\u00e9.<\/strong> Les cookies de fonctionnalit\u00e9 sont utilis\u00e9s pour m\u00e9moriser les informations des visiteurs sur le site Web, telles que la langue, le fuseau horaire et le contenu avanc\u00e9..<\/li>\n\t\t<li><strong>Cookies non class\u00e9s.<\/strong> Les cookies non class\u00e9s sont des cookies qui n&rsquo;appartiennent \u00e0 aucune autre cat\u00e9gorie ou qui sont en cours de cat\u00e9gorisation.<\/li>\n\t<\/ul>\t\n\t<p data-cookiereport=\"true\">Vous pouvez modifier votre consentement \u00e0 l&rsquo;utilisation des cookies ci-dessous.<\/p>\t\n\t<script type=\"text\/javascript\" charset=\"UTF-8\" data-cookiescriptreport=\"report\" src=\"\/\/report.cookie-script.com\/r\/2ee082c07e089139781912ae3cc6293d.js\"><\/script>\t\n<\/div>\n\n\n\n<!-- SPACER -->\n<\/div>\n<div   class=\"spacer l-margin bg-white \">\n    &nbsp;<\/div>\n<div class=\"cms-content\">\n<!-- \/\/ SPACER -->\n","protected":false},"excerpt":{"rendered":"<p>Les cookies sont de petits fichiers texte plac\u00e9s sur votre [&hellip;]<\/p>\n","protected":false},"author":1,"featured_media":0,"parent":0,"menu_order":31,"comment_status":"closed","ping_status":"closed","template":"","meta":{"_acf_changed":false,"footnotes":""},"class_list":["post-4856","page","type-page","status-publish","hentry"],"acf":[],"yoast_head":"<!-- This site is optimized with the Yoast SEO plugin v27.5 - https:\/\/yoast.com\/product\/yoast-seo-wordpress\/ -->\n<title>Cookie Policy - Explora Sicilia Natura &amp; Sport<\/title>\n<meta name=\"robots\" content=\"noindex, nofollow\" \/>\n<meta property=\"og:locale\" content=\"fr_FR\" \/>\n<meta property=\"og:type\" content=\"article\" \/>\n<meta property=\"og:title\" content=\"Cookie Policy - Explora Sicilia Natura &amp; Sport\" \/>\n<meta property=\"og:description\" content=\"Les cookies sont de petits fichiers texte plac\u00e9s sur votre [&hellip;]\" \/>\n<meta property=\"og:url\" content=\"https:\/\/www.explora-sicilia.com\/fr\/cookie-policy\/\" \/>\n<meta property=\"og:site_name\" content=\"Explora Sicilia Natura &amp; Sport\" \/>\n<meta property=\"article:modified_time\" content=\"2024-01-25T15:13:58+00:00\" \/>\n<meta property=\"og:image\" content=\"https:\/\/storage1334.cdn-immedia.net\/wp-content\/uploads\/2024\/01\/og-explora.jpg\" \/>\n\t<meta property=\"og:image:width\" content=\"1200\" \/>\n\t<meta property=\"og:image:height\" content=\"628\" \/>\n\t<meta property=\"og:image:type\" content=\"image\/jpeg\" \/>\n<meta name=\"twitter:card\" content=\"summary_large_image\" \/>\n<meta name=\"twitter:label1\" content=\"Dur\u00e9e de lecture estim\u00e9e\" \/>\n\t<meta name=\"twitter:data1\" content=\"2 minutes\" \/>\n<script type=\"application\/ld+json\" class=\"yoast-schema-graph\">{\"@context\":\"https:\\\/\\\/schema.org\",\"@graph\":[{\"@type\":\"WebPage\",\"@id\":\"https:\\\/\\\/www.explora-sicilia.com\\\/fr\\\/cookie-policy\\\/\",\"url\":\"https:\\\/\\\/www.explora-sicilia.com\\\/fr\\\/cookie-policy\\\/\",\"name\":\"Cookie Policy - Explora Sicilia Natura &amp; Sport\",\"isPartOf\":{\"@id\":\"https:\\\/\\\/www.explora-sicilia.com\\\/fr\\\/#website\"},\"datePublished\":\"2023-02-20T08:53:56+00:00\",\"dateModified\":\"2024-01-25T15:13:58+00:00\",\"breadcrumb\":{\"@id\":\"https:\\\/\\\/www.explora-sicilia.com\\\/fr\\\/cookie-policy\\\/#breadcrumb\"},\"inLanguage\":\"fr-FR\",\"potentialAction\":[{\"@type\":\"ReadAction\",\"target\":[\"https:\\\/\\\/www.explora-sicilia.com\\\/fr\\\/cookie-policy\\\/\"]}]},{\"@type\":\"BreadcrumbList\",\"@id\":\"https:\\\/\\\/www.explora-sicilia.com\\\/fr\\\/cookie-policy\\\/#breadcrumb\",\"itemListElement\":[{\"@type\":\"ListItem\",\"position\":1,\"name\":\"Home\",\"item\":\"https:\\\/\\\/www.explora-sicilia.com\\\/fr\\\/\"},{\"@type\":\"ListItem\",\"position\":2,\"name\":\"&nbsp;\"}]},{\"@type\":\"WebSite\",\"@id\":\"https:\\\/\\\/www.explora-sicilia.com\\\/fr\\\/#website\",\"url\":\"https:\\\/\\\/www.explora-sicilia.com\\\/fr\\\/\",\"name\":\"Explora Sicilia Natura &amp; Sport\",\"description\":\"\",\"potentialAction\":[{\"@type\":\"SearchAction\",\"target\":{\"@type\":\"EntryPoint\",\"urlTemplate\":\"https:\\\/\\\/www.explora-sicilia.com\\\/fr\\\/?s={search_term_string}\"},\"query-input\":{\"@type\":\"PropertyValueSpecification\",\"valueRequired\":true,\"valueName\":\"search_term_string\"}}],\"inLanguage\":\"fr-FR\"}]}<\/script>\n<!-- \/ Yoast SEO plugin. -->","yoast_head_json":{"title":"Cookie Policy - Explora Sicilia Natura &amp; Sport","robots":{"index":"noindex","follow":"nofollow"},"og_locale":"fr_FR","og_type":"article","og_title":"Cookie Policy - Explora Sicilia Natura &amp; Sport","og_description":"Les cookies sont de petits fichiers texte plac\u00e9s sur votre [&hellip;]","og_url":"https:\/\/www.explora-sicilia.com\/fr\/cookie-policy\/","og_site_name":"Explora Sicilia Natura &amp; Sport","article_modified_time":"2024-01-25T15:13:58+00:00","og_image":[{"width":1200,"height":628,"url":"https:\/\/storage1334.cdn-immedia.net\/wp-content\/uploads\/2024\/01\/og-explora.jpg","type":"image\/jpeg"}],"twitter_card":"summary_large_image","twitter_misc":{"Dur\u00e9e de lecture estim\u00e9e":"2 minutes"},"schema":{"@context":"https:\/\/schema.org","@graph":[{"@type":"WebPage","@id":"https:\/\/www.explora-sicilia.com\/fr\/cookie-policy\/","url":"https:\/\/www.explora-sicilia.com\/fr\/cookie-policy\/","name":"Cookie Policy - Explora Sicilia Natura &amp; Sport","isPartOf":{"@id":"https:\/\/www.explora-sicilia.com\/fr\/#website"},"datePublished":"2023-02-20T08:53:56+00:00","dateModified":"2024-01-25T15:13:58+00:00","breadcrumb":{"@id":"https:\/\/www.explora-sicilia.com\/fr\/cookie-policy\/#breadcrumb"},"inLanguage":"fr-FR","potentialAction":[{"@type":"ReadAction","target":["https:\/\/www.explora-sicilia.com\/fr\/cookie-policy\/"]}]},{"@type":"BreadcrumbList","@id":"https:\/\/www.explora-sicilia.com\/fr\/cookie-policy\/#breadcrumb","itemListElement":[{"@type":"ListItem","position":1,"name":"Home","item":"https:\/\/www.explora-sicilia.com\/fr\/"},{"@type":"ListItem","position":2,"name":"&nbsp;"}]},{"@type":"WebSite","@id":"https:\/\/www.explora-sicilia.com\/fr\/#website","url":"https:\/\/www.explora-sicilia.com\/fr\/","name":"Explora Sicilia Natura &amp; Sport","description":"","potentialAction":[{"@type":"SearchAction","target":{"@type":"EntryPoint","urlTemplate":"https:\/\/www.explora-sicilia.com\/fr\/?s={search_term_string}"},"query-input":{"@type":"PropertyValueSpecification","valueRequired":true,"valueName":"search_term_string"}}],"inLanguage":"fr-FR"}]}},"_links":{"self":[{"href":"https:\/\/www.explora-sicilia.com\/fr\/wp-json\/wp\/v2\/pages\/4856","targetHints":{"allow":["GET"]}}],"collection":[{"href":"https:\/\/www.explora-sicilia.com\/fr\/wp-json\/wp\/v2\/pages"}],"about":[{"href":"https:\/\/www.explora-sicilia.com\/fr\/wp-json\/wp\/v2\/types\/page"}],"author":[{"embeddable":true,"href":"https:\/\/www.explora-sicilia.com\/fr\/wp-json\/wp\/v2\/users\/1"}],"replies":[{"embeddable":true,"href":"https:\/\/www.explora-sicilia.com\/fr\/wp-json\/wp\/v2\/comments?post=4856"}],"version-history":[{"count":3,"href":"https:\/\/www.explora-sicilia.com\/fr\/wp-json\/wp\/v2\/pages\/4856\/revisions"}],"predecessor-version":[{"id":6629,"href":"https:\/\/www.explora-sicilia.com\/fr\/wp-json\/wp\/v2\/pages\/4856\/revisions\/6629"}],"wp:attachment":[{"href":"https:\/\/www.explora-sicilia.com\/fr\/wp-json\/wp\/v2\/media?parent=4856"}],"curies":[{"name":"wp","href":"https:\/\/api.w.org\/{rel}","templated":true}]}}