{"id":211,"date":"2023-02-07T16:45:59","date_gmt":"2023-02-07T15:45:59","guid":{"rendered":"https:\/\/www.explora-sicilia.com\/?page_id=211"},"modified":"2025-12-03T12:14:59","modified_gmt":"2025-12-03T11:14:59","slug":"agence-de-voyages-sicile","status":"publish","type":"page","link":"https:\/\/www.explora-sicilia.com\/fr\/agence-de-voyages-sicile\/","title":{"rendered":"Explora"},"content":{"rendered":"<\/div>\n\n<div class=\"im-text-on-bg bg-white  \">\n  <div class=\"im-text-on-bg__container\">\n    <div class=\"im-text-on-bg__text container no-height\">\n      <div class=\"im-text-on-bg__text-wrap flex flex-column fade text-left\">\n\n\t\t\t\t<div class=\"im-text-on-bg__title-wrap\">\n\t\t\t\t\t\t\t\t\t\t<span class=\"im-text-on-bg__over-head over-head\">L&rsquo;histoire<\/span>\n\t\t\t\t\t\n\t\t\t\t\t\t\t\t\t\t<h2 class=\"im-text-on-bg__title h2\">Explora Natura &#038; Sport<\/h2>\n\t\t\t\t\t\t\t\t\t<\/div>\n\n\t\t\t\t\n\t\t\t\t        <div class=\"im-text-on-bg__p flex flex-column-m\">\n\t\t\t\t\t\t\t\t\t\t<div class=\"col-text\">\n            <p>Tanguy de Saint Cyr d\u00e9bute son exp\u00e9rience d\u2019op\u00e9rateur touristique en 1983. La passion pour l\u2019aventure et son amour pour les volcans le portent \u00e0 d\u00e9couvrir le charme indiscutable des \u00eeles Eoliennes et Stromboli est sa premi\u00e8re destination. Arriv\u00e9 en Sicile, Tanguy d\u00e9couvre que cette terre, riche d\u2019histoire, de beaut\u00e9s artistiques et naturelles, est comme le dit Guy de Maupassant \u00ab Une terre indispensable \u00e0 voir et unique au monde \u00bb.<\/p>\n<p>\u00ab Explora Natura &amp; Sport \u00bb na\u00eet dans un premier temps du d\u00e9sir de Tanguy de partager avec d\u2019autres voyageurs sa passion pour les volcans. Les premiers circuits r\u00e9alis\u00e9s par Explora se d\u00e9veloppent entre l\u2019Etna et les \u00eeles \u00c9oliennes mais la Sicile r\u00e9serve bien d\u2019autres surprises aux touristes voulant la d\u00e9couvrir et la conna\u00eetre. Ainsi les circuits se multipli\u00e8rent.<\/p>\n<p>Aujourd\u2019hui Explora Natura &amp; Sport propose de nombreux circuits, pens\u00e9s et propos\u00e9s pour r\u00e9pondre aux exigences de tous les voyageurs, et son succ\u00e8s est d\u00fb \u00e0 l\u2019enthousiasme et \u00e0 la passion qui animent son fondateur et l\u2019ensemble de l\u2019\u00e9quipe qui le suit depuis des ann\u00e9es dans cette aventure.<\/p>\n          <\/div>\n\t\t\t\t\t\t\t\t\t\t        <\/div>\n\t\t\t\t\n\t\t\t\t\n      <\/div>\n    <\/div>\n\t\t  <\/div>\n<\/div>\n\n\n<div class=\"cms-content\">\n\n\n<\/div>\n<div class=\"im-text-img-var \">\n  <div class=\"im-text-img-var__container container flex flex-row-d flex-column-mt\">\n    <div class=\"im-text-img-var__column im-text-img-var__column-text\">\n      <div class=\"im-text-img-var__text-wrap fade\">\n\t\t        <span class=\"im-text-img-var__over-head over-head\">L&rsquo;\u00e9quipe<\/span>\n\t\t\n\t\t        <h2 class=\"im-text-img-var__title h2\">Qui sommes-nous ?<\/h2>\n\t\t\n\t\t        <div class=\"im-text-img-var__paragraphs\">\n          <p>Une \u00e9quipe presque enti\u00e8rement f\u00e9minine.<\/p>\n<p>Plus qu&rsquo;une \u00e9quipe, une v\u00e9ritable bande d&rsquo;amis qui, depuis des ann\u00e9es, se d\u00e9m\u00e8ne pour faire d\u00e9couvrir la Sicile aux voyageurs en qu\u00eate d&rsquo;authenticit\u00e9. Forte de pr\u00e8s de vingt ans d&rsquo;exp\u00e9rience, l&rsquo;\u00e9quipe Explora, compos\u00e9e de 6 passionn\u00e9s, con\u00e7oit des itin\u00e9raires sur mesure pour satisfaire toutes les envies.<\/p>\n<p>\u00ab\u00a0Qui sont-ils ? Plongeons dans les profils de chacun des membres de cette \u00e9quipe.\u00a0\u00bb<\/p>\n<p data-sourcepos=\"5:1-5:403\">Isabella et Vera, amies de plus de 30 ans, sont les premi\u00e8res \u00e0 rejoindre la grande famille que Tanguy de Saint-Cyr a cr\u00e9\u00e9e en Sicile. Vera, d&rsquo;une \u00e9nergie d\u00e9bordante et particuli\u00e8rement sociable, commence par accompagner des groupes en randonn\u00e9e sur les volcans siciliens. Aucun voyage n&rsquo;aurait pu voir le jour sans Isabella qui se charge de toutes les r\u00e9servations n\u00e9cessaires pour chaque petit groupe.<\/p>\n<p data-sourcepos=\"7:1-7:504\">Quelques ann\u00e9es plus tard, c&rsquo;est M\u00e9lanie qui les rejoint. Arriv\u00e9e en Sicile depuis la France, M\u00e9lanie d\u00e9cide de s&rsquo;installer \u00e0 Palerme et se consacre \u00e9galement, dans un premier temps, aux randonn\u00e9es. L&rsquo;arriv\u00e9e de Cinzia au sein du groupe marque un tournant pour Explora. Guide touristique passionn\u00e9e par la nature, Cinzia commence \u00e0 combiner ses deux passions dans les circuits propos\u00e9s aux voyageurs. C&rsquo;est \u00e0 cette \u00e9poque qu&rsquo;Evaneos s\u00e9lectionne l&rsquo;agence comme partenaire local pour la destination Sicile.<\/p>\n<p data-sourcepos=\"9:1-9:485\">Toute l&rsquo;\u00e9quipe continue de cr\u00e9er des itin\u00e9raires sur mesure, mettant l&rsquo;accent sur ce qu&rsquo;elles aiment le plus en Sicile : son riche pass\u00e9 historique et ses paysages naturels \u00e9poustouflants. L&rsquo;\u00e9quipe s&rsquo;agrandit avec l&rsquo;arriv\u00e9e de Chiara, dont la bonne humeur et la disponibilit\u00e9 en font rapidement la r\u00e9f\u00e9rence du groupe. Explora s&rsquo;ouvre ainsi au march\u00e9 espagnol gr\u00e2ce \u00e0 l&rsquo;arriv\u00e9e de Luca, dont l&rsquo;enthousiasme est contagieux. Michela est la derni\u00e8re \u00e0 rejoindre l&rsquo;\u00e9quipe d\u00e9j\u00e0 bien rod\u00e9e et apporte sa touche personnelle \u00e0 l&rsquo;\u00e9quipe.<\/p>\n        <\/div>\n\t\t\n\t\t\n      <\/div>\n    <\/div>\n\n\t\t<div class=\"im-text-img-var__column im-text-img-var__column-media fade min-height\">\n\t\t<picture>\n\t\t\t<source\n\t\t\t\ttype=\"image\/webp\"\n\t\t\t\tsrcset=\"https:\/\/storage1334.cdn-immedia.net\/wp-content\/themes\/explora-sicilia.com\/assets\/img\/spacer\/spacer.png\"\n\t\t\t\tdata-srcset=\"https:\/\/storage1334.cdn-immedia.net\/wp-content\/uploads\/2024\/12\/E7298DD5-5904-4C82-9661-1338D0FA9788-scaled-e1764749439474-800x800.jpg\">\n\t\t\t<img\n\t\t\t\tsrc=\"https:\/\/storage1334.cdn-immedia.net\/wp-content\/themes\/explora-sicilia.com\/assets\/img\/spacer\/spacer.png\"\n\t\t\t\tdata-src=\"https:\/\/storage1334.cdn-immedia.net\/wp-content\/uploads\/2024\/12\/E7298DD5-5904-4C82-9661-1338D0FA9788-scaled-e1764749439474-800x800.jpg\"\n\t\t\t\talt=\"Qui sommes-nous ?\"\n\t\t\t\twidth=\"800\" height=\"800\" class=\"lazyload\">\n\t\t<\/picture>\n\t<\/div>\n\t\n  <\/div>\n<\/div>\n\n<div class=\"cms-content\">\n\n\n<!-- SPACER -->\n<\/div>\n<div   class=\"spacer l-d-spacer bg-white \">\n    &nbsp;<\/div>\n<div class=\"cms-content\">\n<!-- \/\/ SPACER -->\n\n\n<\/div>\n<div class=\"im-text-img-var \">\n  <div class=\"im-text-img-var__container container flex flex-row-reverse-d flex-column-mt\">\n    <div class=\"im-text-img-var__column im-text-img-var__column-text\">\n      <div class=\"im-text-img-var__text-wrap fade\">\n\t\t        <span class=\"im-text-img-var__over-head over-head\">Voyages sportif et culturel<\/span>\n\t\t\n\t\t        <h2 class=\"im-text-img-var__title h2\">\u00c9tat d&rsquo;esprit<\/h2>\n\t\t\n\t\t        <div class=\"im-text-img-var__paragraphs\">\n          <p>Le principal int\u00e9r\u00eat d\u2019Explora est de vous emmener \u00e0 la d\u00e9couverte de la Sicile, de vous inviter \u00e0 explorer en notre compagnie toutes les beaut\u00e9s de cette magnifique r\u00e9gion ; de vous amener \u00e0 observer avec curiosit\u00e9 les divers paysages mais aussi de vous donner l\u2019envie de conna\u00eetre l\u2019histoire de cette \u00eele gorg\u00e9e de soleil.<\/p>\n<p>Un grain d\u2019aventure est toujours pr\u00e9sent dans les circuits que nous vous proposons, il ne tient qu\u2019\u00e0 vous de choisir combien vous en voulez.Certains circuits sont plus sportifs, d\u2019autres plus relaxants. Tous les circuits ont cependant un d\u00e9nominateur commun : la d\u00e9couverte.<\/p>\n<p>Que le voyage soit pour un groupe d\u2019adultes ou d\u2019\u00e9tudiants, qu\u2019il s\u2019agisse d\u2019un circuit en libert\u00e9 ou d\u2019un voyage accompagn\u00e9, il vous apportera certainement quelque chose. Il vous fera explorer et conna\u00eetre un aspect diff\u00e9rent de la Sicile en vous laissant un souvenir unique de cette r\u00e9gion et une grande envie de la visiter et de la d\u00e9couvrir toujours plus.<\/p>\n<p>Etant bas\u00e9 sur Palerme, nous offrons en plus la certitude d&rsquo;une parfaite connaissance du territoire et la possibilit\u00e9 d&rsquo;assister le voyageur pendant toute la dur\u00e9e de son voyage. Dans les derni\u00e8res ann\u00e9es, nous avons aussi d\u00e9velopp\u00e9 des circuits th\u00e9matiques pour les \u00e9coles italiennes et \u00e9trang\u00e8res afin d&rsquo;offrir le mieux de la Sicile \u00e9galement aux \u00e9l\u00e8ves et aux professeurs accompagnants.<\/p>\n        <\/div>\n\t\t\n\t\t\n      <\/div>\n    <\/div>\n\n\t\t<div class=\"im-text-img-var__column im-text-img-var__column-media fade min-height\">\n\t\t<picture>\n\t\t\t<source\n\t\t\t\ttype=\"image\/webp\"\n\t\t\t\tsrcset=\"https:\/\/storage1334.cdn-immedia.net\/wp-content\/themes\/explora-sicilia.com\/assets\/img\/spacer\/spacer.png\"\n\t\t\t\tdata-srcset=\"https:\/\/storage1334.cdn-immedia.net\/wp-content\/uploads\/2023\/02\/Ragusa-12.jpeg\">\n\t\t\t<img\n\t\t\t\tsrc=\"https:\/\/storage1334.cdn-immedia.net\/wp-content\/themes\/explora-sicilia.com\/assets\/img\/spacer\/spacer.png\"\n\t\t\t\tdata-src=\"https:\/\/storage1334.cdn-immedia.net\/wp-content\/uploads\/2023\/02\/Ragusa-12.jpeg\"\n\t\t\t\talt=\"\u00c9tat d'esprit\"\n\t\t\t\twidth=\"800\" height=\"800\" class=\"lazyload\">\n\t\t<\/picture>\n\t<\/div>\n\t\n  <\/div>\n<\/div>\n\n<div class=\"cms-content\">\n\n\n<!-- SPACER -->\n<\/div>\n<div   class=\"spacer l-d-spacer bg-white \">\n    &nbsp;<\/div>\n<div class=\"cms-content\">\n<!-- \/\/ SPACER -->\n\n\n<\/div>\n<div class=\"title-box bg-white \">\n  <div class=\"title-box__container small-container text-center\">\n\t\t<div class=\"title-box__wrap\">\n\n\t\t\t<div class=\"title-box__title-row\">\n\t\t\t\t\t\t\t\t<span class=\"title-box__over-head over-head\">Derri\u00e8re chaque projet, il y a des visages. D\u00e9couvrez les n\u00f4tres !<\/span>\n\t\t\t\t\t\t\t\t\t\t\t\t<h2 class=\"title-box__title h2\">Nous voici, l&rsquo;\u00e9quipe Explora ! D\u00e9couvrez qui nous sommes et ce qui nous passionne<\/h2>\n\t\t\t\t\t    <\/div>\n\n\t\t\t\t\t<\/div>\n\n\t\t\n  <\/div>\n<\/div>\n<div class=\"cms-content\">\n\n\n\n<!-- SPACER -->\n<\/div>\n<div   class=\"spacer l-d-spacer bg-white \">\n    &nbsp;<\/div>\n<div class=\"cms-content\">\n<!-- \/\/ SPACER -->\n\n\n\n<div class=\"wp-block-group is-layout-grid wp-container-core-group-is-layout-10f516f0 wp-block-group-is-layout-grid\"><\/div>\n<div class=\"im-text-img-var \">\n  <div class=\"im-text-img-var__container container flex flex-row-d flex-column-mt\">\n    <div class=\"im-text-img-var__column im-text-img-var__column-text\">\n      <div class=\"im-text-img-var__text-wrap fade\">\n\t\t\n\t\t        <h2 class=\"im-text-img-var__title h2\">Vera<\/h2>\n\t\t\n\t\t        <div class=\"im-text-img-var__paragraphs\">\n          <p>Vera, notre volcanologue en herbe. On la retrouve souvent nez \u00e0 nez avec les crat\u00e8res siciliens. Mais derri\u00e8re cette passion pour la nature, se cache une organisatrice hors pair qui imagine des voyages inoubliables pour nos clients.<\/p>\n<p>La musique, sa passion. Elle sillonne les routes \u00e0 la recherche de nouvelles p\u00e9pites \u00e0 faire d\u00e9couvrir \u00e0 nos voyageurs, le tout sur fond de playlist personnalis\u00e9e.<\/p>\n        <\/div>\n\t\t\n\t\t\n      <\/div>\n    <\/div>\n\n\t\t<div class=\"im-text-img-var__column im-text-img-var__column-media fade min-height\">\n\t\t<picture>\n\t\t\t<source\n\t\t\t\ttype=\"image\/webp\"\n\t\t\t\tsrcset=\"https:\/\/storage1334.cdn-immedia.net\/wp-content\/themes\/explora-sicilia.com\/assets\/img\/spacer\/spacer.png\"\n\t\t\t\tdata-srcset=\"https:\/\/storage1334.cdn-immedia.net\/wp-content\/uploads\/2025\/01\/IMG_1032-4-800x800.jpg\">\n\t\t\t<img\n\t\t\t\tsrc=\"https:\/\/storage1334.cdn-immedia.net\/wp-content\/themes\/explora-sicilia.com\/assets\/img\/spacer\/spacer.png\"\n\t\t\t\tdata-src=\"https:\/\/storage1334.cdn-immedia.net\/wp-content\/uploads\/2025\/01\/IMG_1032-4-800x800.jpg\"\n\t\t\t\talt=\"Vera\"\n\t\t\t\twidth=\"800\" height=\"800\" class=\"lazyload\">\n\t\t<\/picture>\n\t<\/div>\n\t\n  <\/div>\n<\/div>\n\n<div class=\"cms-content\">\n\n\n<!-- SPACER -->\n<\/div>\n<div   class=\"spacer l-d-spacer bg-white \">\n    &nbsp;<\/div>\n<div class=\"cms-content\">\n<!-- \/\/ SPACER -->\n\n\n<\/div>\n<div class=\"im-text-img-var \">\n  <div class=\"im-text-img-var__container container flex flex-row-reverse-d flex-column-mt\">\n    <div class=\"im-text-img-var__column im-text-img-var__column-text\">\n      <div class=\"im-text-img-var__text-wrap fade\">\n\t\t\n\t\t        <h2 class=\"im-text-img-var__title h2\">M\u00e9lanie<\/h2>\n\t\t\n\t\t        <div class=\"im-text-img-var__paragraphs\">\n          <p>M\u00e9lanie a pos\u00e9 ses valises en Sicile en 2002, charm\u00e9e par la splendeur de ses paysages, le caract\u00e8re irr\u00e9sistiblement chaleureux de ses habitants et l&rsquo;\u00e9merveillement constant de ses centres historiques.<\/p>\n<p>Elle est la premi\u00e8re \u00e0 croire que nos clients m\u00e9ritent une exp\u00e9rience qui va au-del\u00e0 des sites les plus fr\u00e9quent\u00e9s et des simples clich\u00e9s touristiques.<\/p>\n<p>Sa passion pour la randonn\u00e9e la m\u00e8ne sans cesse vers des panoramas naturels spectaculaires, tandis que son amour de l&rsquo;histoire de l&rsquo;art lui permet d&rsquo;appr\u00e9cier les mille tr\u00e9sors culturels qui se cachent partout. Elle tient \u00e0 faire d\u00e9couvrir aux voyageurs ce qui fait le caract\u00e8re profond de la Sicile : son c\u0153ur vibrant, son histoire fascinante.<\/p>\n        <\/div>\n\t\t\n\t\t\n      <\/div>\n    <\/div>\n\n\t\t<div class=\"im-text-img-var__column im-text-img-var__column-media fade min-height\">\n\t\t<picture>\n\t\t\t<source\n\t\t\t\ttype=\"image\/webp\"\n\t\t\t\tsrcset=\"https:\/\/storage1334.cdn-immedia.net\/wp-content\/themes\/explora-sicilia.com\/assets\/img\/spacer\/spacer.png\"\n\t\t\t\tdata-srcset=\"https:\/\/storage1334.cdn-immedia.net\/wp-content\/uploads\/2025\/12\/mela-800x800.jpg\">\n\t\t\t<img\n\t\t\t\tsrc=\"https:\/\/storage1334.cdn-immedia.net\/wp-content\/themes\/explora-sicilia.com\/assets\/img\/spacer\/spacer.png\"\n\t\t\t\tdata-src=\"https:\/\/storage1334.cdn-immedia.net\/wp-content\/uploads\/2025\/12\/mela-800x800.jpg\"\n\t\t\t\talt=\"M\u00e9lanie\"\n\t\t\t\twidth=\"800\" height=\"800\" class=\"lazyload\">\n\t\t<\/picture>\n\t<\/div>\n\t\n  <\/div>\n<\/div>\n\n<div class=\"cms-content\"><\/div>\n\n\n\n<!-- SPACER -->\n<\/div>\n<div   class=\"spacer l-d-spacer bg-white \">\n    &nbsp;<\/div>\n<div class=\"cms-content\">\n<!-- \/\/ SPACER -->\n\n\n<\/div>\n<div class=\"im-text-img-var \">\n  <div class=\"im-text-img-var__container container flex flex-row-d flex-column-mt\">\n    <div class=\"im-text-img-var__column im-text-img-var__column-text\">\n      <div class=\"im-text-img-var__text-wrap fade\">\n\t\t\n\t\t        <h2 class=\"im-text-img-var__title h2\">Cinzia<\/h2>\n\t\t\n\t\t        <div class=\"im-text-img-var__paragraphs\">\n          <p>Je m&rsquo;appelle Cinzia et je suis profond\u00e9ment ancr\u00e9e dans l&rsquo;\u00e2me de la Sicile.<\/p>\n<p>J&rsquo;ai eu le privil\u00e8ge d&rsquo;\u00e9tudier les Langues et Lettres \u00c9trang\u00e8res ici m\u00eame, \u00e0 Palerme. Cette formation a \u00e9t\u00e9 la premi\u00e8re \u00e9tape d&rsquo;un parcours qui s&rsquo;est concr\u00e9tis\u00e9 par l&rsquo;obtention du concours professionnel pour devenir Guide Habilit\u00e9 en langue fran\u00e7aise.<\/p>\n<p>Ma profession est bien plus qu&rsquo;un m\u00e9tier : c&rsquo;est une passion authentique. J&rsquo;aime me consid\u00e9rer comme une ambassadrice et une promotrice de ma terre.<\/p>\n<p>En tant qu&rsquo;experte locale, forte d&rsquo;une d\u00e9cennie d&rsquo;exp\u00e9rience, je ne me contente pas de guider. Gr\u00e2ce \u00e0 mes connaissances approfondies du terrain et mon exp\u00e9rience, je peux \u00e9galement construire des itin\u00e9raires sur mesure, parfaitement adapt\u00e9s aux d\u00e9sirs de mes voyageurs.<\/p>\n<p>J&rsquo;ai \u00e0 c\u0153ur d&#8217;emmener mes voyageurs au-del\u00e0 des sentiers battus, \u00e0 la d\u00e9couverte de ma merveilleuse \u00eele. J&rsquo;aime leur d\u00e9voiler \u00e0 la fois les inestimables richesses monumentales de Palerme et l&rsquo;intensit\u00e9 de ses contrastes uniques.<\/p>\n<p>Lors de mes visites, je partage avec enthousiasme mes connaissances approfondies sur l&rsquo;histoire, la culture et les traditions siciliennes.<\/p>\n<p>Mon objectif ultime ? Ce n&rsquo;est pas seulement de montrer, mais de faire saisir l&rsquo;\u00e2me profonde et vibrante de cette terre extraordinaire.<\/p>\n        <\/div>\n\t\t\n\t\t\n      <\/div>\n    <\/div>\n\n\t\t<div class=\"im-text-img-var__column im-text-img-var__column-media fade min-height\">\n\t\t<picture>\n\t\t\t<source\n\t\t\t\ttype=\"image\/webp\"\n\t\t\t\tsrcset=\"https:\/\/storage1334.cdn-immedia.net\/wp-content\/themes\/explora-sicilia.com\/assets\/img\/spacer\/spacer.png\"\n\t\t\t\tdata-srcset=\"https:\/\/storage1334.cdn-immedia.net\/wp-content\/uploads\/2023\/03\/Madonie-VC-9-800x691.jpg\">\n\t\t\t<img\n\t\t\t\tsrc=\"https:\/\/storage1334.cdn-immedia.net\/wp-content\/themes\/explora-sicilia.com\/assets\/img\/spacer\/spacer.png\"\n\t\t\t\tdata-src=\"https:\/\/storage1334.cdn-immedia.net\/wp-content\/uploads\/2023\/03\/Madonie-VC-9-800x691.jpg\"\n\t\t\t\talt=\"Cinzia\"\n\t\t\t\twidth=\"800\" height=\"800\" class=\"lazyload\">\n\t\t<\/picture>\n\t<\/div>\n\t\n  <\/div>\n<\/div>\n\n<div class=\"cms-content\">\n\n\n<!-- SPACER -->\n<\/div>\n<div   class=\"spacer l-d-spacer bg-white \">\n    &nbsp;<\/div>\n<div class=\"cms-content\">\n<!-- \/\/ SPACER -->\n\n\n\n<p><\/p>\n","protected":false},"excerpt":{"rendered":"","protected":false},"author":1,"featured_media":317,"parent":0,"menu_order":19,"comment_status":"closed","ping_status":"closed","template":"","meta":{"_acf_changed":false,"footnotes":""},"class_list":["post-211","page","type-page","status-publish","has-post-thumbnail","hentry"],"acf":[],"yoast_head":"<!-- This site is optimized with the Yoast SEO plugin v27.3 - https:\/\/yoast.com\/product\/yoast-seo-wordpress\/ -->\n<title>Agence de voyages et voyagiste en Sicile | Explora Natura e Sport<\/title>\n<meta name=\"description\" content=\"Agence de voyages sp\u00e9cialis\u00e9e en circuits sportifs et culturels en Sicile pour individuels et groupes. Les meilleurs itin\u00e9raires organis\u00e9s par une \u00e9quipe locale.\" \/>\n<meta name=\"robots\" content=\"index, follow, max-snippet:-1, max-image-preview:large, max-video-preview:-1\" \/>\n<link rel=\"canonical\" href=\"https:\/\/www.explora-sicilia.com\/fr\/agence-de-voyages-sicile\/\" \/>\n<meta property=\"og:locale\" content=\"fr_FR\" \/>\n<meta property=\"og:type\" content=\"article\" \/>\n<meta property=\"og:title\" content=\"Agence de voyages et voyagiste en Sicile | Explora Natura e Sport\" \/>\n<meta property=\"og:description\" content=\"Agence de voyages sp\u00e9cialis\u00e9e en circuits sportifs et culturels en Sicile pour individuels et groupes. Les meilleurs itin\u00e9raires organis\u00e9s par une \u00e9quipe locale.\" \/>\n<meta property=\"og:url\" content=\"https:\/\/www.explora-sicilia.com\/fr\/agence-de-voyages-sicile\/\" \/>\n<meta property=\"og:site_name\" content=\"Explora Sicilia Natura &amp; Sport\" \/>\n<meta property=\"article:modified_time\" content=\"2025-12-03T11:14:59+00:00\" \/>\n<meta property=\"og:image\" content=\"https:\/\/storage1334.cdn-immedia.net\/wp-content\/uploads\/2023\/02\/Eolie-1-960x540-1.jpg\" \/>\n\t<meta property=\"og:image:width\" content=\"960\" \/>\n\t<meta property=\"og:image:height\" content=\"540\" \/>\n\t<meta property=\"og:image:type\" content=\"image\/jpeg\" \/>\n<meta name=\"twitter:card\" content=\"summary_large_image\" \/>\n<meta name=\"twitter:label1\" content=\"Dur\u00e9e de lecture estim\u00e9e\" \/>\n\t<meta name=\"twitter:data1\" content=\"1 minute\" \/>\n<script type=\"application\/ld+json\" class=\"yoast-schema-graph\">{\"@context\":\"https:\\\/\\\/schema.org\",\"@graph\":[{\"@type\":\"WebPage\",\"@id\":\"https:\\\/\\\/www.explora-sicilia.com\\\/fr\\\/agence-de-voyages-sicile\\\/\",\"url\":\"https:\\\/\\\/www.explora-sicilia.com\\\/fr\\\/agence-de-voyages-sicile\\\/\",\"name\":\"Agence de voyages et voyagiste en Sicile | Explora Natura e Sport\",\"isPartOf\":{\"@id\":\"https:\\\/\\\/www.explora-sicilia.com\\\/fr\\\/#website\"},\"primaryImageOfPage\":{\"@id\":\"https:\\\/\\\/www.explora-sicilia.com\\\/fr\\\/agence-de-voyages-sicile\\\/#primaryimage\"},\"image\":{\"@id\":\"https:\\\/\\\/www.explora-sicilia.com\\\/fr\\\/agence-de-voyages-sicile\\\/#primaryimage\"},\"thumbnailUrl\":\"https:\\\/\\\/www.explora-sicilia.com\\\/wp-content\\\/uploads\\\/2023\\\/02\\\/Eolie-1-960x540-1.jpg\",\"datePublished\":\"2023-02-07T15:45:59+00:00\",\"dateModified\":\"2025-12-03T11:14:59+00:00\",\"description\":\"Agence de voyages sp\u00e9cialis\u00e9e en circuits sportifs et culturels en Sicile pour individuels et groupes. Les meilleurs itin\u00e9raires organis\u00e9s par une \u00e9quipe locale.\",\"breadcrumb\":{\"@id\":\"https:\\\/\\\/www.explora-sicilia.com\\\/fr\\\/agence-de-voyages-sicile\\\/#breadcrumb\"},\"inLanguage\":\"fr-FR\",\"potentialAction\":[{\"@type\":\"ReadAction\",\"target\":[\"https:\\\/\\\/www.explora-sicilia.com\\\/fr\\\/agence-de-voyages-sicile\\\/\"]}]},{\"@type\":\"ImageObject\",\"inLanguage\":\"fr-FR\",\"@id\":\"https:\\\/\\\/www.explora-sicilia.com\\\/fr\\\/agence-de-voyages-sicile\\\/#primaryimage\",\"url\":\"https:\\\/\\\/www.explora-sicilia.com\\\/wp-content\\\/uploads\\\/2023\\\/02\\\/Eolie-1-960x540-1.jpg\",\"contentUrl\":\"https:\\\/\\\/www.explora-sicilia.com\\\/wp-content\\\/uploads\\\/2023\\\/02\\\/Eolie-1-960x540-1.jpg\",\"width\":960,\"height\":540},{\"@type\":\"BreadcrumbList\",\"@id\":\"https:\\\/\\\/www.explora-sicilia.com\\\/fr\\\/agence-de-voyages-sicile\\\/#breadcrumb\",\"itemListElement\":[{\"@type\":\"ListItem\",\"position\":1,\"name\":\"Home\",\"item\":\"https:\\\/\\\/www.explora-sicilia.com\\\/fr\\\/\"},{\"@type\":\"ListItem\",\"position\":2,\"name\":\"&nbsp;\"}]},{\"@type\":\"WebSite\",\"@id\":\"https:\\\/\\\/www.explora-sicilia.com\\\/fr\\\/#website\",\"url\":\"https:\\\/\\\/www.explora-sicilia.com\\\/fr\\\/\",\"name\":\"Explora Sicilia Natura &amp; Sport\",\"description\":\"\",\"potentialAction\":[{\"@type\":\"SearchAction\",\"target\":{\"@type\":\"EntryPoint\",\"urlTemplate\":\"https:\\\/\\\/www.explora-sicilia.com\\\/fr\\\/?s={search_term_string}\"},\"query-input\":{\"@type\":\"PropertyValueSpecification\",\"valueRequired\":true,\"valueName\":\"search_term_string\"}}],\"inLanguage\":\"fr-FR\"}]}<\/script>\n<!-- \/ Yoast SEO plugin. -->","yoast_head_json":{"title":"Agence de voyages et voyagiste en Sicile | Explora Natura e Sport","description":"Agence de voyages sp\u00e9cialis\u00e9e en circuits sportifs et culturels en Sicile pour individuels et groupes. Les meilleurs itin\u00e9raires organis\u00e9s par une \u00e9quipe locale.","robots":{"index":"index","follow":"follow","max-snippet":"max-snippet:-1","max-image-preview":"max-image-preview:large","max-video-preview":"max-video-preview:-1"},"canonical":"https:\/\/www.explora-sicilia.com\/fr\/agence-de-voyages-sicile\/","og_locale":"fr_FR","og_type":"article","og_title":"Agence de voyages et voyagiste en Sicile | Explora Natura e Sport","og_description":"Agence de voyages sp\u00e9cialis\u00e9e en circuits sportifs et culturels en Sicile pour individuels et groupes. Les meilleurs itin\u00e9raires organis\u00e9s par une \u00e9quipe locale.","og_url":"https:\/\/www.explora-sicilia.com\/fr\/agence-de-voyages-sicile\/","og_site_name":"Explora Sicilia Natura &amp; Sport","article_modified_time":"2025-12-03T11:14:59+00:00","og_image":[{"width":960,"height":540,"url":"https:\/\/storage1334.cdn-immedia.net\/wp-content\/uploads\/2023\/02\/Eolie-1-960x540-1.jpg","type":"image\/jpeg"}],"twitter_card":"summary_large_image","twitter_misc":{"Dur\u00e9e de lecture estim\u00e9e":"1 minute"},"schema":{"@context":"https:\/\/schema.org","@graph":[{"@type":"WebPage","@id":"https:\/\/www.explora-sicilia.com\/fr\/agence-de-voyages-sicile\/","url":"https:\/\/www.explora-sicilia.com\/fr\/agence-de-voyages-sicile\/","name":"Agence de voyages et voyagiste en Sicile | Explora Natura e Sport","isPartOf":{"@id":"https:\/\/www.explora-sicilia.com\/fr\/#website"},"primaryImageOfPage":{"@id":"https:\/\/www.explora-sicilia.com\/fr\/agence-de-voyages-sicile\/#primaryimage"},"image":{"@id":"https:\/\/www.explora-sicilia.com\/fr\/agence-de-voyages-sicile\/#primaryimage"},"thumbnailUrl":"https:\/\/storage1334.cdn-immedia.net\/wp-content\/uploads\/2023\/02\/Eolie-1-960x540-1.jpg","datePublished":"2023-02-07T15:45:59+00:00","dateModified":"2025-12-03T11:14:59+00:00","description":"Agence de voyages sp\u00e9cialis\u00e9e en circuits sportifs et culturels en Sicile pour individuels et groupes. Les meilleurs itin\u00e9raires organis\u00e9s par une \u00e9quipe locale.","breadcrumb":{"@id":"https:\/\/www.explora-sicilia.com\/fr\/agence-de-voyages-sicile\/#breadcrumb"},"inLanguage":"fr-FR","potentialAction":[{"@type":"ReadAction","target":["https:\/\/www.explora-sicilia.com\/fr\/agence-de-voyages-sicile\/"]}]},{"@type":"ImageObject","inLanguage":"fr-FR","@id":"https:\/\/www.explora-sicilia.com\/fr\/agence-de-voyages-sicile\/#primaryimage","url":"https:\/\/storage1334.cdn-immedia.net\/wp-content\/uploads\/2023\/02\/Eolie-1-960x540-1.jpg","contentUrl":"https:\/\/storage1334.cdn-immedia.net\/wp-content\/uploads\/2023\/02\/Eolie-1-960x540-1.jpg","width":960,"height":540},{"@type":"BreadcrumbList","@id":"https:\/\/www.explora-sicilia.com\/fr\/agence-de-voyages-sicile\/#breadcrumb","itemListElement":[{"@type":"ListItem","position":1,"name":"Home","item":"https:\/\/www.explora-sicilia.com\/fr\/"},{"@type":"ListItem","position":2,"name":"&nbsp;"}]},{"@type":"WebSite","@id":"https:\/\/www.explora-sicilia.com\/fr\/#website","url":"https:\/\/www.explora-sicilia.com\/fr\/","name":"Explora Sicilia Natura &amp; Sport","description":"","potentialAction":[{"@type":"SearchAction","target":{"@type":"EntryPoint","urlTemplate":"https:\/\/www.explora-sicilia.com\/fr\/?s={search_term_string}"},"query-input":{"@type":"PropertyValueSpecification","valueRequired":true,"valueName":"search_term_string"}}],"inLanguage":"fr-FR"}]}},"_links":{"self":[{"href":"https:\/\/www.explora-sicilia.com\/fr\/wp-json\/wp\/v2\/pages\/211","targetHints":{"allow":["GET"]}}],"collection":[{"href":"https:\/\/www.explora-sicilia.com\/fr\/wp-json\/wp\/v2\/pages"}],"about":[{"href":"https:\/\/www.explora-sicilia.com\/fr\/wp-json\/wp\/v2\/types\/page"}],"author":[{"embeddable":true,"href":"https:\/\/www.explora-sicilia.com\/fr\/wp-json\/wp\/v2\/users\/1"}],"replies":[{"embeddable":true,"href":"https:\/\/www.explora-sicilia.com\/fr\/wp-json\/wp\/v2\/comments?post=211"}],"version-history":[{"count":61,"href":"https:\/\/www.explora-sicilia.com\/fr\/wp-json\/wp\/v2\/pages\/211\/revisions"}],"predecessor-version":[{"id":7779,"href":"https:\/\/www.explora-sicilia.com\/fr\/wp-json\/wp\/v2\/pages\/211\/revisions\/7779"}],"wp:featuredmedia":[{"embeddable":true,"href":"https:\/\/www.explora-sicilia.com\/fr\/wp-json\/wp\/v2\/media\/317"}],"wp:attachment":[{"href":"https:\/\/www.explora-sicilia.com\/fr\/wp-json\/wp\/v2\/media?parent=211"}],"curies":[{"name":"wp","href":"https:\/\/api.w.org\/{rel}","templated":true}]}}