{"id":6486,"date":"2024-01-10T09:57:08","date_gmt":"2024-01-10T08:57:08","guid":{"rendered":"https:\/\/www.explora-sicilia.com\/tourisme-responsable\/"},"modified":"2024-01-31T16:56:55","modified_gmt":"2024-01-31T15:56:55","slug":"turismo-responsable","status":"publish","type":"page","link":"https:\/\/www.explora-sicilia.com\/es\/turismo-responsable\/","title":{"rendered":"Turismo responsable"},"content":{"rendered":"\n<!-- SPACER -->\n<\/div>\n<div   class=\"spacer l-margin bg-white \">\n    &nbsp;<\/div>\n<div class=\"cms-content\">\n<!-- \/\/ SPACER -->\n\n\n<\/div>\n<div class=\"title-box bg-white \">\n  <div class=\"title-box__container container text-left\">\n\t\t<div class=\"title-box__wrap\">\n\n\t\t\t<div class=\"title-box__title-row\">\n\t\t\t\t\t\t\t\t<span class=\"title-box__over-head over-head\">Dar el ejemplo<\/span>\n\t\t\t\t\t\t\t\t\t\t\t\t<h2 class=\"title-box__title h2\">Nuestro compromiso con el turismo sostenible<\/h2>\n\t\t\t\t\t    <\/div>\n\n\t\t\t\t\t<\/div>\n\n\t\t\t\t<div class=\"title-box__text-wrap\"><p>Desde hace 20 a\u00f1os mostramos a los viajeros la belleza y la riqueza de Sicilia, poniendo \u00e9nfasis en nuestra responsabilidad de preservar sus tesoros. Siempre lo hemos hecho con especial atenci\u00f3n a nuestra isla.<br \/>\r\n<br \/>\r\nNos comprometemos a mostrar a nuestros viajeros las peque\u00f1as joyas de nuestro territorio y privilegiamos el descubrimiento de los tesoros menos conocidos. Ofrecemos estancias en libertad que destacan las peque\u00f1as comunidades locales y los elementos naturales regionales. En nuestros viajes en grupos reducidos, nuestros gu\u00edas y acompa\u00f1antes explican las peculiaridades del territorio y resaltan algunos elementos cr\u00edticos que requieren una actitud atenta y responsable por parte de los viajeros.<br \/>\r\n<br \/>\r\nCreemos firmemente que el turismo puede ser un recurso valioso para nuestra hermosa regi\u00f3n y debe practicarse de manera respetuosa con el territorio y la poblaci\u00f3n local.<\/p><\/div>\n\t\t\n  <\/div>\n<\/div>\n<div class=\"cms-content\">\n\n\n\n<!-- SPACER -->\n<\/div>\n<div   class=\"spacer l-margin bg-white \">\n    &nbsp;<\/div>\n<div class=\"cms-content\">\n<!-- \/\/ SPACER -->\n\n\n<\/div>\n<div class=\"im-text-img-var \">\n  <div class=\"im-text-img-var__container container flex flex-row-d flex-column-reverse-mt\">\n    <div class=\"im-text-img-var__column im-text-img-var__column-text\">\n      <div class=\"im-text-img-var__text-wrap fade\">\n\t\t        <span class=\"im-text-img-var__over-head over-head\">Nuestros objetivo y compromiso<\/span>\n\t\t\n\t\t        <h2 class=\"im-text-img-var__title h2\">Nuestra misi\u00f3n<\/h2>\n\t\t\n\t\t        <div class=\"im-text-img-var__paragraphs\">\n          <ul>\n<li>Privilegiamos las estructuras de gesti\u00f3n familiar.<\/li>\n<li>Ofrecemos itinerarios que incluyen traslados en autob\u00fas y tren, garantizando la comodidad de nuestros viajeros.<\/li>\n<li>Damos prioridad a los productos locales siempre que sea posible.<\/li>\n<li>Proponemos estancias en grupos reducidos que incluyen actividades relacionadas con el turismo responsable.<\/li>\n<li>En nuestros tours valoramos la riqueza y variedad de la naturaleza de nuestra regi\u00f3n a trav\u00e9s de la colaboraci\u00f3n con bi\u00f3logos, ge\u00f3logos y naturalistas, as\u00ed como con asociaciones ambientalistas, y mediante la creaci\u00f3n de tours culturales dirigidos a las escuelas.<\/li>\n<li>Organizamos nuestro trabajo en la agencia de manera responsable y tratamos de adoptar un comportamiento responsable en nuestra vida cotidiana.<\/li>\n<li>Apoyamos proyectos de impacto social promovidos por asociaciones locales.<\/li>\n<li>Ofrecemos a nuestro personal una formaci\u00f3n constante en turismo responsable.<\/li>\n<li>Prestamos gran atenci\u00f3n al bienestar de nuestro personal y garantizamos el cumplimiento de las normas de seguridad establecidas por la ley nacional.<\/li>\n<li>Para nosotros, el bienestar implica prestar especial atenci\u00f3n al respeto de todas las diferencias de g\u00e9nero, raza, cultura, habilidades f\u00edsicas, sensoriales y cognitivas, orientaci\u00f3n sexual e identidad, tanto en nuestras oficinas como en las actividades propuestas a nuestros viajeros.<\/li>\n<\/ul>\n<p>&nbsp;<\/p>\n<p><a href=\"https:\/\/storage1334.cdn-immedia.net\/wp-content\/uploads\/2024\/01\/Policy-Explora-28-11-23.pdf\" target=\"_blank\" rel=\"noopener\">Policy Explora<\/a><\/p>\n        <\/div>\n\t\t\n\t\t\n      <\/div>\n    <\/div>\n\n\t\t<div class=\"im-text-img-var__column im-text-img-var__column-media fade min-height\">\n\t\t<picture>\n\t\t\t<source\n\t\t\t\ttype=\"image\/webp\"\n\t\t\t\tsrcset=\"https:\/\/storage1334.cdn-immedia.net\/wp-content\/themes\/explora-sicilia.com\/assets\/img\/spacer\/spacer.png\"\n\t\t\t\tdata-srcset=\"https:\/\/storage1334.cdn-immedia.net\/wp-content\/uploads\/2023\/03\/Stromboli-35-1024x694-1-800x694.jpg\">\n\t\t\t<img\n\t\t\t\tsrc=\"https:\/\/storage1334.cdn-immedia.net\/wp-content\/themes\/explora-sicilia.com\/assets\/img\/spacer\/spacer.png\"\n\t\t\t\tdata-src=\"https:\/\/storage1334.cdn-immedia.net\/wp-content\/uploads\/2023\/03\/Stromboli-35-1024x694-1-800x694.jpg\"\n\t\t\t\talt=\"Nuestra misi\u00f3n\"\n\t\t\t\twidth=\"800\" height=\"800\" class=\"lazyload\">\n\t\t<\/picture>\n\t<\/div>\n\t\n  <\/div>\n<\/div>\n\n<div class=\"cms-content\">\n\n\n<!-- SPACER -->\n<\/div>\n<div   class=\"spacer l-d-spacer bg-white \">\n    &nbsp;<\/div>\n<div class=\"cms-content\">\n<!-- \/\/ SPACER -->\n","protected":false},"excerpt":{"rendered":"","protected":false},"author":1,"featured_media":6567,"parent":0,"menu_order":3,"comment_status":"closed","ping_status":"closed","template":"","meta":{"_acf_changed":false,"footnotes":""},"class_list":["post-6486","page","type-page","status-publish","has-post-thumbnail","hentry"],"acf":[],"yoast_head":"<!-- This site is optimized with the Yoast SEO plugin v27.5 - https:\/\/yoast.com\/product\/yoast-seo-wordpress\/ -->\n<title>Turismo responsable - Explora Sicilia Natura &amp; Sport<\/title>\n<meta name=\"description\" content=\"Explora Sicilia se compromete a ofrecer experiencias lo m\u00e1s sostenibles posible. \u00a1Entra al sitio y descubre nuestra misi\u00f3n!\" \/>\n<meta name=\"robots\" content=\"index, follow, max-snippet:-1, max-image-preview:large, max-video-preview:-1\" \/>\n<link rel=\"canonical\" href=\"https:\/\/www.explora-sicilia.com\/es\/turismo-responsable\/\" \/>\n<meta property=\"og:locale\" content=\"es_ES\" \/>\n<meta property=\"og:type\" content=\"article\" \/>\n<meta property=\"og:title\" content=\"Turismo responsable - Explora Sicilia Natura &amp; Sport\" \/>\n<meta property=\"og:description\" content=\"Explora Sicilia se compromete a ofrecer experiencias lo m\u00e1s sostenibles posible. \u00a1Entra al sitio y descubre nuestra misi\u00f3n!\" \/>\n<meta property=\"og:url\" content=\"https:\/\/www.explora-sicilia.com\/es\/turismo-responsable\/\" \/>\n<meta property=\"og:site_name\" content=\"Explora Sicilia Natura &amp; Sport\" \/>\n<meta property=\"article:modified_time\" content=\"2024-01-31T15:56:55+00:00\" \/>\n<meta property=\"og:image\" content=\"https:\/\/storage1334.cdn-immedia.net\/wp-content\/uploads\/2024\/01\/20230715_135025-scaled.jpg\" \/>\n\t<meta property=\"og:image:width\" content=\"2560\" \/>\n\t<meta property=\"og:image:height\" content=\"1154\" \/>\n\t<meta property=\"og:image:type\" content=\"image\/jpeg\" \/>\n<meta name=\"twitter:card\" content=\"summary_large_image\" \/>\n<meta name=\"twitter:label1\" content=\"Tiempo de lectura\" \/>\n\t<meta name=\"twitter:data1\" content=\"1 minuto\" \/>\n<script type=\"application\/ld+json\" class=\"yoast-schema-graph\">{\"@context\":\"https:\\\/\\\/schema.org\",\"@graph\":[{\"@type\":\"WebPage\",\"@id\":\"https:\\\/\\\/www.explora-sicilia.com\\\/es\\\/turismo-responsable\\\/\",\"url\":\"https:\\\/\\\/www.explora-sicilia.com\\\/es\\\/turismo-responsable\\\/\",\"name\":\"Turismo responsable - Explora Sicilia Natura &amp; Sport\",\"isPartOf\":{\"@id\":\"https:\\\/\\\/www.explora-sicilia.com\\\/es\\\/#website\"},\"primaryImageOfPage\":{\"@id\":\"https:\\\/\\\/www.explora-sicilia.com\\\/es\\\/turismo-responsable\\\/#primaryimage\"},\"image\":{\"@id\":\"https:\\\/\\\/www.explora-sicilia.com\\\/es\\\/turismo-responsable\\\/#primaryimage\"},\"thumbnailUrl\":\"https:\\\/\\\/www.explora-sicilia.com\\\/wp-content\\\/uploads\\\/2024\\\/01\\\/20230715_135025-scaled.jpg\",\"datePublished\":\"2024-01-10T08:57:08+00:00\",\"dateModified\":\"2024-01-31T15:56:55+00:00\",\"description\":\"Explora Sicilia se compromete a ofrecer experiencias lo m\u00e1s sostenibles posible. \u00a1Entra al sitio y descubre nuestra misi\u00f3n!\",\"breadcrumb\":{\"@id\":\"https:\\\/\\\/www.explora-sicilia.com\\\/es\\\/turismo-responsable\\\/#breadcrumb\"},\"inLanguage\":\"es\",\"potentialAction\":[{\"@type\":\"ReadAction\",\"target\":[\"https:\\\/\\\/www.explora-sicilia.com\\\/es\\\/turismo-responsable\\\/\"]}]},{\"@type\":\"ImageObject\",\"inLanguage\":\"es\",\"@id\":\"https:\\\/\\\/www.explora-sicilia.com\\\/es\\\/turismo-responsable\\\/#primaryimage\",\"url\":\"https:\\\/\\\/www.explora-sicilia.com\\\/wp-content\\\/uploads\\\/2024\\\/01\\\/20230715_135025-scaled.jpg\",\"contentUrl\":\"https:\\\/\\\/www.explora-sicilia.com\\\/wp-content\\\/uploads\\\/2024\\\/01\\\/20230715_135025-scaled.jpg\",\"width\":2560,\"height\":1154},{\"@type\":\"BreadcrumbList\",\"@id\":\"https:\\\/\\\/www.explora-sicilia.com\\\/es\\\/turismo-responsable\\\/#breadcrumb\",\"itemListElement\":[{\"@type\":\"ListItem\",\"position\":1,\"name\":\"Home\",\"item\":\"https:\\\/\\\/www.explora-sicilia.com\\\/es\\\/\"},{\"@type\":\"ListItem\",\"position\":2,\"name\":\"&nbsp;\"}]},{\"@type\":\"WebSite\",\"@id\":\"https:\\\/\\\/www.explora-sicilia.com\\\/es\\\/#website\",\"url\":\"https:\\\/\\\/www.explora-sicilia.com\\\/es\\\/\",\"name\":\"Explora Sicilia Natura &amp; Sport\",\"description\":\"\",\"potentialAction\":[{\"@type\":\"SearchAction\",\"target\":{\"@type\":\"EntryPoint\",\"urlTemplate\":\"https:\\\/\\\/www.explora-sicilia.com\\\/es\\\/?s={search_term_string}\"},\"query-input\":{\"@type\":\"PropertyValueSpecification\",\"valueRequired\":true,\"valueName\":\"search_term_string\"}}],\"inLanguage\":\"es\"}]}<\/script>\n<!-- \/ Yoast SEO plugin. -->","yoast_head_json":{"title":"Turismo responsable - Explora Sicilia Natura &amp; Sport","description":"Explora Sicilia se compromete a ofrecer experiencias lo m\u00e1s sostenibles posible. \u00a1Entra al sitio y descubre nuestra misi\u00f3n!","robots":{"index":"index","follow":"follow","max-snippet":"max-snippet:-1","max-image-preview":"max-image-preview:large","max-video-preview":"max-video-preview:-1"},"canonical":"https:\/\/www.explora-sicilia.com\/es\/turismo-responsable\/","og_locale":"es_ES","og_type":"article","og_title":"Turismo responsable - Explora Sicilia Natura &amp; Sport","og_description":"Explora Sicilia se compromete a ofrecer experiencias lo m\u00e1s sostenibles posible. \u00a1Entra al sitio y descubre nuestra misi\u00f3n!","og_url":"https:\/\/www.explora-sicilia.com\/es\/turismo-responsable\/","og_site_name":"Explora Sicilia Natura &amp; Sport","article_modified_time":"2024-01-31T15:56:55+00:00","og_image":[{"width":2560,"height":1154,"url":"https:\/\/storage1334.cdn-immedia.net\/wp-content\/uploads\/2024\/01\/20230715_135025-scaled.jpg","type":"image\/jpeg"}],"twitter_card":"summary_large_image","twitter_misc":{"Tiempo de lectura":"1 minuto"},"schema":{"@context":"https:\/\/schema.org","@graph":[{"@type":"WebPage","@id":"https:\/\/www.explora-sicilia.com\/es\/turismo-responsable\/","url":"https:\/\/www.explora-sicilia.com\/es\/turismo-responsable\/","name":"Turismo responsable - Explora Sicilia Natura &amp; Sport","isPartOf":{"@id":"https:\/\/www.explora-sicilia.com\/es\/#website"},"primaryImageOfPage":{"@id":"https:\/\/www.explora-sicilia.com\/es\/turismo-responsable\/#primaryimage"},"image":{"@id":"https:\/\/www.explora-sicilia.com\/es\/turismo-responsable\/#primaryimage"},"thumbnailUrl":"https:\/\/storage1334.cdn-immedia.net\/wp-content\/uploads\/2024\/01\/20230715_135025-scaled.jpg","datePublished":"2024-01-10T08:57:08+00:00","dateModified":"2024-01-31T15:56:55+00:00","description":"Explora Sicilia se compromete a ofrecer experiencias lo m\u00e1s sostenibles posible. \u00a1Entra al sitio y descubre nuestra misi\u00f3n!","breadcrumb":{"@id":"https:\/\/www.explora-sicilia.com\/es\/turismo-responsable\/#breadcrumb"},"inLanguage":"es","potentialAction":[{"@type":"ReadAction","target":["https:\/\/www.explora-sicilia.com\/es\/turismo-responsable\/"]}]},{"@type":"ImageObject","inLanguage":"es","@id":"https:\/\/www.explora-sicilia.com\/es\/turismo-responsable\/#primaryimage","url":"https:\/\/storage1334.cdn-immedia.net\/wp-content\/uploads\/2024\/01\/20230715_135025-scaled.jpg","contentUrl":"https:\/\/storage1334.cdn-immedia.net\/wp-content\/uploads\/2024\/01\/20230715_135025-scaled.jpg","width":2560,"height":1154},{"@type":"BreadcrumbList","@id":"https:\/\/www.explora-sicilia.com\/es\/turismo-responsable\/#breadcrumb","itemListElement":[{"@type":"ListItem","position":1,"name":"Home","item":"https:\/\/www.explora-sicilia.com\/es\/"},{"@type":"ListItem","position":2,"name":"&nbsp;"}]},{"@type":"WebSite","@id":"https:\/\/www.explora-sicilia.com\/es\/#website","url":"https:\/\/www.explora-sicilia.com\/es\/","name":"Explora Sicilia Natura &amp; Sport","description":"","potentialAction":[{"@type":"SearchAction","target":{"@type":"EntryPoint","urlTemplate":"https:\/\/www.explora-sicilia.com\/es\/?s={search_term_string}"},"query-input":{"@type":"PropertyValueSpecification","valueRequired":true,"valueName":"search_term_string"}}],"inLanguage":"es"}]}},"_links":{"self":[{"href":"https:\/\/www.explora-sicilia.com\/es\/wp-json\/wp\/v2\/pages\/6486","targetHints":{"allow":["GET"]}}],"collection":[{"href":"https:\/\/www.explora-sicilia.com\/es\/wp-json\/wp\/v2\/pages"}],"about":[{"href":"https:\/\/www.explora-sicilia.com\/es\/wp-json\/wp\/v2\/types\/page"}],"author":[{"embeddable":true,"href":"https:\/\/www.explora-sicilia.com\/es\/wp-json\/wp\/v2\/users\/1"}],"replies":[{"embeddable":true,"href":"https:\/\/www.explora-sicilia.com\/es\/wp-json\/wp\/v2\/comments?post=6486"}],"version-history":[{"count":13,"href":"https:\/\/www.explora-sicilia.com\/es\/wp-json\/wp\/v2\/pages\/6486\/revisions"}],"predecessor-version":[{"id":6676,"href":"https:\/\/www.explora-sicilia.com\/es\/wp-json\/wp\/v2\/pages\/6486\/revisions\/6676"}],"wp:featuredmedia":[{"embeddable":true,"href":"https:\/\/www.explora-sicilia.com\/es\/wp-json\/wp\/v2\/media\/6567"}],"wp:attachment":[{"href":"https:\/\/www.explora-sicilia.com\/es\/wp-json\/wp\/v2\/media?parent=6486"}],"curies":[{"name":"wp","href":"https:\/\/api.w.org\/{rel}","templated":true}]}}