{"id":6075,"date":"2023-02-07T16:47:03","date_gmt":"2023-02-07T15:47:03","guid":{"rendered":"https:\/\/www.explora-sicilia.com\/voyages\/"},"modified":"2024-01-11T11:48:47","modified_gmt":"2024-01-11T10:48:47","slug":"viajes","status":"publish","type":"page","link":"https:\/\/www.explora-sicilia.com\/es\/viajes\/","title":{"rendered":"Viajes a Sicilia"},"content":{"rendered":"\n<!-- SPACER -->\n<\/div>\n<div   class=\"spacer l-margin bg-white \">\n    &nbsp;<\/div>\n<div class=\"cms-content\">\n<!-- \/\/ SPACER -->\n\n\n<\/div>\n<div class=\"title-box bg-white \">\n  <div class=\"title-box__container container text-left\">\n\t\t<div class=\"title-box__wrap\">\n\n\t\t\t<div class=\"title-box__title-row\">\n\t\t\t\t\t\t\t\t<span class=\"title-box__over-head over-head\">Viajes a medida<\/span>\n\t\t\t\t\t\t\t\t\t\t\t\t<h2 class=\"title-box__title h2\">Descubrir Sicilia<\/h2>\n\t\t\t\t\t    <\/div>\n\n\t\t\t\t\t<\/div>\n\n\t\t\t\t<div class=\"title-box__text-wrap\"><p>Ya sea que desee descubrir las bellezas art\u00edsticas y monumentales de Sicilia o que desee vivir una experiencia \u00fanica en medio de la naturaleza siciliana, o ambas, aqu\u00ed puede encontrar su itinerario ideal o pedirnos que lo hagamos a medida.<\/p><\/div>\n\t\t\n  <\/div>\n<\/div>\n<div class=\"cms-content\">\n\n\n\n<!-- SPACER -->\n<\/div>\n<div   class=\"spacer m-margin bg-white \">\n    &nbsp;<\/div>\n<div class=\"cms-content\">\n<!-- \/\/ SPACER -->\n\n\n<\/div>\n<div class=\"cards-text-bg \">\n\t<div class=\"cards-text-bg__container container\">\n\t\t<div class=\"cards-text-bg__wrap-cards flex flex-column\">\n\t\t\t\t\t\t\t\t\t\t\t<\/div>\n\t<\/div>\n<\/div>\n<div class=\"cms-content\">\n\n\n\n<!-- SPACER -->\n<\/div>\n<div   class=\"spacer l-margin bg-white \">\n    &nbsp;<\/div>\n<div class=\"cms-content\">\n<!-- \/\/ SPACER -->\n","protected":false},"excerpt":{"rendered":"","protected":false},"author":1,"featured_media":2990,"parent":0,"menu_order":22,"comment_status":"closed","ping_status":"closed","template":"","meta":{"_acf_changed":false,"footnotes":""},"class_list":["post-6075","page","type-page","status-publish","has-post-thumbnail","hentry"],"acf":[],"yoast_head":"<!-- This site is optimized with the Yoast SEO plugin v27.5 - https:\/\/yoast.com\/product\/yoast-seo-wordpress\/ -->\n<title>Viajes Sicilia Explora Naturaleza y Deporte<\/title>\n<meta name=\"description\" content=\"Descubre todos los viajes a Sicilia y fuera de la regi\u00f3n del touroperador Explora Sicilia Naturaleza y Deporte.\" \/>\n<meta name=\"robots\" content=\"index, follow, max-snippet:-1, max-image-preview:large, max-video-preview:-1\" \/>\n<link rel=\"canonical\" href=\"https:\/\/www.explora-sicilia.com\/es\/viajes\/\" \/>\n<meta property=\"og:locale\" content=\"es_ES\" \/>\n<meta property=\"og:type\" content=\"article\" \/>\n<meta property=\"og:title\" content=\"Viajes Sicilia Explora Naturaleza y Deporte\" \/>\n<meta property=\"og:description\" content=\"Descubre todos los viajes a Sicilia y fuera de la regi\u00f3n del touroperador Explora Sicilia Naturaleza y Deporte.\" \/>\n<meta property=\"og:url\" content=\"https:\/\/www.explora-sicilia.com\/es\/viajes\/\" \/>\n<meta property=\"og:site_name\" content=\"Explora Sicilia Natura &amp; Sport\" \/>\n<meta property=\"article:modified_time\" content=\"2024-01-11T10:48:47+00:00\" \/>\n<meta property=\"og:image\" content=\"https:\/\/storage1334.cdn-immedia.net\/wp-content\/uploads\/2023\/02\/IMG_8996-copia.jpeg\" \/>\n\t<meta property=\"og:image:width\" content=\"2037\" \/>\n\t<meta property=\"og:image:height\" content=\"1382\" \/>\n\t<meta property=\"og:image:type\" content=\"image\/jpeg\" \/>\n<meta name=\"twitter:card\" content=\"summary_large_image\" \/>\n<meta name=\"twitter:label1\" content=\"Tiempo de lectura\" \/>\n\t<meta name=\"twitter:data1\" content=\"1 minuto\" \/>\n<script type=\"application\/ld+json\" class=\"yoast-schema-graph\">{\"@context\":\"https:\\\/\\\/schema.org\",\"@graph\":[{\"@type\":\"WebPage\",\"@id\":\"https:\\\/\\\/www.explora-sicilia.com\\\/es\\\/viajes\\\/\",\"url\":\"https:\\\/\\\/www.explora-sicilia.com\\\/es\\\/viajes\\\/\",\"name\":\"Viajes Sicilia Explora Naturaleza y Deporte\",\"isPartOf\":{\"@id\":\"https:\\\/\\\/www.explora-sicilia.com\\\/es\\\/#website\"},\"primaryImageOfPage\":{\"@id\":\"https:\\\/\\\/www.explora-sicilia.com\\\/es\\\/viajes\\\/#primaryimage\"},\"image\":{\"@id\":\"https:\\\/\\\/www.explora-sicilia.com\\\/es\\\/viajes\\\/#primaryimage\"},\"thumbnailUrl\":\"https:\\\/\\\/www.explora-sicilia.com\\\/wp-content\\\/uploads\\\/2023\\\/02\\\/IMG_8996-copia.jpeg\",\"datePublished\":\"2023-02-07T15:47:03+00:00\",\"dateModified\":\"2024-01-11T10:48:47+00:00\",\"description\":\"Descubre todos los viajes a Sicilia y fuera de la regi\u00f3n del touroperador Explora Sicilia Naturaleza y Deporte.\",\"breadcrumb\":{\"@id\":\"https:\\\/\\\/www.explora-sicilia.com\\\/es\\\/viajes\\\/#breadcrumb\"},\"inLanguage\":\"es\",\"potentialAction\":[{\"@type\":\"ReadAction\",\"target\":[\"https:\\\/\\\/www.explora-sicilia.com\\\/es\\\/viajes\\\/\"]}]},{\"@type\":\"ImageObject\",\"inLanguage\":\"es\",\"@id\":\"https:\\\/\\\/www.explora-sicilia.com\\\/es\\\/viajes\\\/#primaryimage\",\"url\":\"https:\\\/\\\/www.explora-sicilia.com\\\/wp-content\\\/uploads\\\/2023\\\/02\\\/IMG_8996-copia.jpeg\",\"contentUrl\":\"https:\\\/\\\/www.explora-sicilia.com\\\/wp-content\\\/uploads\\\/2023\\\/02\\\/IMG_8996-copia.jpeg\",\"width\":2037,\"height\":1382},{\"@type\":\"BreadcrumbList\",\"@id\":\"https:\\\/\\\/www.explora-sicilia.com\\\/es\\\/viajes\\\/#breadcrumb\",\"itemListElement\":[{\"@type\":\"ListItem\",\"position\":1,\"name\":\"Home\",\"item\":\"https:\\\/\\\/www.explora-sicilia.com\\\/es\\\/\"},{\"@type\":\"ListItem\",\"position\":2,\"name\":\"&nbsp;\"}]},{\"@type\":\"WebSite\",\"@id\":\"https:\\\/\\\/www.explora-sicilia.com\\\/es\\\/#website\",\"url\":\"https:\\\/\\\/www.explora-sicilia.com\\\/es\\\/\",\"name\":\"Explora Sicilia Natura &amp; Sport\",\"description\":\"\",\"potentialAction\":[{\"@type\":\"SearchAction\",\"target\":{\"@type\":\"EntryPoint\",\"urlTemplate\":\"https:\\\/\\\/www.explora-sicilia.com\\\/es\\\/?s={search_term_string}\"},\"query-input\":{\"@type\":\"PropertyValueSpecification\",\"valueRequired\":true,\"valueName\":\"search_term_string\"}}],\"inLanguage\":\"es\"}]}<\/script>\n<!-- \/ Yoast SEO plugin. -->","yoast_head_json":{"title":"Viajes Sicilia Explora Naturaleza y Deporte","description":"Descubre todos los viajes a Sicilia y fuera de la regi\u00f3n del touroperador Explora Sicilia Naturaleza y Deporte.","robots":{"index":"index","follow":"follow","max-snippet":"max-snippet:-1","max-image-preview":"max-image-preview:large","max-video-preview":"max-video-preview:-1"},"canonical":"https:\/\/www.explora-sicilia.com\/es\/viajes\/","og_locale":"es_ES","og_type":"article","og_title":"Viajes Sicilia Explora Naturaleza y Deporte","og_description":"Descubre todos los viajes a Sicilia y fuera de la regi\u00f3n del touroperador Explora Sicilia Naturaleza y Deporte.","og_url":"https:\/\/www.explora-sicilia.com\/es\/viajes\/","og_site_name":"Explora Sicilia Natura &amp; Sport","article_modified_time":"2024-01-11T10:48:47+00:00","og_image":[{"width":2037,"height":1382,"url":"https:\/\/storage1334.cdn-immedia.net\/wp-content\/uploads\/2023\/02\/IMG_8996-copia.jpeg","type":"image\/jpeg"}],"twitter_card":"summary_large_image","twitter_misc":{"Tiempo de lectura":"1 minuto"},"schema":{"@context":"https:\/\/schema.org","@graph":[{"@type":"WebPage","@id":"https:\/\/www.explora-sicilia.com\/es\/viajes\/","url":"https:\/\/www.explora-sicilia.com\/es\/viajes\/","name":"Viajes Sicilia Explora Naturaleza y Deporte","isPartOf":{"@id":"https:\/\/www.explora-sicilia.com\/es\/#website"},"primaryImageOfPage":{"@id":"https:\/\/www.explora-sicilia.com\/es\/viajes\/#primaryimage"},"image":{"@id":"https:\/\/www.explora-sicilia.com\/es\/viajes\/#primaryimage"},"thumbnailUrl":"https:\/\/storage1334.cdn-immedia.net\/wp-content\/uploads\/2023\/02\/IMG_8996-copia.jpeg","datePublished":"2023-02-07T15:47:03+00:00","dateModified":"2024-01-11T10:48:47+00:00","description":"Descubre todos los viajes a Sicilia y fuera de la regi\u00f3n del touroperador Explora Sicilia Naturaleza y Deporte.","breadcrumb":{"@id":"https:\/\/www.explora-sicilia.com\/es\/viajes\/#breadcrumb"},"inLanguage":"es","potentialAction":[{"@type":"ReadAction","target":["https:\/\/www.explora-sicilia.com\/es\/viajes\/"]}]},{"@type":"ImageObject","inLanguage":"es","@id":"https:\/\/www.explora-sicilia.com\/es\/viajes\/#primaryimage","url":"https:\/\/storage1334.cdn-immedia.net\/wp-content\/uploads\/2023\/02\/IMG_8996-copia.jpeg","contentUrl":"https:\/\/storage1334.cdn-immedia.net\/wp-content\/uploads\/2023\/02\/IMG_8996-copia.jpeg","width":2037,"height":1382},{"@type":"BreadcrumbList","@id":"https:\/\/www.explora-sicilia.com\/es\/viajes\/#breadcrumb","itemListElement":[{"@type":"ListItem","position":1,"name":"Home","item":"https:\/\/www.explora-sicilia.com\/es\/"},{"@type":"ListItem","position":2,"name":"&nbsp;"}]},{"@type":"WebSite","@id":"https:\/\/www.explora-sicilia.com\/es\/#website","url":"https:\/\/www.explora-sicilia.com\/es\/","name":"Explora Sicilia Natura &amp; Sport","description":"","potentialAction":[{"@type":"SearchAction","target":{"@type":"EntryPoint","urlTemplate":"https:\/\/www.explora-sicilia.com\/es\/?s={search_term_string}"},"query-input":{"@type":"PropertyValueSpecification","valueRequired":true,"valueName":"search_term_string"}}],"inLanguage":"es"}]}},"_links":{"self":[{"href":"https:\/\/www.explora-sicilia.com\/es\/wp-json\/wp\/v2\/pages\/6075","targetHints":{"allow":["GET"]}}],"collection":[{"href":"https:\/\/www.explora-sicilia.com\/es\/wp-json\/wp\/v2\/pages"}],"about":[{"href":"https:\/\/www.explora-sicilia.com\/es\/wp-json\/wp\/v2\/types\/page"}],"author":[{"embeddable":true,"href":"https:\/\/www.explora-sicilia.com\/es\/wp-json\/wp\/v2\/users\/1"}],"replies":[{"embeddable":true,"href":"https:\/\/www.explora-sicilia.com\/es\/wp-json\/wp\/v2\/comments?post=6075"}],"version-history":[{"count":6,"href":"https:\/\/www.explora-sicilia.com\/es\/wp-json\/wp\/v2\/pages\/6075\/revisions"}],"predecessor-version":[{"id":6244,"href":"https:\/\/www.explora-sicilia.com\/es\/wp-json\/wp\/v2\/pages\/6075\/revisions\/6244"}],"wp:featuredmedia":[{"embeddable":true,"href":"https:\/\/www.explora-sicilia.com\/es\/wp-json\/wp\/v2\/media\/2990"}],"wp:attachment":[{"href":"https:\/\/www.explora-sicilia.com\/es\/wp-json\/wp\/v2\/media?parent=6075"}],"curies":[{"name":"wp","href":"https:\/\/api.w.org\/{rel}","templated":true}]}}