{"id":6067,"date":"2023-02-28T15:25:57","date_gmt":"2023-02-28T14:25:57","guid":{"rendered":"https:\/\/www.explora-sicilia.com\/contacts\/"},"modified":"2024-01-31T16:54:28","modified_gmt":"2024-01-31T15:54:28","slug":"contacto","status":"publish","type":"page","link":"https:\/\/www.explora-sicilia.com\/es\/contacto\/","title":{"rendered":"Contactos"},"content":{"rendered":"\n<!-- SPACER -->\n<\/div>\n<div   class=\"spacer l-d-spacer bg-white \">\n    &nbsp;<\/div>\n<div class=\"cms-content\">\n<!-- \/\/ SPACER -->\n\n\n<\/div>\n<div class=\"text-iframe \">\n  <div class=\"text-iframe__container container flex flex-row\">\n    <div class=\"text-iframe__column text-iframe__column-text\">\n      <div class=\"text-iframer__text-wrap\">\n\n\t\t\t\t        <div class=\"text-iframe__paragraphs fade\">\n          <h2 class=\"h2\">Explora Natura e Sport<\/h2>\n<p>&nbsp;<\/p>\n<p>Via Marche, 35 \/ 37, Palermo<\/p>\n<p><br data-rich-text-line-break=\"true\" \/>Email: <a href=\"mailto:info@explora-sicilia.com\">info@explora-sicilia.com<\/a><\/p>\n<p><br data-rich-text-line-break=\"true\" \/>Tel\u00e9fono:\u00a0<a href=\"tel:+390916709894\">+(39) 091 670 98 94<\/a><\/p>\n<p><br data-rich-text-line-break=\"true\" \/>Fax:\u00a0+(39) 091 670 93 87<\/p>\n        <\/div>\n\t\t\t\t\n\n      <\/div>\n    <\/div>\n\n\t\t\t    <div class=\"text-iframe__column text-iframe__column-media fade min-height\">\n\t      <iframe src=\"https:\/\/www.google.com\/maps\/embed?pb=!1m18!1m12!1m3!1d959.5826776284953!2d13.332715775023708!3d38.14376561955304!2m3!1f0!2f0!3f0!3m2!1i1024!2i768!4f13.1!3m3!1m2!1s0x1319e8caf7c21abf%3A0x2b0013215e898db6!2sExplora%20Natura%20%26%20Sport!5e0!3m2!1sit!2sit!4v1678959038175!5m2!1sit!2sit\" width=\"600\" height=\"450\" style=\"border:0;\" allowfullscreen=\"\" loading=\"lazy\" referrerpolicy=\"no-referrer-when-downgrade\"><\/iframe>\t    <\/div>\n\t\t\n  <\/div>\n<\/div>\n<div class=\"cms-content\">\n\n\n\n<!-- SPACER -->\n<\/div>\n<div   class=\"spacer l-d-spacer bg-white \">\n    &nbsp;<\/div>\n<div class=\"cms-content\">\n<!-- \/\/ SPACER -->\n\n\n<\/div>\n<!-- FORM -->\n<div class=\"block-contact-form bg-light \" id=\"form-info\">\n    <div class=\"block-contact-form__container container\">\n        \n<div class=\"wpcf7 no-js\" id=\"wpcf7-f6109-o1\" lang=\"es-ES\" dir=\"ltr\" data-wpcf7-id=\"6109\">\n<div class=\"screen-reader-response\"><p role=\"status\" aria-live=\"polite\" aria-atomic=\"true\"><\/p> <ul><\/ul><\/div>\n<form action=\"\/es\/wp-json\/wp\/v2\/pages\/6067#wpcf7-f6109-o1\" method=\"post\" class=\"wpcf7-form init\" aria-label=\"Formulario de contacto\" novalidate=\"novalidate\" data-status=\"init\">\n<fieldset class=\"hidden-fields-container\"><input type=\"hidden\" name=\"_wpcf7\" value=\"6109\" \/><input type=\"hidden\" name=\"_wpcf7_version\" value=\"6.1.5\" \/><input type=\"hidden\" name=\"_wpcf7_locale\" value=\"es_ES\" \/><input type=\"hidden\" name=\"_wpcf7_unit_tag\" value=\"wpcf7-f6109-o1\" \/><input type=\"hidden\" name=\"_wpcf7_container_post\" value=\"0\" \/><input type=\"hidden\" name=\"_wpcf7_posted_data_hash\" value=\"\" \/><input type=\"hidden\" name=\"_wpcf7_recaptcha_response\" value=\"\" \/>\n<\/fieldset>\n<p><span class=\"block-contact-form__over-head over-head\">Cont\u00e1ctenos<\/span>\n<\/p>\n<h2 class=\"h2 block-contact-form__title\">Rellena el formulario para solicitar informaci\u00f3n\n<\/h2>\n<div class=\"form\">\n\t<div class=\"box-columns flex input-box\">\n\t\t<div class=\"form-item\">\n\t\t\t<p><label for=\"nome\"><span class=\"label-text\">Nombre*<\/span> <span class=\"wpcf7-form-control-wrap\" data-name=\"nome\"><input size=\"40\" maxlength=\"400\" class=\"wpcf7-form-control wpcf7-text wpcf7-validates-as-required\" id=\"nome\" aria-required=\"true\" aria-invalid=\"false\" value=\"\" type=\"text\" name=\"nome\" \/><\/span><\/label>\n\t\t\t<\/p>\n\t\t<\/div>\n\t\t<div class=\"form-item\">\n\t\t\t<p><label for=\"cognome\"><span class=\"label-text\">Apellido*<\/span> <span class=\"wpcf7-form-control-wrap\" data-name=\"cognome\"><input size=\"40\" maxlength=\"400\" class=\"wpcf7-form-control wpcf7-text wpcf7-validates-as-required\" id=\"cognome\" aria-required=\"true\" aria-invalid=\"false\" value=\"\" type=\"text\" name=\"cognome\" \/><\/span><\/label>\n\t\t\t<\/p>\n\t\t<\/div>\n\t<\/div>\n\t<div class=\"box-columns flex input-box\">\n\t\t<div class=\"form-item\">\n\t\t\t<p><label for=\"email\"><span class=\"label-text\">Correo electr\u00f3nico*<\/span> <span class=\"wpcf7-form-control-wrap\" data-name=\"email\"><input size=\"40\" maxlength=\"400\" class=\"wpcf7-form-control wpcf7-email wpcf7-validates-as-required wpcf7-text wpcf7-validates-as-email\" id=\"email\" aria-required=\"true\" aria-invalid=\"false\" value=\"\" type=\"email\" name=\"email\" \/><\/span><\/label>\n\t\t\t<\/p>\n\t\t<\/div>\n\t\t<div class=\"form-item\">\n\t\t\t<p><label for=\"tel\"><span class=\"label-text\">Tel\u00e9fono*<\/span> <span class=\"wpcf7-form-control-wrap\" data-name=\"tel\"><input size=\"40\" maxlength=\"400\" class=\"wpcf7-form-control wpcf7-tel wpcf7-validates-as-required wpcf7-text wpcf7-validates-as-tel\" id=\"tel\" aria-required=\"true\" aria-invalid=\"false\" value=\"\" type=\"tel\" name=\"tel\" \/><\/span><\/label>\n\t\t\t<\/p>\n\t\t<\/div>\n\t<\/div>\n\t<div class=\"box-columns flex input-box\">\n\t\t<div class=\"form-item\">\n\t\t\t<p><label for=\"messaggio\"><span class=\"label-text\">Mensaje*<\/span> <span class=\"wpcf7-form-control-wrap\" data-name=\"messaggio\"><textarea cols=\"40\" rows=\"6\" maxlength=\"2000\" class=\"wpcf7-form-control wpcf7-textarea wpcf7-validates-as-required\" id=\"messaggio\" aria-required=\"true\" aria-invalid=\"false\" name=\"messaggio\"><\/textarea><\/span><\/label>\n\t\t\t<\/p>\n\t\t<\/div>\n\t<\/div>\n\t<div class=\"box-columns flex flex-wrap\">\n\t\t<div class=\"col-12 required\">\n\t\t\t<p>*Campos obligatorios\n\t\t\t<\/p>\n\t\t<\/div>\n\t<\/div>\n\t<div class=\"box-columns box-acceptance\">\n\t\t<div class=\"col-12\">\n\t\t\t<div class=\"dichiarazione_consenso\">\n\t\t\t\t<div class=\"form-item\">\n\t\t\t\t\t<p><span class=\"title-dichiarazione h3\">Declaraci\u00f3n de consentimiento<\/span>\n\t\t\t\t\t<\/p>\n\t\t\t\t<\/div>\n\t\t\t\t<div class=\"im-accordion-form\">\n\t\t\t\t\t<div class=\"im-accordion__toggle flex justify-content-between align-items-center\" data-accordion=\"dichiarazione-accordion\" data-group=\"contact-group-1\" data-close=\"true\">\n\t\t\t\t\t\t<div class=\"im-accordion__title h4\">\n\t\t\t\t\t\t\t<p><u>Tras haber le\u00eddo la nota informativa:<\/u>\n\t\t\t\t\t\t\t<\/p>\n\t\t\t\t\t\t<\/div>\n\t\t\t\t\t\t<div class=\"im-accordion__icon icon-close\">\n\t\t\t\t\t\t\t<p><svg xmlns=\"http:\/\/www.w3.org\/2000\/svg\" xmlns:xlink=\"http:\/\/www.w3.org\/1999\/xlink\" shape-rendering=\"geometricPrecision\" class=\"close\"><use xlink:href=\"https:\/\/www.explora-sicilia.com\/wp-content\/themes\/explora-sicilia.com\/assets\/build\/spritemap.svg#ico_plus\"><\/use><\/svg>\n\t\t\t\t\t\t\t<\/p>\n\t\t\t\t\t\t<\/div>\n\t\t\t\t\t<\/div>\n\t\t\t\t\t<div class=\"im-accordion__content\" data-accordion=\"dichiarazione-accordion\">\n\t\t\t\t\t\t<div data-wrapper-height=\"\">\n\t\t\t\t\t\t\t<p><strong>NOTA INFORMATIVA SEG\u00daN EL ART.13 EU Regulation 2016\/679 (\u201cGDPR\u201d):<\/strong>&nbsp;Los datos personales recogidos internamente en esta p\u00e1gina web se tratar\u00e1n en el formato papel y electr\u00f3nico para las siguientes finalidades:\n\t\t\t\t\t\t\t<\/p>\n\t\t\t\t\t\t\t<p>a) para ejecutar su solicitud de informaci\u00f3n acerca de nuestros productos o para recibir informaci\u00f3n sobre nuestros distribuidores;\n\t\t\t\t\t\t\t<\/p>\n\t\t\t\t\t\t\t<p>b) para enviar comunicaciones informativas y comerciales, tambi\u00e9n de car\u00e1cter promocional (incluy\u00e9ndose nuestro bolet\u00edn informativo), material publicitario y\/o ofertas de bienes y servicios, con cualquier medio (conocido y desconocido), incluy\u00e9ndose, a t\u00edtulo de ejemplo pero no exhaustivo, correo, Internet, tel\u00e9fono, correo electr\u00f3nico, MMS, SMS, etc.\n\t\t\t\t\t\t\t<\/p>\n\t\t\t\t\t\t\t<p>La comunicaci\u00f3n de sus datos para las finalidades contempladas en el punto a) se requiere para poder responder a su solicitud de informaci\u00f3n ya que su negaci\u00f3n a ello podr\u00eda perjudicar dicha posibilidad; mientras que, para las finalidades contempladas en el punto b), la comunicaci\u00f3n de sus datos es facultativa ya que una negaci\u00f3n a ello no comporta consecuencias para las finalidades contempladas en el punto a). Dichos datos ser\u00e1n tratados por personal interno, se comunicar\u00e1n exclusivamente a sujetos autorizados y no se difundir\u00e1n. En lo que ata\u00f1e a los datos comunicados, podr\u00e1 ejercer los derechos previstos por el art\u00edculo 7 mediante el env\u00edo de una instancia escrita al Responsable del tratamiento: Explora s.r.l. &#8211; P.IVA 04946810829 &#8211; info@explora-sicilia.com\n\t\t\t\t\t\t\t<\/p>\n\t\t\t\t\t\t<\/div>\n\t\t\t\t\t<\/div>\n\t\t\t\t<\/div>\n\t\t\t<\/div>\n\t\t\t<div class=\"form-item radios--wrapper\">\n\t\t\t\t<legend><br \/>\n<span class=\"fieldset-legend js-form-required form-required\">Autorizo que mis datos personales sean usados para las finalidades contempladas en el punto a) (solicitud de informaci\u00f3n)*<\/span>\n\t\t\t\t<\/legend>\n\t\t\t\t<div class=\"fieldset-wrapper\">\n\t\t\t\t\t<p><span class=\"wpcf7-form-control-wrap\" data-name=\"acceptance-a\"><span class=\"wpcf7-form-control wpcf7-radio\"><span class=\"wpcf7-list-item first\"><label><input type=\"radio\" name=\"acceptance-a\" value=\"Si\" \/><span class=\"wpcf7-list-item-label\">Si<\/span><\/label><\/span><span class=\"wpcf7-list-item last\"><label><input type=\"radio\" name=\"acceptance-a\" value=\"No\" \/><span class=\"wpcf7-list-item-label\">No<\/span><\/label><\/span><\/span><\/span>\n\t\t\t\t\t<\/p>\n\t\t\t\t<\/div>\n\t\t\t<\/div>\n\t\t\t<div class=\"form-item radios--wrapper\">\n\t\t\t\t<legend><br \/>\n<span class=\"fieldset-legend js-form-required form-required\">Autorizo que mis datos personales sean usados para las finalidades contempladas en el punto b) (marketing)**<\/span>\n\t\t\t\t<\/legend>\n\t\t\t\t<div class=\"fieldset-wrapper\">\n\t\t\t\t\t<p><span class=\"wpcf7-form-control-wrap\" data-name=\"acceptance-b\"><span class=\"wpcf7-form-control wpcf7-radio\"><span class=\"wpcf7-list-item first\"><label><input type=\"radio\" name=\"acceptance-b\" value=\"Si\" \/><span class=\"wpcf7-list-item-label\">Si<\/span><\/label><\/span><span class=\"wpcf7-list-item last\"><label><input type=\"radio\" name=\"acceptance-b\" value=\"No\" \/><span class=\"wpcf7-list-item-label\">No<\/span><\/label><\/span><\/span><\/span>\n\t\t\t\t\t<\/p>\n\t\t\t\t<\/div>\n\t\t\t<\/div>\n\t\t<\/div>\n\t<\/div>\n\t<div class=\"box-columns flex flex-wrap\">\n\t\t<div class=\"col-12 form-buttons-wrap\">\n\t\t\t<div class=\"form-actions\">\n\t\t\t\t<p><input class=\"wpcf7-form-control wpcf7-submit has-spinner button primary-button no-svg-wrap\" type=\"submit\" value=\"Enviar\" \/>\n\t\t\t\t<\/p>\n\t\t\t<\/div>\n\t\t<\/div>\n\t<\/div>\n<\/div><div class=\"wpcf7-response-output\" aria-hidden=\"true\"><\/div>\n<\/form>\n<\/div>\n    <\/div>\n<\/div>\n<!-- \/\/ FORM -->\n<div class=\"cms-content\">","protected":false},"excerpt":{"rendered":"","protected":false},"author":1,"featured_media":5381,"parent":0,"menu_order":9,"comment_status":"closed","ping_status":"closed","template":"","meta":{"_acf_changed":false,"footnotes":""},"class_list":["post-6067","page","type-page","status-publish","has-post-thumbnail","hentry"],"acf":[],"yoast_head":"<!-- This site is optimized with the Yoast SEO plugin v27.3 - https:\/\/yoast.com\/product\/yoast-seo-wordpress\/ -->\n<title>Contacto | Touroperador Explora Sicilia Naturaleza y Deporte<\/title>\n<meta name=\"description\" content=\"Cont\u00e1ctenos para conocer todos los detalles de los viajes a Sicilia y fuera de la Regi\u00f3n.\" \/>\n<meta name=\"robots\" content=\"index, follow, max-snippet:-1, max-image-preview:large, max-video-preview:-1\" \/>\n<link rel=\"canonical\" href=\"https:\/\/www.explora-sicilia.com\/es\/contacto\/\" \/>\n<meta property=\"og:locale\" content=\"es_ES\" \/>\n<meta property=\"og:type\" content=\"article\" \/>\n<meta property=\"og:title\" content=\"Contacto | Touroperador Explora Sicilia Naturaleza y Deporte\" \/>\n<meta property=\"og:description\" content=\"Cont\u00e1ctenos para conocer todos los detalles de los viajes a Sicilia y fuera de la Regi\u00f3n.\" \/>\n<meta property=\"og:url\" content=\"https:\/\/www.explora-sicilia.com\/es\/contacto\/\" \/>\n<meta property=\"og:site_name\" content=\"Explora Sicilia Natura &amp; Sport\" \/>\n<meta property=\"article:modified_time\" content=\"2024-01-31T15:54:28+00:00\" \/>\n<meta property=\"og:image\" content=\"https:\/\/storage1334.cdn-immedia.net\/wp-content\/uploads\/2023\/02\/Etna-sud71-scaled.jpeg\" \/>\n\t<meta property=\"og:image:width\" content=\"2560\" \/>\n\t<meta property=\"og:image:height\" content=\"1738\" \/>\n\t<meta property=\"og:image:type\" content=\"image\/jpeg\" \/>\n<meta name=\"twitter:card\" content=\"summary_large_image\" \/>\n<meta name=\"twitter:label1\" content=\"Tiempo de lectura\" \/>\n\t<meta name=\"twitter:data1\" content=\"1 minuto\" \/>\n<script type=\"application\/ld+json\" class=\"yoast-schema-graph\">{\"@context\":\"https:\\\/\\\/schema.org\",\"@graph\":[{\"@type\":\"WebPage\",\"@id\":\"https:\\\/\\\/www.explora-sicilia.com\\\/es\\\/contacto\\\/\",\"url\":\"https:\\\/\\\/www.explora-sicilia.com\\\/es\\\/contacto\\\/\",\"name\":\"Contacto | Touroperador Explora Sicilia Naturaleza y Deporte\",\"isPartOf\":{\"@id\":\"https:\\\/\\\/www.explora-sicilia.com\\\/es\\\/#website\"},\"primaryImageOfPage\":{\"@id\":\"https:\\\/\\\/www.explora-sicilia.com\\\/es\\\/contacto\\\/#primaryimage\"},\"image\":{\"@id\":\"https:\\\/\\\/www.explora-sicilia.com\\\/es\\\/contacto\\\/#primaryimage\"},\"thumbnailUrl\":\"https:\\\/\\\/www.explora-sicilia.com\\\/wp-content\\\/uploads\\\/2023\\\/02\\\/Etna-sud71-scaled.jpeg\",\"datePublished\":\"2023-02-28T14:25:57+00:00\",\"dateModified\":\"2024-01-31T15:54:28+00:00\",\"description\":\"Cont\u00e1ctenos para conocer todos los detalles de los viajes a Sicilia y fuera de la Regi\u00f3n.\",\"breadcrumb\":{\"@id\":\"https:\\\/\\\/www.explora-sicilia.com\\\/es\\\/contacto\\\/#breadcrumb\"},\"inLanguage\":\"es\",\"potentialAction\":[{\"@type\":\"ReadAction\",\"target\":[\"https:\\\/\\\/www.explora-sicilia.com\\\/es\\\/contacto\\\/\"]}]},{\"@type\":\"ImageObject\",\"inLanguage\":\"es\",\"@id\":\"https:\\\/\\\/www.explora-sicilia.com\\\/es\\\/contacto\\\/#primaryimage\",\"url\":\"https:\\\/\\\/www.explora-sicilia.com\\\/wp-content\\\/uploads\\\/2023\\\/02\\\/Etna-sud71-scaled.jpeg\",\"contentUrl\":\"https:\\\/\\\/www.explora-sicilia.com\\\/wp-content\\\/uploads\\\/2023\\\/02\\\/Etna-sud71-scaled.jpeg\",\"width\":2560,\"height\":1738},{\"@type\":\"BreadcrumbList\",\"@id\":\"https:\\\/\\\/www.explora-sicilia.com\\\/es\\\/contacto\\\/#breadcrumb\",\"itemListElement\":[{\"@type\":\"ListItem\",\"position\":1,\"name\":\"Home\",\"item\":\"https:\\\/\\\/www.explora-sicilia.com\\\/es\\\/\"},{\"@type\":\"ListItem\",\"position\":2,\"name\":\"&nbsp;\"}]},{\"@type\":\"WebSite\",\"@id\":\"https:\\\/\\\/www.explora-sicilia.com\\\/es\\\/#website\",\"url\":\"https:\\\/\\\/www.explora-sicilia.com\\\/es\\\/\",\"name\":\"Explora Sicilia Natura &amp; Sport\",\"description\":\"\",\"potentialAction\":[{\"@type\":\"SearchAction\",\"target\":{\"@type\":\"EntryPoint\",\"urlTemplate\":\"https:\\\/\\\/www.explora-sicilia.com\\\/es\\\/?s={search_term_string}\"},\"query-input\":{\"@type\":\"PropertyValueSpecification\",\"valueRequired\":true,\"valueName\":\"search_term_string\"}}],\"inLanguage\":\"es\"}]}<\/script>\n<!-- \/ Yoast SEO plugin. -->","yoast_head_json":{"title":"Contacto | Touroperador Explora Sicilia Naturaleza y Deporte","description":"Cont\u00e1ctenos para conocer todos los detalles de los viajes a Sicilia y fuera de la Regi\u00f3n.","robots":{"index":"index","follow":"follow","max-snippet":"max-snippet:-1","max-image-preview":"max-image-preview:large","max-video-preview":"max-video-preview:-1"},"canonical":"https:\/\/www.explora-sicilia.com\/es\/contacto\/","og_locale":"es_ES","og_type":"article","og_title":"Contacto | Touroperador Explora Sicilia Naturaleza y Deporte","og_description":"Cont\u00e1ctenos para conocer todos los detalles de los viajes a Sicilia y fuera de la Regi\u00f3n.","og_url":"https:\/\/www.explora-sicilia.com\/es\/contacto\/","og_site_name":"Explora Sicilia Natura &amp; Sport","article_modified_time":"2024-01-31T15:54:28+00:00","og_image":[{"width":2560,"height":1738,"url":"https:\/\/storage1334.cdn-immedia.net\/wp-content\/uploads\/2023\/02\/Etna-sud71-scaled.jpeg","type":"image\/jpeg"}],"twitter_card":"summary_large_image","twitter_misc":{"Tiempo de lectura":"1 minuto"},"schema":{"@context":"https:\/\/schema.org","@graph":[{"@type":"WebPage","@id":"https:\/\/www.explora-sicilia.com\/es\/contacto\/","url":"https:\/\/www.explora-sicilia.com\/es\/contacto\/","name":"Contacto | Touroperador Explora Sicilia Naturaleza y Deporte","isPartOf":{"@id":"https:\/\/www.explora-sicilia.com\/es\/#website"},"primaryImageOfPage":{"@id":"https:\/\/www.explora-sicilia.com\/es\/contacto\/#primaryimage"},"image":{"@id":"https:\/\/www.explora-sicilia.com\/es\/contacto\/#primaryimage"},"thumbnailUrl":"https:\/\/storage1334.cdn-immedia.net\/wp-content\/uploads\/2023\/02\/Etna-sud71-scaled.jpeg","datePublished":"2023-02-28T14:25:57+00:00","dateModified":"2024-01-31T15:54:28+00:00","description":"Cont\u00e1ctenos para conocer todos los detalles de los viajes a Sicilia y fuera de la Regi\u00f3n.","breadcrumb":{"@id":"https:\/\/www.explora-sicilia.com\/es\/contacto\/#breadcrumb"},"inLanguage":"es","potentialAction":[{"@type":"ReadAction","target":["https:\/\/www.explora-sicilia.com\/es\/contacto\/"]}]},{"@type":"ImageObject","inLanguage":"es","@id":"https:\/\/www.explora-sicilia.com\/es\/contacto\/#primaryimage","url":"https:\/\/storage1334.cdn-immedia.net\/wp-content\/uploads\/2023\/02\/Etna-sud71-scaled.jpeg","contentUrl":"https:\/\/storage1334.cdn-immedia.net\/wp-content\/uploads\/2023\/02\/Etna-sud71-scaled.jpeg","width":2560,"height":1738},{"@type":"BreadcrumbList","@id":"https:\/\/www.explora-sicilia.com\/es\/contacto\/#breadcrumb","itemListElement":[{"@type":"ListItem","position":1,"name":"Home","item":"https:\/\/www.explora-sicilia.com\/es\/"},{"@type":"ListItem","position":2,"name":"&nbsp;"}]},{"@type":"WebSite","@id":"https:\/\/www.explora-sicilia.com\/es\/#website","url":"https:\/\/www.explora-sicilia.com\/es\/","name":"Explora Sicilia Natura &amp; Sport","description":"","potentialAction":[{"@type":"SearchAction","target":{"@type":"EntryPoint","urlTemplate":"https:\/\/www.explora-sicilia.com\/es\/?s={search_term_string}"},"query-input":{"@type":"PropertyValueSpecification","valueRequired":true,"valueName":"search_term_string"}}],"inLanguage":"es"}]}},"_links":{"self":[{"href":"https:\/\/www.explora-sicilia.com\/es\/wp-json\/wp\/v2\/pages\/6067","targetHints":{"allow":["GET"]}}],"collection":[{"href":"https:\/\/www.explora-sicilia.com\/es\/wp-json\/wp\/v2\/pages"}],"about":[{"href":"https:\/\/www.explora-sicilia.com\/es\/wp-json\/wp\/v2\/types\/page"}],"author":[{"embeddable":true,"href":"https:\/\/www.explora-sicilia.com\/es\/wp-json\/wp\/v2\/users\/1"}],"replies":[{"embeddable":true,"href":"https:\/\/www.explora-sicilia.com\/es\/wp-json\/wp\/v2\/comments?post=6067"}],"version-history":[{"count":16,"href":"https:\/\/www.explora-sicilia.com\/es\/wp-json\/wp\/v2\/pages\/6067\/revisions"}],"predecessor-version":[{"id":6672,"href":"https:\/\/www.explora-sicilia.com\/es\/wp-json\/wp\/v2\/pages\/6067\/revisions\/6672"}],"wp:featuredmedia":[{"embeddable":true,"href":"https:\/\/www.explora-sicilia.com\/es\/wp-json\/wp\/v2\/media\/5381"}],"wp:attachment":[{"href":"https:\/\/www.explora-sicilia.com\/es\/wp-json\/wp\/v2\/media?parent=6067"}],"curies":[{"name":"wp","href":"https:\/\/api.w.org\/{rel}","templated":true}]}}