{"id":5734,"date":"2023-02-07T16:45:59","date_gmt":"2023-02-07T15:45:59","guid":{"rendered":"https:\/\/www.explora-sicilia.com\/explora\/"},"modified":"2024-01-31T16:45:57","modified_gmt":"2024-01-31T15:45:57","slug":"explora","status":"publish","type":"page","link":"https:\/\/www.explora-sicilia.com\/es\/explora\/","title":{"rendered":"Explora"},"content":{"rendered":"<\/div>\n\n<div class=\"im-text-on-bg bg-white  \">\n  <div class=\"im-text-on-bg__container\">\n    <div class=\"im-text-on-bg__text container no-height\">\n      <div class=\"im-text-on-bg__text-wrap flex flex-column fade text-left\">\n\n\t\t\t\t<div class=\"im-text-on-bg__title-wrap\">\n\t\t\t\t\t\t\t\t\t\t<span class=\"im-text-on-bg__over-head over-head\">Historia<\/span>\n\t\t\t\t\t\n\t\t\t\t\t\t\t\t\t\t<h2 class=\"im-text-on-bg__title h2\">Explora Natura y Sport<\/h2>\n\t\t\t\t\t\t\t\t\t<\/div>\n\n\t\t\t\t\n\t\t\t\t        <div class=\"im-text-on-bg__p flex flex-column-m\">\n\t\t\t\t\t\t\t\t\t\t<div class=\"col-text\">\n            <p>Tanguy de Saint Cyr comienza su experiencia en agencias de viajes en 1983, despu\u00e9s de que la pasi\u00f3n por la aventura y su amor por los volcanes lo han llevado a descubrir el encanto innegable de las Islas Eolias.<br \/>\n\u00ab\u00bbExplora Natura y deporte\u00bb\u00bb nace inicialmente por el deseo de Tanguy de compartir con otros viajeros su pasi\u00f3n y los primeros circuitos se desarrollan entre el Etna y las Islas Eolias. Sin embargo Sicilia esconde muchas sorpresas m\u00e1s, as\u00ed los circuitos se multiplican. Desde hace m\u00e1s de 20 a\u00f1os, mostramos a miles de personas que Sicilia es el destino perfecto para cualquier viajero: para los amantes del deporte y de la naturaleza, sino tambi\u00e9n para los amantes de la arquitectura y de la historia, como de la buena comida y del buen vino. Para los que deseen viajar solos o para los que prefieran los viajes en grupo, para los amantes de la relajaci\u00f3n y para aquellos que buscan aventura.<br \/>\nHoy Explora Natura &amp; Sport ofrece m\u00faltiples recorridos, dise\u00f1ados y propuestos para satisfacer las necesidades de todo viajero y su \u00e9xito se debe al entusiasmo y la pasi\u00f3n de todo el equipo que desde a\u00f1os cree en esta aventura y crece con ella.<\/p>\n          <\/div>\n\t\t\t\t\t\t\t\t\t\t        <\/div>\n\t\t\t\t\n\t\t\t\t\n      <\/div>\n    <\/div>\n\t\t  <\/div>\n<\/div>\n\n\n<div class=\"cms-content\">\n\n\n<\/div>\n<div class=\"im-text-img-var \">\n  <div class=\"im-text-img-var__container container flex flex-row-reverse-d flex-column-reverse-mt\">\n    <div class=\"im-text-img-var__column im-text-img-var__column-text\">\n      <div class=\"im-text-img-var__text-wrap fade\">\n\t\t        <span class=\"im-text-img-var__over-head over-head\">Viajes deportivos y culturales<\/span>\n\t\t\n\t\t        <h2 class=\"im-text-img-var__title h2\">El Esp\u00edritu del Viaje y el Viaje del Esp\u00edritu<\/h2>\n\t\t\n\t\t        <div class=\"im-text-img-var__paragraphs\">\n          <p>Nuestro objetivo principal es el descubrimiento de Sicilia. Les invitamos a explorar con nosotros la belleza de esta tierra m\u00edtica y magn\u00edfica, a observar con curiosidad sus paisajes variados y sus contrastes chocantes y al mismo tiempo les animamos a conocer la historia milenaria de la Isla del Sol, que siempre ha sido el coraz\u00f3n latiente de toda civilazaci\u00f3n mediterr\u00e1nea: de Africa a Europa, de Oriente a Occidente, cruce imprescindible de encuentros, intercambios, trueques y mezclas de gentes y culturas.<br \/>\n\u00a1\u00c9sto es Sicilia, bienvenidos a nuestra casa!<\/p>\n        <\/div>\n\t\t\n\t\t\n      <\/div>\n    <\/div>\n\n\t\t<div class=\"im-text-img-var__column im-text-img-var__column-media fade min-height\">\n\t\t<picture>\n\t\t\t<source\n\t\t\t\ttype=\"image\/webp\"\n\t\t\t\tsrcset=\"https:\/\/storage1334.cdn-immedia.net\/wp-content\/themes\/explora-sicilia.com\/assets\/img\/spacer\/spacer.png\"\n\t\t\t\tdata-srcset=\"https:\/\/storage1334.cdn-immedia.net\/wp-content\/uploads\/2023\/02\/nebrodi-800x540.jpg\">\n\t\t\t<img\n\t\t\t\tsrc=\"https:\/\/storage1334.cdn-immedia.net\/wp-content\/themes\/explora-sicilia.com\/assets\/img\/spacer\/spacer.png\"\n\t\t\t\tdata-src=\"https:\/\/storage1334.cdn-immedia.net\/wp-content\/uploads\/2023\/02\/nebrodi-800x540.jpg\"\n\t\t\t\talt=\"El Esp\u00edritu del Viaje y el Viaje del Esp\u00edritu\"\n\t\t\t\twidth=\"800\" height=\"800\" class=\"lazyload\">\n\t\t<\/picture>\n\t<\/div>\n\t\n  <\/div>\n<\/div>\n\n<div class=\"cms-content\">\n\n\n<!-- SPACER -->\n<\/div>\n<div   class=\"spacer l-d-spacer bg-white \">\n    &nbsp;<\/div>\n<div class=\"cms-content\">\n<!-- \/\/ SPACER -->\n","protected":false},"excerpt":{"rendered":"","protected":false},"author":1,"featured_media":319,"parent":0,"menu_order":17,"comment_status":"closed","ping_status":"closed","template":"","meta":{"_acf_changed":false,"footnotes":""},"class_list":["post-5734","page","type-page","status-publish","has-post-thumbnail","hentry"],"acf":[],"yoast_head":"<!-- This site is optimized with the Yoast SEO plugin v27.5 - https:\/\/yoast.com\/product\/yoast-seo-wordpress\/ -->\n<title>Touroperador Sicilia Explora Naturaleza y Deporte<\/title>\n<meta name=\"description\" content=\"Viaja a Sicilia con el touroperador Explora Sicilia Naturaleza y Deporte. Los mejores itinerarios para tus viajes a Sicilia.\" \/>\n<meta name=\"robots\" content=\"index, follow, max-snippet:-1, max-image-preview:large, max-video-preview:-1\" \/>\n<link rel=\"canonical\" href=\"https:\/\/www.explora-sicilia.com\/es\/explora\/\" \/>\n<meta property=\"og:locale\" content=\"es_ES\" \/>\n<meta property=\"og:type\" content=\"article\" \/>\n<meta property=\"og:title\" content=\"Touroperador Sicilia Explora Naturaleza y Deporte\" \/>\n<meta property=\"og:description\" content=\"Viaja a Sicilia con el touroperador Explora Sicilia Naturaleza y Deporte. Los mejores itinerarios para tus viajes a Sicilia.\" \/>\n<meta property=\"og:url\" content=\"https:\/\/www.explora-sicilia.com\/es\/explora\/\" \/>\n<meta property=\"og:site_name\" content=\"Explora Sicilia Natura &amp; Sport\" \/>\n<meta property=\"article:modified_time\" content=\"2024-01-31T15:45:57+00:00\" \/>\n<meta property=\"og:image\" content=\"https:\/\/storage1334.cdn-immedia.net\/wp-content\/uploads\/2023\/02\/Eolie-1-960x540-1.jpg\" \/>\n\t<meta property=\"og:image:width\" content=\"960\" \/>\n\t<meta property=\"og:image:height\" content=\"540\" \/>\n\t<meta property=\"og:image:type\" content=\"image\/jpeg\" \/>\n<meta name=\"twitter:card\" content=\"summary_large_image\" \/>\n<meta name=\"twitter:label1\" content=\"Tiempo de lectura\" \/>\n\t<meta name=\"twitter:data1\" content=\"1 minuto\" \/>\n<script type=\"application\/ld+json\" class=\"yoast-schema-graph\">{\"@context\":\"https:\\\/\\\/schema.org\",\"@graph\":[{\"@type\":\"WebPage\",\"@id\":\"https:\\\/\\\/www.explora-sicilia.com\\\/es\\\/explora\\\/\",\"url\":\"https:\\\/\\\/www.explora-sicilia.com\\\/es\\\/explora\\\/\",\"name\":\"Touroperador Sicilia Explora Naturaleza y Deporte\",\"isPartOf\":{\"@id\":\"https:\\\/\\\/www.explora-sicilia.com\\\/es\\\/#website\"},\"primaryImageOfPage\":{\"@id\":\"https:\\\/\\\/www.explora-sicilia.com\\\/es\\\/explora\\\/#primaryimage\"},\"image\":{\"@id\":\"https:\\\/\\\/www.explora-sicilia.com\\\/es\\\/explora\\\/#primaryimage\"},\"thumbnailUrl\":\"https:\\\/\\\/www.explora-sicilia.com\\\/wp-content\\\/uploads\\\/2023\\\/02\\\/Eolie-1-960x540-1.jpg\",\"datePublished\":\"2023-02-07T15:45:59+00:00\",\"dateModified\":\"2024-01-31T15:45:57+00:00\",\"description\":\"Viaja a Sicilia con el touroperador Explora Sicilia Naturaleza y Deporte. Los mejores itinerarios para tus viajes a Sicilia.\",\"breadcrumb\":{\"@id\":\"https:\\\/\\\/www.explora-sicilia.com\\\/es\\\/explora\\\/#breadcrumb\"},\"inLanguage\":\"es\",\"potentialAction\":[{\"@type\":\"ReadAction\",\"target\":[\"https:\\\/\\\/www.explora-sicilia.com\\\/es\\\/explora\\\/\"]}]},{\"@type\":\"ImageObject\",\"inLanguage\":\"es\",\"@id\":\"https:\\\/\\\/www.explora-sicilia.com\\\/es\\\/explora\\\/#primaryimage\",\"url\":\"https:\\\/\\\/www.explora-sicilia.com\\\/wp-content\\\/uploads\\\/2023\\\/02\\\/Eolie-1-960x540-1.jpg\",\"contentUrl\":\"https:\\\/\\\/www.explora-sicilia.com\\\/wp-content\\\/uploads\\\/2023\\\/02\\\/Eolie-1-960x540-1.jpg\",\"width\":960,\"height\":540},{\"@type\":\"BreadcrumbList\",\"@id\":\"https:\\\/\\\/www.explora-sicilia.com\\\/es\\\/explora\\\/#breadcrumb\",\"itemListElement\":[{\"@type\":\"ListItem\",\"position\":1,\"name\":\"Home\",\"item\":\"https:\\\/\\\/www.explora-sicilia.com\\\/es\\\/\"},{\"@type\":\"ListItem\",\"position\":2,\"name\":\"&nbsp;\"}]},{\"@type\":\"WebSite\",\"@id\":\"https:\\\/\\\/www.explora-sicilia.com\\\/es\\\/#website\",\"url\":\"https:\\\/\\\/www.explora-sicilia.com\\\/es\\\/\",\"name\":\"Explora Sicilia Natura &amp; Sport\",\"description\":\"\",\"potentialAction\":[{\"@type\":\"SearchAction\",\"target\":{\"@type\":\"EntryPoint\",\"urlTemplate\":\"https:\\\/\\\/www.explora-sicilia.com\\\/es\\\/?s={search_term_string}\"},\"query-input\":{\"@type\":\"PropertyValueSpecification\",\"valueRequired\":true,\"valueName\":\"search_term_string\"}}],\"inLanguage\":\"es\"}]}<\/script>\n<!-- \/ Yoast SEO plugin. -->","yoast_head_json":{"title":"Touroperador Sicilia Explora Naturaleza y Deporte","description":"Viaja a Sicilia con el touroperador Explora Sicilia Naturaleza y Deporte. Los mejores itinerarios para tus viajes a Sicilia.","robots":{"index":"index","follow":"follow","max-snippet":"max-snippet:-1","max-image-preview":"max-image-preview:large","max-video-preview":"max-video-preview:-1"},"canonical":"https:\/\/www.explora-sicilia.com\/es\/explora\/","og_locale":"es_ES","og_type":"article","og_title":"Touroperador Sicilia Explora Naturaleza y Deporte","og_description":"Viaja a Sicilia con el touroperador Explora Sicilia Naturaleza y Deporte. Los mejores itinerarios para tus viajes a Sicilia.","og_url":"https:\/\/www.explora-sicilia.com\/es\/explora\/","og_site_name":"Explora Sicilia Natura &amp; Sport","article_modified_time":"2024-01-31T15:45:57+00:00","og_image":[{"width":960,"height":540,"url":"https:\/\/storage1334.cdn-immedia.net\/wp-content\/uploads\/2023\/02\/Eolie-1-960x540-1.jpg","type":"image\/jpeg"}],"twitter_card":"summary_large_image","twitter_misc":{"Tiempo de lectura":"1 minuto"},"schema":{"@context":"https:\/\/schema.org","@graph":[{"@type":"WebPage","@id":"https:\/\/www.explora-sicilia.com\/es\/explora\/","url":"https:\/\/www.explora-sicilia.com\/es\/explora\/","name":"Touroperador Sicilia Explora Naturaleza y Deporte","isPartOf":{"@id":"https:\/\/www.explora-sicilia.com\/es\/#website"},"primaryImageOfPage":{"@id":"https:\/\/www.explora-sicilia.com\/es\/explora\/#primaryimage"},"image":{"@id":"https:\/\/www.explora-sicilia.com\/es\/explora\/#primaryimage"},"thumbnailUrl":"https:\/\/storage1334.cdn-immedia.net\/wp-content\/uploads\/2023\/02\/Eolie-1-960x540-1.jpg","datePublished":"2023-02-07T15:45:59+00:00","dateModified":"2024-01-31T15:45:57+00:00","description":"Viaja a Sicilia con el touroperador Explora Sicilia Naturaleza y Deporte. Los mejores itinerarios para tus viajes a Sicilia.","breadcrumb":{"@id":"https:\/\/www.explora-sicilia.com\/es\/explora\/#breadcrumb"},"inLanguage":"es","potentialAction":[{"@type":"ReadAction","target":["https:\/\/www.explora-sicilia.com\/es\/explora\/"]}]},{"@type":"ImageObject","inLanguage":"es","@id":"https:\/\/www.explora-sicilia.com\/es\/explora\/#primaryimage","url":"https:\/\/storage1334.cdn-immedia.net\/wp-content\/uploads\/2023\/02\/Eolie-1-960x540-1.jpg","contentUrl":"https:\/\/storage1334.cdn-immedia.net\/wp-content\/uploads\/2023\/02\/Eolie-1-960x540-1.jpg","width":960,"height":540},{"@type":"BreadcrumbList","@id":"https:\/\/www.explora-sicilia.com\/es\/explora\/#breadcrumb","itemListElement":[{"@type":"ListItem","position":1,"name":"Home","item":"https:\/\/www.explora-sicilia.com\/es\/"},{"@type":"ListItem","position":2,"name":"&nbsp;"}]},{"@type":"WebSite","@id":"https:\/\/www.explora-sicilia.com\/es\/#website","url":"https:\/\/www.explora-sicilia.com\/es\/","name":"Explora Sicilia Natura &amp; Sport","description":"","potentialAction":[{"@type":"SearchAction","target":{"@type":"EntryPoint","urlTemplate":"https:\/\/www.explora-sicilia.com\/es\/?s={search_term_string}"},"query-input":{"@type":"PropertyValueSpecification","valueRequired":true,"valueName":"search_term_string"}}],"inLanguage":"es"}]}},"_links":{"self":[{"href":"https:\/\/www.explora-sicilia.com\/es\/wp-json\/wp\/v2\/pages\/5734","targetHints":{"allow":["GET"]}}],"collection":[{"href":"https:\/\/www.explora-sicilia.com\/es\/wp-json\/wp\/v2\/pages"}],"about":[{"href":"https:\/\/www.explora-sicilia.com\/es\/wp-json\/wp\/v2\/types\/page"}],"author":[{"embeddable":true,"href":"https:\/\/www.explora-sicilia.com\/es\/wp-json\/wp\/v2\/users\/1"}],"replies":[{"embeddable":true,"href":"https:\/\/www.explora-sicilia.com\/es\/wp-json\/wp\/v2\/comments?post=5734"}],"version-history":[{"count":8,"href":"https:\/\/www.explora-sicilia.com\/es\/wp-json\/wp\/v2\/pages\/5734\/revisions"}],"predecessor-version":[{"id":6655,"href":"https:\/\/www.explora-sicilia.com\/es\/wp-json\/wp\/v2\/pages\/5734\/revisions\/6655"}],"wp:featuredmedia":[{"embeddable":true,"href":"https:\/\/www.explora-sicilia.com\/es\/wp-json\/wp\/v2\/media\/319"}],"wp:attachment":[{"href":"https:\/\/www.explora-sicilia.com\/es\/wp-json\/wp\/v2\/media?parent=5734"}],"curies":[{"name":"wp","href":"https:\/\/api.w.org\/{rel}","templated":true}]}}