{"id":5715,"date":"2023-02-07T10:55:21","date_gmt":"2023-02-07T09:55:21","guid":{"rendered":"https:\/\/www.explora-sicilia.com\/pagina-di-esempio\/"},"modified":"2024-01-31T17:54:52","modified_gmt":"2024-01-31T16:54:52","slug":"pagina-di-esempio","status":"publish","type":"page","link":"https:\/\/www.explora-sicilia.com\/es\/","title":{"rendered":"Homepage"},"content":{"rendered":"\n<!-- SPACER -->\n<\/div>\n<div   class=\"spacer l-d-spacer bg-white \">\n    &nbsp;<\/div>\n<div class=\"cms-content\">\n<!-- \/\/ SPACER -->\n\n\n<\/div>\n<div class=\"cms-content\">\n\n\n\n<!-- SPACER -->\n\n\n<\/div>\n<div class=\"cms-content\">\n\n\n\n<!-- SPACER -->\n\n\n<\/div>\n<div class=\"im-text-img-var \">\n  <div class=\"im-text-img-var__container container flex flex-row-d flex-column-mt\">\n    <div class=\"im-text-img-var__column im-text-img-var__column-text\">\n      <div class=\"im-text-img-var__text-wrap fade\">\n\t\t        <span class=\"im-text-img-var__over-head over-head\">Agencia de Viajes y Tour Operator<\/span>\n\t\t\n\t\t        <h2 class=\"im-text-img-var__title h2\">Explora Natura &#038; Sport<\/h2>\n\t\t\n\t\t        <div class=\"im-text-img-var__paragraphs\">\n          <p>Agencia de Viajes y Tour Operator especialista en circuitos en Sicilia. Desde hace 15 a\u00f1os, nuestro principal objetivo es realizar el sue\u00f1o de cada viajero y mostrar el encanto de los lugares inolvidables que nuestra isla ofrece. Su naturaleza, a veces madre acogedora a veces diosa impetuosa, y su cultura, rasgo de todas las civilizaciones que cruzaron el Mediterr\u00e1neo, son la base de nuestras rutas.<\/p>\n        <\/div>\n\t\t\n\t\t        <a href=\"https:\/\/www.explora-sicilia.com\/es\/explora\/\" class=\"button primary-button\" title=\"Descubrir m\u00e1s\" target=\"\">Descubrir m\u00e1s<\/a>\n\t\t\n      <\/div>\n    <\/div>\n\n\t\t<div class=\"im-text-img-var__column im-text-img-var__column-media fade min-height\">\n\t\t<picture>\n\t\t\t<source\n\t\t\t\ttype=\"image\/webp\"\n\t\t\t\tsrcset=\"https:\/\/storage1334.cdn-immedia.net\/wp-content\/themes\/explora-sicilia.com\/assets\/img\/spacer\/spacer.png\"\n\t\t\t\tdata-srcset=\"https:\/\/storage1334.cdn-immedia.net\/wp-content\/uploads\/2023\/02\/Siracusa1-960x540-1-800x540.jpg\">\n\t\t\t<img\n\t\t\t\tsrc=\"https:\/\/storage1334.cdn-immedia.net\/wp-content\/themes\/explora-sicilia.com\/assets\/img\/spacer\/spacer.png\"\n\t\t\t\tdata-src=\"https:\/\/storage1334.cdn-immedia.net\/wp-content\/uploads\/2023\/02\/Siracusa1-960x540-1-800x540.jpg\"\n\t\t\t\talt=\"Explora Natura &#038; Sport\"\n\t\t\t\twidth=\"800\" height=\"800\" class=\"lazyload\">\n\t\t<\/picture>\n\t<\/div>\n\t\n  <\/div>\n<\/div>\n\n<div class=\"cms-content\">\n\n\n<!-- SPACER -->\n<\/div>\n<div   class=\"spacer l-margin bg-white \">\n    &nbsp;<\/div>\n<div class=\"cms-content\">\n<!-- \/\/ SPACER -->\n\n\n<\/div>\n<div class=\"title-box bg-white \">\n  <div class=\"title-box__container container text-left\">\n\t\t<div class=\"title-box__wrap\">\n\n\t\t\t<div class=\"title-box__title-row\">\n\t\t\t\t\t\t\t\t<span class=\"title-box__over-head over-head\">Viajes<\/span>\n\t\t\t\t\t\t\t\t\t\t\t\t<h2 class=\"title-box__title h2\">Descubre nuestras propuestas de viaje<\/h2>\n\t\t\t\t\t    <\/div>\n\n\t\t\t\t\t<\/div>\n\n\t\t\t\t<div class=\"title-box__text-wrap\"><p>Los turistas encontrar\u00e1n la f\u00f3rmula que m\u00e1s se adapte a sus necesidades entre nuestros viajes en grupo o en libertad o podr\u00e1n pedir que se les dise\u0148e un itinerario a medida. Adem\u00e1s desde a\u0148os, nuestra agencia se ocupa de la organizaci\u00f3n de viajes tem\u00e1ticos para las escuelas y para estudiantes de cualquier nivel que, a trav\u00e9s de un enfoque por tareas y del aprendizaje activo, desarrollan habilidades y destrezas con experiencias en el terreno.<\/p><\/div>\n\t\t\n  <\/div>\n<\/div>\n<div class=\"cms-content\">\n\n\n\n<!-- SPACER -->\n<\/div>\n<div   class=\"spacer m-margin bg-white \">\n    &nbsp;<\/div>\n<div class=\"cms-content\">\n<!-- \/\/ SPACER -->\n\n\n<\/div>\n<div class=\"cards-text-bg \">\n\t<div class=\"cards-text-bg__container container\">\n\t\t<div class=\"cards-text-bg__wrap-cards flex flex-column\">\n\t\t\t\t\t\t\t\t\t\t\t<\/div>\n\t<\/div>\n<\/div>\n<div class=\"cms-content\">\n\n\n\n<!-- SPACER -->\n<\/div>\n<div   class=\"spacer l-margin bg-white \">\n    &nbsp;<\/div>\n<div class=\"cms-content\">\n<!-- \/\/ SPACER -->\n\n\n<\/div>\n<div class=\"title-box bg-white \">\n  <div class=\"title-box__container small-container text-center\">\n\t\t<div class=\"title-box__wrap\">\n\n\t\t\t<div class=\"title-box__title-row\">\n\t\t\t\t\t\t\t\t<span class=\"title-box__over-head over-head\">Destinos<\/span>\n\t\t\t\t\t\t\t\t\t\t\t\t<h2 class=\"title-box__title h2\">Elija su destino<\/h2>\n\t\t\t\t\t    <\/div>\n\n\t\t\t\t\t<\/div>\n\n\t\t\t\t<div class=\"title-box__text-wrap\"><p>Sicilia es rica en sitios culturales y hermosas reservas, hemos seleccionado algunos para ayudarle a elegir la parte de Sicilia que desea privilegiar en este momento.<\/p><\/div>\n\t\t\n  <\/div>\n<\/div>\n<div class=\"cms-content\">\n\n\n\n<!-- SPACER -->\n<\/div>\n<div   class=\"spacer m-margin bg-white \">\n    &nbsp;<\/div>\n<div class=\"cms-content\">\n<!-- \/\/ SPACER -->\n\n\n<\/div>\n\n\n\t\t\t<div class=\"archive-list  \">\n    \t<div class=\"archive-list__container container\">\n\t\t\t    <ul class=\"box-columns flex flex-wrap\">\n\t\t\t\t\t\t\t\t\t\t\t\t\t<li class=\"col-m-12 col-t-6 col-d-4\">\n\t\t\t\t\t\t\t<a href=\"https:\/\/www.explora-sicilia.com\/es\/destinos\/agrigento-provincia\/\" title=\"Qu\u00e9 ver en Agrigento y su provincia\" class=\"card-text-img swiper-slide\">\n  <div class=\"card-text-img__img-content\">\n        <picture>\n      <source\n        type=\"image\/webp\"\n        media=\"(min-width: 768px)\"\n        srcset=\"https:\/\/storage1334.cdn-immedia.net\/wp-content\/themes\/explora-sicilia.com\/assets\/img\/spacer\/spacer.png\"\n        data-srcset=\"https:\/\/storage1334.cdn-immedia.net\/wp-content\/uploads\/2023\/02\/Agrigento-960x540-1-800x540.jpg\">\n      <img loading=\"lazy\" decoding=\"async\"\n          src=\"https:\/\/storage1334.cdn-immedia.net\/wp-content\/themes\/explora-sicilia.com\/assets\/img\/spacer\/spacer.png\"\n          data-src=\"https:\/\/storage1334.cdn-immedia.net\/wp-content\/uploads\/2023\/02\/Agrigento-960x540-1-800x540.jpg\"\n          alt=\"Qu\u00e9 ver en Agrigento y su provincia\"\n          width=\"500\" height=\"500\" class=\"lazyload\">\n    <\/picture>\n  <\/div>\n\n  <div class=\"card-text-img__text-content \">\n    <h2 class=\"card-text-img__title h3\">Qu\u00e9 ver en Agrigento y su provincia<\/h2>\n  <\/div>\n<\/a>\n\t\t\t\t\t\t\t<\/li>\n\t\t\t\t\t\t\t\t\t\t\t\t\t<li class=\"col-m-12 col-t-6 col-d-4\">\n\t\t\t\t\t\t\t<a href=\"https:\/\/www.explora-sicilia.com\/es\/destinos\/provincia-de-mesina\/\" title=\"Provincia de Mesina\" class=\"card-text-img swiper-slide\">\n  <div class=\"card-text-img__img-content\">\n        <picture>\n      <source\n        type=\"image\/webp\"\n        media=\"(min-width: 768px)\"\n        srcset=\"https:\/\/storage1334.cdn-immedia.net\/wp-content\/themes\/explora-sicilia.com\/assets\/img\/spacer\/spacer.png\"\n        data-srcset=\"https:\/\/storage1334.cdn-immedia.net\/wp-content\/uploads\/2023\/03\/messina_-_duomo1-799x540-1.jpg\">\n      <img loading=\"lazy\" decoding=\"async\"\n          src=\"https:\/\/storage1334.cdn-immedia.net\/wp-content\/themes\/explora-sicilia.com\/assets\/img\/spacer\/spacer.png\"\n          data-src=\"https:\/\/storage1334.cdn-immedia.net\/wp-content\/uploads\/2023\/03\/messina_-_duomo1-799x540-1.jpg\"\n          alt=\"Provincia de Mesina\"\n          width=\"500\" height=\"500\" class=\"lazyload\">\n    <\/picture>\n  <\/div>\n\n  <div class=\"card-text-img__text-content \">\n    <h2 class=\"card-text-img__title h3\">Provincia de Mesina<\/h2>\n  <\/div>\n<\/a>\n\t\t\t\t\t\t\t<\/li>\n\t\t\t\t\t\t\t\t\t\t\t\t\t<li class=\"col-m-12 col-t-6 col-d-4\">\n\t\t\t\t\t\t\t<a href=\"https:\/\/www.explora-sicilia.com\/es\/destinos\/catania\/\" title=\"Qu\u00e9 ver en Catania y su provincia\" class=\"card-text-img swiper-slide\">\n  <div class=\"card-text-img__img-content\">\n        <picture>\n      <source\n        type=\"image\/webp\"\n        media=\"(min-width: 768px)\"\n        srcset=\"https:\/\/storage1334.cdn-immedia.net\/wp-content\/themes\/explora-sicilia.com\/assets\/img\/spacer\/spacer.png\"\n        data-srcset=\"https:\/\/storage1334.cdn-immedia.net\/wp-content\/uploads\/2023\/02\/Catania-960x540-1-800x540.jpg\">\n      <img loading=\"lazy\" decoding=\"async\"\n          src=\"https:\/\/storage1334.cdn-immedia.net\/wp-content\/themes\/explora-sicilia.com\/assets\/img\/spacer\/spacer.png\"\n          data-src=\"https:\/\/storage1334.cdn-immedia.net\/wp-content\/uploads\/2023\/02\/Catania-960x540-1-800x540.jpg\"\n          alt=\"Qu\u00e9 ver en Catania y su provincia\"\n          width=\"500\" height=\"500\" class=\"lazyload\">\n    <\/picture>\n  <\/div>\n\n  <div class=\"card-text-img__text-content \">\n    <h2 class=\"card-text-img__title h3\">Qu\u00e9 ver en Catania y su provincia<\/h2>\n  <\/div>\n<\/a>\n\t\t\t\t\t\t\t<\/li>\n\t\t\t\t\t\t\t\t\t\t\t\t\t<li class=\"col-m-12 col-t-6 col-d-4\">\n\t\t\t\t\t\t\t<a href=\"https:\/\/www.explora-sicilia.com\/es\/destinos\/palermo\/\" title=\"Qu\u00e9 ver en Palermo\" class=\"card-text-img swiper-slide\">\n  <div class=\"card-text-img__img-content\">\n        <picture>\n      <source\n        type=\"image\/webp\"\n        media=\"(min-width: 768px)\"\n        srcset=\"https:\/\/storage1334.cdn-immedia.net\/wp-content\/themes\/explora-sicilia.com\/assets\/img\/spacer\/spacer.png\"\n        data-srcset=\"https:\/\/storage1334.cdn-immedia.net\/wp-content\/uploads\/2023\/02\/Palermo-960x540-1-800x540.jpg\">\n      <img loading=\"lazy\" decoding=\"async\"\n          src=\"https:\/\/storage1334.cdn-immedia.net\/wp-content\/themes\/explora-sicilia.com\/assets\/img\/spacer\/spacer.png\"\n          data-src=\"https:\/\/storage1334.cdn-immedia.net\/wp-content\/uploads\/2023\/02\/Palermo-960x540-1-800x540.jpg\"\n          alt=\"Qu\u00e9 ver en Palermo\"\n          width=\"500\" height=\"500\" class=\"lazyload\">\n    <\/picture>\n  <\/div>\n\n  <div class=\"card-text-img__text-content \">\n    <h2 class=\"card-text-img__title h3\">Qu\u00e9 ver en Palermo<\/h2>\n  <\/div>\n<\/a>\n\t\t\t\t\t\t\t<\/li>\n\t\t\t\t\t\t\t\t\t\t\t\t\t<li class=\"col-m-12 col-t-6 col-d-4\">\n\t\t\t\t\t\t\t<a href=\"https:\/\/www.explora-sicilia.com\/es\/destinos\/enna\/\" title=\"Qu\u00e9 ver en Enna y su provincia y en Piazza Armerina\" class=\"card-text-img swiper-slide\">\n  <div class=\"card-text-img__img-content\">\n        <picture>\n      <source\n        type=\"image\/webp\"\n        media=\"(min-width: 768px)\"\n        srcset=\"https:\/\/storage1334.cdn-immedia.net\/wp-content\/themes\/explora-sicilia.com\/assets\/img\/spacer\/spacer.png\"\n        data-srcset=\"https:\/\/storage1334.cdn-immedia.net\/wp-content\/uploads\/2023\/02\/Piazza-armerina-960x540-1-800x540.jpg\">\n      <img loading=\"lazy\" decoding=\"async\"\n          src=\"https:\/\/storage1334.cdn-immedia.net\/wp-content\/themes\/explora-sicilia.com\/assets\/img\/spacer\/spacer.png\"\n          data-src=\"https:\/\/storage1334.cdn-immedia.net\/wp-content\/uploads\/2023\/02\/Piazza-armerina-960x540-1-800x540.jpg\"\n          alt=\"Qu\u00e9 ver en Enna y su provincia y en Piazza Armerina\"\n          width=\"500\" height=\"500\" class=\"lazyload\">\n    <\/picture>\n  <\/div>\n\n  <div class=\"card-text-img__text-content \">\n    <h2 class=\"card-text-img__title h3\">Qu\u00e9 ver en Enna y su provincia y en Piazza Armerina<\/h2>\n  <\/div>\n<\/a>\n\t\t\t\t\t\t\t<\/li>\n\t\t\t\t\t\t\t\t\t\t\t\t\t<li class=\"col-m-12 col-t-6 col-d-4\">\n\t\t\t\t\t\t\t<a href=\"https:\/\/www.explora-sicilia.com\/es\/destinos\/ragusa\/\" title=\"Qu\u00e9 ver en Ragusa y su provincia\" class=\"card-text-img swiper-slide\">\n  <div class=\"card-text-img__img-content\">\n        <picture>\n      <source\n        type=\"image\/webp\"\n        media=\"(min-width: 768px)\"\n        srcset=\"https:\/\/storage1334.cdn-immedia.net\/wp-content\/themes\/explora-sicilia.com\/assets\/img\/spacer\/spacer.png\"\n        data-srcset=\"https:\/\/storage1334.cdn-immedia.net\/wp-content\/uploads\/2023\/02\/Ragusa-31-960x540-1-800x540.jpg\">\n      <img loading=\"lazy\" decoding=\"async\"\n          src=\"https:\/\/storage1334.cdn-immedia.net\/wp-content\/themes\/explora-sicilia.com\/assets\/img\/spacer\/spacer.png\"\n          data-src=\"https:\/\/storage1334.cdn-immedia.net\/wp-content\/uploads\/2023\/02\/Ragusa-31-960x540-1-800x540.jpg\"\n          alt=\"Qu\u00e9 ver en Ragusa y su provincia\"\n          width=\"500\" height=\"500\" class=\"lazyload\">\n    <\/picture>\n  <\/div>\n\n  <div class=\"card-text-img__text-content \">\n    <h2 class=\"card-text-img__title h3\">Qu\u00e9 ver en Ragusa y su provincia<\/h2>\n  <\/div>\n<\/a>\n\t\t\t\t\t\t\t<\/li>\n\t\t\t\t\t\t\t\t\t    <\/ul>\n\t\t\t\t\t\t\t\t\t\t<a href=\"https:\/\/www.explora-sicilia.com\/es\/destinos\/\" class=\"archive-list__button button primary-button\" title=\"M\u00e1s informaci\u00f3n\" target=\"\">M\u00e1s informaci\u00f3n<\/a>\n\t\t\t\t\t\t\t\t<\/div>\n\t\t<\/div>\n\t\n<div class=\"cms-content\">\n\n\n\n<!-- SPACER -->\n<\/div>\n<div   class=\"spacer l-margin bg-white \">\n    &nbsp;<\/div>\n<div class=\"cms-content\">\n<!-- \/\/ SPACER -->\n\n\n<\/div>\n\t\t\t<div class=\"title-box\">\n    \t\t<div class=\"title-box__container container text-left\">\n      \t\t\t<div class=\"title-box__wrap\">\n\t\t\t\t  \t        \t\t\t<div class=\"title-box__title-row\">\n          \t\t\t\t<span class=\"title-box__over-head over-head\">En primera plana<\/span>\n          \t\t\t\t<h2 class=\"title-box__title h2\">Diario de viaje<\/h2>\n        \t\t\t<\/div>\n\t\t\t\t\t\t\t\t\t\t        \t\t\t<div class=\"title-box__cta-wrap \">\n          \t\t\t\t<a href=\"https:\/\/www.explora-sicilia.com\/es\/noticias\/\" title=\"Todas las noticias\" class=\"title-box__link\" target=\"\"><span class=\"text-link\">Todas las noticias<\/span> \n\t\t\t\t\t\t\t<span class=\"svg-wrap\">\n              \t\t\t\t\t<svg xmlns=\"http:\/\/www.w3.org\/2000\/svg\" xmlns:xlink=\"http:\/\/www.w3.org\/1999\/xlink\"\n                \t\t\t\tshape-rendering=\"geometricPrecision\" class=\"icon\">\n                \t\t\t\t<use xlink:href=\"https:\/\/www.explora-sicilia.com\/wp-content\/themes\/explora-sicilia.com\/assets\/build\/spritemap.svg#ico_arrow-next\"><\/use>\n              \t\t\t\t\t<\/svg>\n            \t\t\t\t<\/span>\n          \t\t\t\t<\/a>\n        \t\t\t<\/div>\n\t\t\t\t\t      \t\t\t<\/div>\n    \t\t<\/div>\n  \t\t<\/div>\n  \t\t<div class=\"spacer s-margin\">&nbsp;<\/div>\n\n\t\t\t\t\t\t\t\n\t\t    <div class=\"featured-news \">\n\t\t\t\t<div class=\"featured-news__container container\">\n\t\t\t\t\t<div class=\"featured-news__wrap-news flex flex-wrap\">\n\t\t\t\t\t\t<div class=\"featured-news__first-col col-12\">\n\t\t\t\t\t\t\t  <a href=\"https:\/\/www.explora-sicilia.com\/es\/palermo-cultural-y-escondida-fastos-y-misterios\/\" title=\"Palermo cultural y escondida: fastos y misterios\" class=\"card-text-on-bg\">\n    <div class=\"card-text-on-bg__img-content\">\n            <picture>\n        <source\n            type=\"image\/webp\"\n            media=\"(min-width: 768px)\"\n            srcset=\"https:\/\/storage1334.cdn-immedia.net\/wp-content\/themes\/explora-sicilia.com\/assets\/img\/spacer\/spacer.png\"\n            data-srcset=\"https:\/\/storage1334.cdn-immedia.net\/wp-content\/uploads\/2023\/03\/Palermo-Palazzo-Zingone-Trabia-1200x600.jpeg\">\n        <source\n            media=\"(min-width: 768px)\"\n            srcset=\"https:\/\/storage1334.cdn-immedia.net\/wp-content\/themes\/explora-sicilia.com\/assets\/img\/spacer\/spacer.png\"\n            data-srcset=\"https:\/\/storage1334.cdn-immedia.net\/wp-content\/uploads\/2023\/03\/Palermo-Palazzo-Zingone-Trabia-1200x600.jpeg\">\n        <source\n            type=\"image\/webp\"\n            srcset=\"https:\/\/storage1334.cdn-immedia.net\/wp-content\/themes\/explora-sicilia.com\/assets\/img\/spacer\/spacer.png\"\n            data-srcset=\"https:\/\/storage1334.cdn-immedia.net\/wp-content\/uploads\/2023\/03\/Palermo-Palazzo-Zingone-Trabia-700x500.jpeg\">\n        <img loading=\"lazy\" decoding=\"async\"\n            src=\"https:\/\/storage1334.cdn-immedia.net\/wp-content\/themes\/explora-sicilia.com\/assets\/img\/spacer\/spacer.png\"\n            data-src=\"https:\/\/storage1334.cdn-immedia.net\/wp-content\/uploads\/2023\/03\/Palermo-Palazzo-Zingone-Trabia-700x500.jpeg\"\n            alt=\"Palermo cultural y escondida: fastos y misterios\"\n            width=\"700\" height=\"500\" class=\"lazyload\">\n      <\/picture>\n    <\/div>\n    <div class=\"card-text-on-bg__text-content\">\n      <div class=\"card-text-on-bg__title-wrap\">\n        <span class=\"card-text-on-bg__over-head over-head text-white\">Sin categorizar<\/span>\n        <h2 class=\"card-text-on-bg__title h2\">Palermo cultural y escondida: fastos y misterios<\/h2>\n        <span class=\"card-text-on-bg__date\">26 de junio de 2017<\/span>\n      <\/div>\n      <div class=\"card-text-on-bg__button-wrap\">\n        <span class=\"card-text-on-bg__button button\">Lea el art\u00edculo<\/span>\n      <\/div>\n    <\/div>\n  <\/a>\n  \t\t\t\t\t\t<\/div>\n\t\t\t\t\t<\/div>\n\t\t\t\t<\/div>\n\t\t\t<\/div>\n\t\t\t\t\n\t\t\t<div class=\"spacer s-margin\">&nbsp;<\/div>\n\n\t\t\t<div class=\"slider-news \">\n\t\t\t  <div class=\"slider-news__container container\">\n\t\t\t    <div class=\"slider-news__wrap\">\n\t\t\t      <div class=\"swiper-container\">\n\t\t\t        <div class=\"swiper-wrapper\">\n\t\t\t\t\t\t\t\t\t\t\t\t\t\t\t\t\t\t\t\t          \t\t\t        <\/div>\n\t\t\t\t\t\t\t<div class=\"swiper-button-prev\">\n\t        \t\t\t<svg xmlns=\"http:\/\/www.w3.org\/2000\/svg\" xmlns:xlink=\"http:\/\/www.w3.org\/1999\/xlink\" shape-rendering=\"geometricPrecision\" class=\"icon-prev\">\n\t          \t\t\t\t<use xlink:href=\"https:\/\/www.explora-sicilia.com\/wp-content\/themes\/explora-sicilia.com\/assets\/build\/spritemap.svg#ico_prev\"><\/use>\n\t        \t\t\t<\/svg>\n\t      \t\t\t<\/div>\n\t      \t\t\t<div class=\"swiper-button-next\">\n\t        \t\t\t<svg xmlns=\"http:\/\/www.w3.org\/2000\/svg\" xmlns:xlink=\"http:\/\/www.w3.org\/1999\/xlink\" shape-rendering=\"geometricPrecision\" class=\"icon-next\">\n\t          \t\t\t\t<use xlink:href=\"https:\/\/www.explora-sicilia.com\/wp-content\/themes\/explora-sicilia.com\/assets\/build\/spritemap.svg#ico_next\"><\/use>\n\t        \t\t\t<\/svg>\n\t      \t\t\t<\/div>\n\t\t\t      <\/div>\n\t\t\t      <div class=\"swiper-pagination bullets\"><\/div>\n\t\t\t    <\/div>\n\t\t\t  <\/div>\n\t\t\t<\/div>\n\t\n<div class=\"cms-content\">\n\n\n<\/div>\n\n<div class=\"im-text-on-bg bg-light bg-image \">\n  <div class=\"im-text-on-bg__container\">\n    <div class=\"im-text-on-bg__text container min-height\">\n      <div class=\"im-text-on-bg__text-wrap flex flex-column fade text-center\">\n\n\t\t\t\t<div class=\"im-text-on-bg__title-wrap\">\n\t\t\t\t\t\t\t\t\t\t<span class=\"im-text-on-bg__over-head over-head\">Newsletter<\/span>\n\t\t\t\t\t\n\t\t\t\t\t\t\t\t\t\t<h2 class=\"im-text-on-bg__title h2\">Mant\u00e9ngase al d\u00eda con las noticias<\/h2>\n\t\t\t\t\t\t\t\t\t<\/div>\n\n\t\t\t\t\n\t\t\t\t\n\t\t\t\t\t\t    <a href=\"https:\/\/www.explora-sicilia.com\/es\/newsletter\/\" title=\"Suscribirse al bolet\u00edn de noticias\" class=\"im-text-on-bg__button button\">Suscribirse al bolet\u00edn de noticias<\/a>\n\t\t\t\t\n      <\/div>\n    <\/div>\n\t\t    <div class=\"im-text-on-bg__bg-img\">\n\t\t\t\t\t\t<picture>\n\t\t\t\t<source\n\t\t\t\t\ttype=\"image\/webp\"\n\t\t\t\t\tmedia=\"(min-width: 768px)\"\n\t\t\t\t\tsrcset=\"https:\/\/storage1334.cdn-immedia.net\/wp-content\/themes\/explora-sicilia.com\/assets\/img\/spacer\/spacer.png\"\n\t\t\t\t\tdata-srcset=\"https:\/\/storage1334.cdn-immedia.net\/wp-content\/uploads\/2016\/08\/Stromboli-37-e1438678555910-1-1-1920x1080.jpeg\">\n\t\t\t\t<source\n\t\t\t\t\tmedia=\"(min-width: 768px)\"\n\t\t\t\t\tsrcset=\"https:\/\/storage1334.cdn-immedia.net\/wp-content\/themes\/explora-sicilia.com\/assets\/img\/spacer\/spacer.png\"\n\t\t\t\t\tdata-srcset=\"https:\/\/storage1334.cdn-immedia.net\/wp-content\/uploads\/2016\/08\/Stromboli-37-e1438678555910-1-1-1920x1080.jpeg\">\n\t\t\t\t<source\n\t\t\t\t\ttype=\"image\/webp\"\n\t\t\t\t\tsrcset=\"https:\/\/storage1334.cdn-immedia.net\/wp-content\/themes\/explora-sicilia.com\/assets\/img\/spacer\/spacer.png\"\n\t\t\t\t\tdata-srcset=\"https:\/\/storage1334.cdn-immedia.net\/wp-content\/uploads\/2016\/08\/Stromboli-37-e1438678555910-1-1-800x800.jpeg\">\n\t\t\t\t<img\n\t\t\t\t\tsrc=\"https:\/\/storage1334.cdn-immedia.net\/wp-content\/themes\/explora-sicilia.com\/assets\/img\/spacer\/spacer.png\"\n\t\t\t\t\tdata-src=\"https:\/\/storage1334.cdn-immedia.net\/wp-content\/uploads\/2016\/08\/Stromboli-37-e1438678555910-1-1-800x800.jpeg\"\n\t\t\t\t\talt=\"Mant\u00e9ngase al d\u00eda con las noticias\"\n\t\t\t\t\twidth=\"800\" height=\"800\" class=\"lazyload\">\n\t\t\t<\/picture>\n    <\/div>\n\t\t  <\/div>\n<\/div>\n\n\n<div class=\"cms-content\">\n","protected":false},"excerpt":{"rendered":"","protected":false},"author":1,"featured_media":0,"parent":0,"menu_order":6,"comment_status":"closed","ping_status":"closed","template":"","meta":{"_acf_changed":false,"footnotes":""},"class_list":["post-5715","page","type-page","status-publish","hentry"],"acf":[],"yoast_head":"<!-- This site is optimized with the Yoast SEO plugin v27.3 - https:\/\/yoast.com\/product\/yoast-seo-wordpress\/ -->\n<title>Explora - Natura &amp; Sport<\/title>\n<meta name=\"description\" content=\"Explora - Natura &amp; Sport\" \/>\n<meta name=\"robots\" content=\"index, follow, max-snippet:-1, max-image-preview:large, max-video-preview:-1\" \/>\n<link rel=\"canonical\" href=\"https:\/\/www.explora-sicilia.com\/es\/\" \/>\n<meta property=\"og:locale\" content=\"es_ES\" \/>\n<meta property=\"og:type\" content=\"article\" \/>\n<meta property=\"og:title\" content=\"Explora - Natura &amp; Sport\" \/>\n<meta property=\"og:description\" content=\"Explora - Natura &amp; Sport\" \/>\n<meta property=\"og:url\" content=\"https:\/\/www.explora-sicilia.com\/es\/\" \/>\n<meta property=\"og:site_name\" content=\"Explora Sicilia Natura &amp; Sport\" \/>\n<meta property=\"article:modified_time\" content=\"2024-01-31T16:54:52+00:00\" \/>\n<meta property=\"og:image\" content=\"https:\/\/storage1334.cdn-immedia.net\/wp-content\/uploads\/2024\/01\/og-explora.jpg\" \/>\n\t<meta property=\"og:image:width\" content=\"1200\" \/>\n\t<meta property=\"og:image:height\" content=\"628\" \/>\n\t<meta property=\"og:image:type\" content=\"image\/jpeg\" \/>\n<meta name=\"twitter:card\" content=\"summary_large_image\" \/>\n<script type=\"application\/ld+json\" class=\"yoast-schema-graph\">{\"@context\":\"https:\\\/\\\/schema.org\",\"@graph\":[{\"@type\":\"WebPage\",\"@id\":\"https:\\\/\\\/www.explora-sicilia.com\\\/es\\\/\",\"url\":\"https:\\\/\\\/www.explora-sicilia.com\\\/es\\\/\",\"name\":\"Explora - Natura & Sport\",\"isPartOf\":{\"@id\":\"https:\\\/\\\/www.explora-sicilia.com\\\/es\\\/#website\"},\"datePublished\":\"2023-02-07T09:55:21+00:00\",\"dateModified\":\"2024-01-31T16:54:52+00:00\",\"description\":\"Explora - Natura & Sport\",\"breadcrumb\":{\"@id\":\"https:\\\/\\\/www.explora-sicilia.com\\\/es\\\/#breadcrumb\"},\"inLanguage\":\"es\",\"potentialAction\":[{\"@type\":\"ReadAction\",\"target\":[\"https:\\\/\\\/www.explora-sicilia.com\\\/es\\\/\"]}]},{\"@type\":\"BreadcrumbList\",\"@id\":\"https:\\\/\\\/www.explora-sicilia.com\\\/es\\\/#breadcrumb\",\"itemListElement\":[{\"@type\":\"ListItem\",\"position\":1,\"name\":\"Home\",\"item\":\"https:\\\/\\\/www.explora-sicilia.com\\\/es\\\/\"},{\"@type\":\"ListItem\",\"position\":2,\"name\":\"&nbsp;\"}]},{\"@type\":\"WebSite\",\"@id\":\"https:\\\/\\\/www.explora-sicilia.com\\\/es\\\/#website\",\"url\":\"https:\\\/\\\/www.explora-sicilia.com\\\/es\\\/\",\"name\":\"Explora Sicilia Natura &amp; Sport\",\"description\":\"\",\"potentialAction\":[{\"@type\":\"SearchAction\",\"target\":{\"@type\":\"EntryPoint\",\"urlTemplate\":\"https:\\\/\\\/www.explora-sicilia.com\\\/es\\\/?s={search_term_string}\"},\"query-input\":{\"@type\":\"PropertyValueSpecification\",\"valueRequired\":true,\"valueName\":\"search_term_string\"}}],\"inLanguage\":\"es\"}]}<\/script>\n<!-- \/ Yoast SEO plugin. -->","yoast_head_json":{"title":"Explora - Natura & Sport","description":"Explora - Natura & Sport","robots":{"index":"index","follow":"follow","max-snippet":"max-snippet:-1","max-image-preview":"max-image-preview:large","max-video-preview":"max-video-preview:-1"},"canonical":"https:\/\/www.explora-sicilia.com\/es\/","og_locale":"es_ES","og_type":"article","og_title":"Explora - Natura & Sport","og_description":"Explora - Natura & Sport","og_url":"https:\/\/www.explora-sicilia.com\/es\/","og_site_name":"Explora Sicilia Natura &amp; Sport","article_modified_time":"2024-01-31T16:54:52+00:00","og_image":[{"width":1200,"height":628,"url":"https:\/\/storage1334.cdn-immedia.net\/wp-content\/uploads\/2024\/01\/og-explora.jpg","type":"image\/jpeg"}],"twitter_card":"summary_large_image","schema":{"@context":"https:\/\/schema.org","@graph":[{"@type":"WebPage","@id":"https:\/\/www.explora-sicilia.com\/es\/","url":"https:\/\/www.explora-sicilia.com\/es\/","name":"Explora - Natura & Sport","isPartOf":{"@id":"https:\/\/www.explora-sicilia.com\/es\/#website"},"datePublished":"2023-02-07T09:55:21+00:00","dateModified":"2024-01-31T16:54:52+00:00","description":"Explora - Natura & Sport","breadcrumb":{"@id":"https:\/\/www.explora-sicilia.com\/es\/#breadcrumb"},"inLanguage":"es","potentialAction":[{"@type":"ReadAction","target":["https:\/\/www.explora-sicilia.com\/es\/"]}]},{"@type":"BreadcrumbList","@id":"https:\/\/www.explora-sicilia.com\/es\/#breadcrumb","itemListElement":[{"@type":"ListItem","position":1,"name":"Home","item":"https:\/\/www.explora-sicilia.com\/es\/"},{"@type":"ListItem","position":2,"name":"&nbsp;"}]},{"@type":"WebSite","@id":"https:\/\/www.explora-sicilia.com\/es\/#website","url":"https:\/\/www.explora-sicilia.com\/es\/","name":"Explora Sicilia Natura &amp; Sport","description":"","potentialAction":[{"@type":"SearchAction","target":{"@type":"EntryPoint","urlTemplate":"https:\/\/www.explora-sicilia.com\/es\/?s={search_term_string}"},"query-input":{"@type":"PropertyValueSpecification","valueRequired":true,"valueName":"search_term_string"}}],"inLanguage":"es"}]}},"_links":{"self":[{"href":"https:\/\/www.explora-sicilia.com\/es\/wp-json\/wp\/v2\/pages\/5715","targetHints":{"allow":["GET"]}}],"collection":[{"href":"https:\/\/www.explora-sicilia.com\/es\/wp-json\/wp\/v2\/pages"}],"about":[{"href":"https:\/\/www.explora-sicilia.com\/es\/wp-json\/wp\/v2\/types\/page"}],"author":[{"embeddable":true,"href":"https:\/\/www.explora-sicilia.com\/es\/wp-json\/wp\/v2\/users\/1"}],"replies":[{"embeddable":true,"href":"https:\/\/www.explora-sicilia.com\/es\/wp-json\/wp\/v2\/comments?post=5715"}],"version-history":[{"count":35,"href":"https:\/\/www.explora-sicilia.com\/es\/wp-json\/wp\/v2\/pages\/5715\/revisions"}],"predecessor-version":[{"id":6651,"href":"https:\/\/www.explora-sicilia.com\/es\/wp-json\/wp\/v2\/pages\/5715\/revisions\/6651"}],"wp:attachment":[{"href":"https:\/\/www.explora-sicilia.com\/es\/wp-json\/wp\/v2\/media?parent=5715"}],"curies":[{"name":"wp","href":"https:\/\/api.w.org\/{rel}","templated":true}]}}